{"id":821,"date":"2016-08-22T16:14:39","date_gmt":"2016-08-22T14:14:39","guid":{"rendered":"http:\/\/turismo.cm-santiagocacem.pt\/?page_id=821&#038;lang=en"},"modified":"2022-05-18T18:11:06","modified_gmt":"2022-05-18T16:11:06","slug":"accommodation-santo-andre","status":"publish","type":"page","link":"https:\/\/turismo.cm-santiagocacem.pt\/en\/accommodation-santo-andre\/","title":{"rendered":"Accommodation: Santo Andr\u00e9"},"content":{"rendered":"<div id=\"accordion-1\" class=\"accordion no-js\"><br \/>\n\n        <h3 class=\"accordion-title\">\n            <button id=\"accordion-1-t1\" class=\"js-accordion-controller\" aria-controls=\"accordion-1-c1\" aria-expanded=\"false\" >\n                Hotel Establishments - Hotel            <\/button>\n        <\/h3>\n\n        <div id=\"accordion-1-c1\" class=\"accordion-content\" aria-hidden=\"true\">\n            <\/p>\n<h4>Hotel Vila Park****<br \/>\n(Hotel)<\/h4>\n<p><strong>Person in Charge:<\/strong> Avelino de Sousa<br \/>\n<strong>Capacity:<\/strong> 79 rooms<\/p>\n<p><i class=\"fa fa-map-signs \" ><\/i> Avenida de Sines, Apartado 146, 7500-909 Vila Nova de Santo Andr\u00e9<br \/>\n<i class=\"fa fa-phone \" ><\/i> 269 750 100<br \/>\n<i class=\"fa fa-fax \" ><\/i> 269 750 119<br \/>\n<i class=\"fa fa-envelope-o \" ><\/i> <a href=\"mailto:info@vilapark.com\">info@vilapark.com<\/a><br \/>\n<i class=\"fa fa-globe \" ><\/i> <a href=\"http:\/\/www.vilapark.com\" target=\"_blank\" rel=\"noopener noreferrer\">www.vilapark.com<\/a><\/p>\n<p>        <\/div>\n\n        <\/p>\n<p>\n        <h3 class=\"accordion-title\">\n            <button id=\"accordion-1-t2\" class=\"js-accordion-controller\" aria-controls=\"accordion-1-c2\" aria-expanded=\"false\" >\n                Hotel Establishments - Hotel Apartment            <\/button>\n        <\/h3>\n\n        <div id=\"accordion-1-c2\" class=\"accordion-content\" aria-hidden=\"true\">\n            <\/p>\n<h4>Hotel Apartamento Al Tarik***<\/h4>\n<p><strong>Capacity:<\/strong> 15 apartments<\/p>\n<p><i class=\"fa fa-map-signs \" ><\/i> Condom\u00ednio Tur\u00edstico Dhanani, Lagoa de Santo Andr\u00e9, Apartado 210,\u00a07500-999 Vila Nova de Santo Andr\u00e9<br \/>\n<i class=\"fa fa-phone \" ><\/i> 269 708 600<br \/>\n<i class=\"fa fa-fax \" ><\/i> 269 708 619<br \/>\n<i class=\"fa fa-envelope-o \" ><\/i> <a href=\"mailto:altarik@hotelaltarik.com\" target=\"_blank\" rel=\"noopener noreferrer\">altarik@hotelaltarik.com<\/a><br \/>\n<i class=\"fa fa-globe \" ><\/i> <a href=\"http:\/\/www.hotelaltarik.com\" target=\"_blank\" rel=\"noopener noreferrer\">www.hotelaltarik.com<\/a><\/p>\n<p>        <\/div>\n\n        <\/p>\n<p>\n        <h3 class=\"accordion-title\">\n            <button id=\"accordion-1-t3\" class=\"js-accordion-controller\" aria-controls=\"accordion-1-c3\" aria-expanded=\"false\" >\n                Rural tourism facilities - Rural Hotel - Cottage            <\/button>\n        <\/h3>\n\n        <div id=\"accordion-1-c3\" class=\"accordion-content\" aria-hidden=\"true\">\n            <\/p>\n<h4>Hotel Rural Monte da Lez\u00edria***<\/h4>\n<p><strong>Capacity:<\/strong> 28 rooms<\/p>\n<p><i class=\"fa fa-map-signs \" ><\/i> Estrada Municipal 1087, 7500-120 VILA NOVA DE SANTO ANDR\u00c9<br \/>\n<i class=\"fa fa-phone \" ><\/i> 269 084 935<br \/>\n<i class=\"fa fa-fax \" ><\/i> 269 084 877<br \/>\n<i class=\"fa fa-mobile \" ><\/i> 934 744 700<br \/>\n<i class=\"fa fa-envelope-o \" ><\/i> <a href=\"mailto:mail@montedaleziria.com\" target=\"_blank\" rel=\"noopener noreferrer\">mail@montedaleziria.com<\/a><br \/>\n<i class=\"fa fa-globe \" ><\/i> <a href=\"http:\/\/www.montedaleziria.com\" target=\"_blank\" rel=\"noopener noreferrer\">www.montedaleziria.com<\/a><\/p>\n<h4><strong>Vegans By The Sea &#8211; Country Houses\u00a0<\/strong><\/h4>\n<p><strong>Person in Charge:<\/strong> Alda Porf\u00edrio<br \/>\n<strong style=\"font-size: inherit;\">Capacity:<\/strong><span style=\"font-size: inherit;\"> 2 rooms (4 beds)<\/span><\/p>\n<p><i class=\"fa fa-map-signs \" ><\/i> Chaparralinho, Caixa Postal 1847, Brescos 7500-014 Vila Nova de Santo Andr\u00e9<br \/>\n<span style=\"font-size: inherit;\"><i class=\"fa fa-mobile \" ><\/i> <\/span><span style=\"font-size: inherit;\">925 682 480<br \/>\n<\/span><span style=\"font-size: inherit;\"><i class=\"fa fa-envelope-o \" ><\/i> <\/span><a href=\"mailto:everythingsvegan.lda@gmail.com\">everythingsvegan.lda@gmail.com<\/a><\/p>\n<p>        <\/div>\n\n        <\/p>\n<p>\n        <h3 class=\"accordion-title\">\n            <button id=\"accordion-1-t4\" class=\"js-accordion-controller\" aria-controls=\"accordion-1-c4\" aria-expanded=\"false\" >\n                Tourist Facilities - Local Accommodation            <\/button>\n        <\/h3>\n\n        <div id=\"accordion-1-c4\" class=\"accordion-content\" aria-hidden=\"true\">\n            <\/p>\n<h4><strong>A29\u00a0<\/strong><\/h4>\n<p><strong>Person in Charge: <\/strong>Edison Alberto Sanches Angulo<br \/>\n<strong style=\"font-size: inherit;\">Capacity:<\/strong><span style=\"font-size: inherit;\"> 11 pessoas \/ 3 quartos (5 camas)<\/span><\/p>\n<p><i class=\"fa fa-map-signs \" ><\/i> Monte da Leziria, n\u00ba29, Aldeia de Santo Andr\u00e9, 7540-011 Vila Nova de Santo Andr\u00e9<br \/>\n<span style=\"font-size: inherit;\"><i class=\"fa fa-mobile \" ><\/i> <\/span><span style=\"font-size: inherit;\">916539109<br \/>\n<\/span><span style=\"font-size: inherit;\"><i class=\"fa fa-envelope-o \" ><\/i> <\/span><a style=\"font-size: inherit;\" href=\"mailto:easapt@hotmail.com\">easapt@hotmail.com<\/a><\/p>\n<h4>Al Tarik AL<\/h4>\n<p><strong>Capacity:<\/strong> 15 apartments<\/p>\n<p><i class=\"fa fa-map-signs \" ><\/i> Condom\u00ednio Tur\u00edstico Dhanani, Lagoa de Santo Andr\u00e9, Apartado 210,\u00a07500-999 Vila Nova de Santo Andr\u00e9<br \/>\n<i class=\"fa fa-phone \" ><\/i> 269 708 600<br \/>\n<i class=\"fa fa-fax \" ><\/i> 269 708 619<br \/>\n<i class=\"fa fa-envelope-o \" ><\/i> <a href=\"mailto:altarik@hotelaltarik.com\" target=\"_blank\" rel=\"noopener noreferrer\">altarik@hotelaltarik.com<\/a><br \/>\n<i class=\"fa fa-globe \" ><\/i> <a href=\"http:\/\/www.hotelaltarik.com\" target=\"_blank\" rel=\"noopener noreferrer\">www.hotelaltarik.com<\/a><\/p>\n<h4>A Fragateira<\/h4>\n<p><strong>Person in Charge:<\/strong> Jo\u00e3o Lu\u00eds Ramos Palmela Serpa Cabacinha<br \/>\n<strong>Capacity:<\/strong> 9 beds<\/p>\n<p><i class=\"fa fa-map-signs \" ><\/i> Zona Lagoa de Santo Andr\u00e9, 7500 &#8211; 016 Vila Nova de Santo Andr\u00e9<br \/>\n<i class=\"fa fa-mobile \" ><\/i> 965 089 502<br \/>\n<i class=\"fa fa-phone \" ><\/i> 269 749 260<br \/>\n<i class=\"fa fa-envelope-o \" ><\/i> <a href=\"mailto:joaocabacinha@hotmail.com\" target=\"_blank\" rel=\"noopener noreferrer\">joaocabacinha@hotmail.com<\/a><\/p>\n<h4>Ant\u00f3nio Serrinha<\/h4>\n<p><strong>Person in Charge:<\/strong> Ant\u00f3nio Francisco Louren\u00e7o Serrinha<br \/>\n<strong>Capacity:<\/strong> 4 beds<\/p>\n<p><i class=\"fa fa-map-signs \" ><\/i> Loteamento Municipal, lote 129, 7500 &#8211; 024 Lagoa de Santo Andr\u00e9<br \/>\n<i class=\"fa fa-mobile \" ><\/i> 962 400 995<br \/>\n<i class=\"fa fa-phone \" ><\/i> 269 749 534<\/p>\n<h4>Apartamento Vila Nova<\/h4>\n<p><strong>Person in Charge:<\/strong>Giselia Maria Lampreia Pascoal<br \/>\n<strong>Capacity:<\/strong>\u00a03 bedrooms (7 people)<\/p>\n<p><i class=\"fa fa-map-signs fa- \"><\/i>\u00a0Passeio das Barcas, Bloco B, 1.\u00ba Esquerdo,\u00a07500-170 Vila Nova de Santo Andr\u00e9<br \/>\n<i class=\"fa fa-mobile fa- \"><\/i>\u00a0961 624 974<br \/>\n<i class=\"fa fa-envelope-o fa- \"><\/i><a href=\"mailto:gipascoal28@gmail.com\">\u00a0gipascoal28@gmail.com<\/a><\/p>\n<h4><strong>Black Pig \u2013 Alojamento Casa Altinha<\/strong><\/h4>\n<p><strong>Person in Charge:<\/strong>Miguel \u00c2ngelo Pereira Nunes<br \/>\n<strong>Capacity:\u00a0<\/strong>4 people (2 beds)<\/p>\n<p><i class=\"fa fa-map-signs fa- \"><\/i>\u00a0Casa Altinha de Cima, 7500-011 Vila Nova de Santo Andr\u00e9<br \/>\n<i class=\"fa fa-mobile fa- \"><\/i>\u00a0\u00a0926 752 603<\/p>\n<p><i class=\"fa fa-envelope-o fa- \"><\/i>\u00a0<u><a href=\"mailto:miguelangelopnunes@gmail.com\">miguelangelopnunes@gmail.com<\/a><\/u><\/p>\n<h4>Casas da Lagoa<\/h4>\n<p><strong>Person in Charge:<\/strong> Ant\u00f3nio Gon\u00e7alves<br \/>\n<strong>Capacity:\u00a0<\/strong>4 beds<\/p>\n<p><i class=\"fa fa-map-signs \" ><\/i> Rua da Lagoa de Santo Andr\u00e9\u00a07500-024\u00a0 Lagoa de Santo Andr\u00e9<br \/>\n<i class=\"fa fa-mobile \" ><\/i> 963\u00a0311 780<br \/>\n<i class=\"fa fa-phone \" ><\/i> 269 749 898<br \/>\n<i class=\"fa fa-envelope-o \" ><\/i> <a href=\"mailto:mariajoserosagoncalves@gmail.com\" target=\"_blank\" rel=\"noopener noreferrer\">mariajoserosagoncalves@gmail.com<\/a><\/p>\n<h4>Casas da Lagoa<\/h4>\n<p><strong>Person in Charge:<\/strong> Ant\u00f3nio Gon\u00e7alves<br \/>\n<strong>Capacity:\u00a0<\/strong>2 beds<\/p>\n<p><i class=\"fa fa-map-signs \" ><\/i> Estrada Municipal &#8211; Vivenda Gon\u00e7alves &#8211; Brescos,\u00a07500-014 Brescos<br \/>\n<i class=\"fa fa-mobile \" ><\/i> 963\u00a0311 780<br \/>\n<i class=\"fa fa-phone \" ><\/i> 269 749 898<br \/>\n<i class=\"fa fa-envelope-o \" ><\/i> <a href=\"mailto:mariajoserosagoncalves@gmail.com\" target=\"_blank\" rel=\"noopener noreferrer\">mariajoserosagoncalves@gmail.com<\/a><\/p>\n<h4>Casas da Lagoa<\/h4>\n<p><strong>Person in Charge:<\/strong> Ant\u00f3nio Gon\u00e7alves<br \/>\n<strong>Capacity:\u00a0<\/strong>2 beds<\/p>\n<p><i class=\"fa fa-map-signs \" ><\/i> Estrada Municipal &#8211;\u00a0Boavista de\u00a0Brescos\u00a07500-014 Brescos<br \/>\n<i class=\"fa fa-mobile \" ><\/i> 963\u00a0311 780 <i class=\"fa fa-phone \" ><\/i> 269 749 898<br \/>\n<i class=\"fa fa-envelope-o \" ><\/i> <a href=\"mailto:mariajoserosagoncalves@gmail.com\" target=\"_blank\" rel=\"noopener noreferrer\">mariajoserosagoncalves@gmail.com<\/a><\/p>\n<h4>Casa dos Pinheiros<\/h4>\n<p><strong>Person in Charge:<\/strong> Maria Isabel Trigo Willman<br \/>\n<strong>Capacity:\u00a0<\/strong>5 beds<\/p>\n<p><i class=\"fa fa-map-signs \" ><\/i> Rua Courela da Vinha,\u00a07500-011 Vila Nova de Santo Andr\u00e9<br \/>\n<i class=\"fa fa-mobile \" ><\/i> 914 792 454<br \/>\n<i class=\"fa fa-envelope-o \" ><\/i> <a href=\"mailto:catarinadiniz@homestagingfactory.com\" target=\"_blank\" rel=\"noopener noreferrer\">catarinadiniz@homestagingfactory.com<\/a><\/p>\n<h4>Casa do Alentejo<\/h4>\n<p><strong>Person in Charge:<\/strong> Carlos Augusto Francisco de Oliveira Marques<br \/>\n<strong>Capacity:\u00a0<\/strong> 6 beds<\/p>\n<p><i class=\"fa fa-map-signs \" ><\/i> Loteamento da Canada, n\u00ba 19, 7500 &#8211; 014 Brescos<br \/>\n<i class=\"fa fa-mobile \" ><\/i> 968 097 383<br \/>\n<i class=\"fa fa-envelope-o \" ><\/i> <a href=\"mailto:manuelaaraujodeoliveira@gmail.com\" target=\"_blank\" rel=\"noopener noreferrer\">manuelaaraujodeoliveira@gmail.com<\/a><\/p>\n<h4>Casa na Costa Alentejana<\/h4>\n<p><strong>Person in Charge:\u00a0<\/strong>Jo\u00e3o Miguel Dias Tim\u00f3teo<br \/>\n<strong>Capacity:<\/strong>\u00a014 people (8 beds)<\/p>\n<p><i class=\"fa fa-map-signs fa- \"><\/i>\u00a0Rua da Nortada, 7500 \u2013 016 Vila Nova de Santo Andr\u00e9<br \/>\n<i class=\"fa fa-phone fa- \"><\/i>\u00a0214 379 046<br \/>\n<i class=\"fa fa-mobile fa- \"><\/i>\u00a0915 277 827<br \/>\n<i class=\"fa fa-envelope-o fa- \"><\/i>\u00a0<a href=\"mailto:jmdtimoteo@gmail.com\">jmdtimoteo@gmail.com<\/a><\/p>\n<h4><strong>Casas da Reserva\u00a0<\/strong><\/h4>\n<p><strong>Person in Charge: <\/strong>Hugo de Matos Ribeiro da Silva<br \/>\n<strong>Capacity:\u00a0<\/strong>4 people (2 beds)<\/p>\n<p><i class=\"fa fa-map-signs fa- \"><\/i>\u00a0 EM544, Caminho cortado \u00e0 esq.\u00aa da Associa\u00e7\u00e3o Moradores de Brescos \u2013 Brescos, 7500-014 Vila Nova de Santo Andr\u00e9<br \/>\n<i class=\"fa fa-mobile fa- \"><\/i>\u00a0\u00a0917 432 707<br \/>\n<i class=\"fa fa-envelope-o fa- \"><\/i>\u00a0<u><a href=\"mailto:casasdareserva@gmail.com\">casasdareserva@gmail.com<\/a><\/u><\/p>\n<h4><strong>Casa do Arneiro Novo\u00a0<\/strong><\/h4>\n<p><strong>Person in Charge: <\/strong>Petrus Cornelis de Haas<br \/>\n<strong>Capacity:\u00a0<\/strong>5 pople (3 beds)<\/p>\n<p><i class=\"fa fa-map-signs fa- \"><\/i>\u00a0Loteamento do Arneiro Novo, n.\u00ba 4, 7500-011 Aldeia de Santo Andr\u00e9<br \/>\n<i class=\"fa fa-mobile fa- \"><\/i>\u00a0\u00a0934 368 186<br \/>\n<i class=\"fa fa-envelope-o fa- \"><\/i>\u00a0<u><a href=\"mailto:nos.dois@zoho.com\">nos.dois@zoho.com<\/a><\/u><\/p>\n<h4><strong>Casa Pinhal<\/strong><\/h4>\n<p><strong>Person in Charge: <\/strong>Carla Cristina de Sousa Neto Correia<br \/>\n<strong>Capacity:\u00a0<\/strong>6 people (4 beds)<\/p>\n<p><i class=\"fa fa-map-signs fa- \"><\/i>\u00a0Rua do Loureiro, Bloco B6, n.\u00ba 16, 1.\u00ba e 2.\u00ba Andar, 7500-180 Vila Nova de Santo Andr\u00e9<br \/>\n<i class=\"fa fa-mobile fa- \"><\/i>\u00a0963 550 790<br \/>\n<i class=\"fa fa-envelope-o fa- \"><\/i>\u00a0<u><a href=\"mailto:ccsousa_@hotmail.com\">ccsousa_@hotmail.com<\/a><\/u><\/p>\n<h4><strong>Casa P\u00f4r do Sol<\/strong><\/h4>\n<p><strong>Person in Charge: <\/strong>Maria Carolina Mestre Pinela da Silva<br \/>\n<strong>Capacity:\u00a0<\/strong>4 people (2 beds)<\/p>\n<p><i class=\"fa fa-map-signs fa- \"><\/i>\u00a0 Estrada Municipal, Rua da Lagoa, Frac\u00e7\u00e3o C, 1.\u00ba Esquerdo, 7500-024 Costa de Santo Andr\u00e9<br \/>\n<i class=\"fa fa-mobile fa- \"><\/i>\u00a0\u00a0912 933 955<br \/>\n<i class=\"fa fa-envelope-o fa- \"><\/i>\u00a0<u><a href=\"mailto:carolinamestre52@gmail.com\">carolinamestre52@gmail.com<\/a><\/u><\/p>\n<h4><strong>Casinha do Azinhal<\/strong><\/h4>\n<p><strong>Person in Charge: <\/strong>Jo\u00e3o Carlos da Silva Sim\u00f5es<br \/>\n<strong>Capacity:\u00a0<\/strong>6 people (4 beds)<\/p>\n<p><i class=\"fa fa-map-signs fa- \"><\/i>\u00a0Caixa Postal 1628, 7500-011 Aldeia de Santo Andr\u00e9<br \/>\n<i class=\"fa fa-mobile fa- \"><\/i>\u00a0962 960 407<br \/>\n<i class=\"fa fa-envelope-o fa- \"><\/i>\u00a0<u><a href=\"mailto:aaa111js@hotmail.com\">aaa111js@hotmail.com<\/a><\/u><\/p>\n<h4>Deixa-o-Resto Alentejo Coast<\/h4>\n<p><strong>Person in Charge:<\/strong>Jo\u00e3o Carlos Pantoja Nazar\u00e9 Almeida Conde<br \/>\n<strong>Capacidade:<\/strong>\u00a07 people<\/p>\n<p><i class=\"fa fa-map-signs fa- \"><\/i>\u00a0Estrada Nacional 261, 7500 \u2013 018 Deixa-o-Resto<br \/>\n<i class=\"fa fa-mobile fa- \"><\/i>\u00a0917 328 756<br \/>\n<i class=\"fa fa-envelope-o fa- \"><\/i>\u00a0<a href=\"mailto:deixaresto@gmail.com\">deixaresto@gmail.com<\/a><\/p>\n<h4><strong>Guest House Lagoa\u00a0<\/strong><\/h4>\n<p><strong>Person in Charge: <\/strong>Marianne Arlette Feijen<br \/>\n<strong>Capacity:\u00a0<\/strong>8 people (8 beds)<\/p>\n<p><i class=\"fa fa-mobile fa- \"><\/i>\u00a0\u00a0Canada de Baixo, Caixa Postal 2142 \u2013 Brescos, 7500-014 Vila Nova de Santo Andr\u00e9<br \/>\n<i class=\"fa fa-mobile fa- \"><\/i>\u00a0927 208 044<br \/>\n<i class=\"fa fa-envelope-o fa- \"><\/i>\u00a0\u00a0<u><a href=\"mailto:m.a.feijen@gmail.com\">m.a.feijen@gmail.com<\/a>\u00a0<\/u><\/p>\n<h4><\/h4>\n<h4>H\u00e9lder Santiago<\/h4>\n<p><strong>Person in Charge:<\/strong> H\u00e9lder Manuel Godinho Santiago<br \/>\n<strong>Capacity:<\/strong> 8 people (5 beds)<\/p>\n<p><i class=\"fa fa-map-signs \" ><\/i> Loteamento Municipal Pinheiro Manso, n\u00ba 5, 7500 &#8211; 180 Vila Nova de Santo Andr\u00e9<br \/>\n<i class=\"fa fa-mobile \" ><\/i> 966 971 407<br \/>\n<i class=\"fa fa-envelope-o \" ><\/i> <a href=\"mailto:santiago.helder@gmail.com\" target=\"_blank\" rel=\"noopener noreferrer\">santiago.helder@gmail.com<\/a><\/p>\n<h4><\/h4>\n<h4>Monte da Cascalheirinha<\/h4>\n<p><strong>Person in Charge:<\/strong> Paulo S\u00e9rgio Hortas Viseu Assun\u00e7\u00e3o<br \/>\n<strong>Capacity:<\/strong> 4 people (3 beds)<\/p>\n<p><i class=\"fa fa-map-signs \" ><\/i> Zona Monte da Cascalheirinha, 7500-015 Vila Nova de Santo Andr\u00e9<br \/>\n<i class=\"fa fa-mobile \" ><\/i> 963 641 780<br \/>\n<i class=\"fa fa-envelope-o \" ><\/i> <a href=\"mailto:cafnatural@hotmail.com\" target=\"_blank\" rel=\"noopener noreferrer\">cafnatural@hotmail.com<\/a><\/p>\n<h4><strong><u><br \/>\n<\/u>Monte Velho do Chaparral\u00a0<\/strong><\/h4>\n<p><strong>Person in Charge: <\/strong>Manuel Maria Freitas de Vasconcelos Guimar\u00e3es<br \/>\n<strong style=\"font-size: inherit;\">Capacity: <\/strong><span style=\"font-size: inherit;\">5 pessoas \/ 2 quartos (4 camas)<\/span><\/p>\n<p><i class=\"fa fa-map-signs \" ><\/i> Monte Velho do Chaparral, caixa postal 1855, Brescos, 7500-014 Vila Nova de Santo Andr\u00e9<br \/>\n<span style=\"font-size: inherit;\"><i class=\"fa fa-mobile \" ><\/i> <\/span><span style=\"font-size: inherit;\">964061678<br \/>\n<\/span><span style=\"font-size: inherit;\"><i class=\"fa fa-envelope-o \" ><\/i> <\/span><a style=\"font-size: inherit;\" href=\"mailto:manuelvguimaraes@hotmail.com\">manuelvguimaraes@hotmail.com<\/a><\/p>\n<h4>Os Dois Galos<\/h4>\n<p><strong>Person in Charge:<\/strong> Eduard Keur<br \/>\n<strong>Capacity:<\/strong> 7 rooms<\/p>\n<p><i class=\"fa fa-map-signs \" ><\/i> Hotel &#8211; Restaurante &#8211; Bar, Caixa Postal 1500, Deixa-o-Resto,\u00a07500-018 Vila Nova de Santo Andr\u00e9<br \/>\n<i class=\"fa fa-phone \" ><\/i> 269 746 234<br \/>\n<i class=\"fa fa-mobile \" ><\/i> 91 945 83 42<br \/>\n<i class=\"fa fa-envelope-o \" ><\/i> <a href=\"mailto:info@osdoisgalos.com\" target=\"_blank\" rel=\"noopener noreferrer\">info@osdoisgalos.com<\/a><br \/>\n<i class=\"fa fa-globe \" ><\/i> <a href=\"http:\/\/www.osdoisgalos.com\" target=\"_blank\" rel=\"noopener noreferrer\">www.osdoisgalos.com<\/a><\/p>\n<h4>Olivier Apartments<\/h4>\n<p><strong>Person in Charge: <\/strong>Olivier Carneiro<br \/>\n<strong>Capacity:\u00a0<\/strong>2 T1 (each with 1 double bed, 2 people)<\/p>\n<p><i class=\"fa fa-map-signs \" ><\/i> Monte da Lez\u00edria,\u00a0 Apartamentos 20 e 34,\u00a07500 Vila Nova de Santo Andr\u00e9<br \/>\n<i class=\"fa fa-mobile \" ><\/i> 916 192 085<br \/>\n<i class=\"fa fa-envelope-o \" ><\/i> <a href=\"mailto:booking@olivierapartments.com\">booking@olivierapartments.com<\/a><br \/>\n<i class=\"fa fa-globe \" ><\/i>\u00a0\u00a0<a href=\"http:\/\/www.olivierapartments.com\" target=\"_blank\" rel=\"noopener noreferrer\">www.olivierapartments.com<\/a><\/p>\n<h4><strong><u><br \/>\n<\/u>Pura Vida Loft\u00a0<\/strong><\/h4>\n<p><strong>Person in Charge: <\/strong>Felismina Martins Caf\u00e9 Mendes Chaves<br \/>\n<strong style=\"font-size: inherit;\">Capacity: <\/strong><span style=\"font-size: inherit;\">2 pessoas \/ 1 quarto (1 cama)<\/span><\/p>\n<p><i class=\"fa fa-map-signs \" ><\/i> Rua dos Pl\u00e1tanos, Bloco C1, corpo 5, n\u00ba2 1\u00ba Dt\u00ba, 7500-180 Vila Nova de Santo Andr\u00e9<br \/>\n<span style=\"font-size: inherit;\"><i class=\"fa fa-mobile \" ><\/i> <\/span><span style=\"font-size: inherit;\">914943561<br \/>\n<\/span><span style=\"font-size: inherit;\"><i class=\"fa fa-envelope-o \" ><\/i> <\/span><a style=\"font-size: inherit;\" href=\"mailto:felisminacafe@gmail.com\">felisminacafe@gmail.com<\/a><\/p>\n<h4><\/h4>\n<h4>Quinta da Ribeira da Ponte<\/h4>\n<p><strong>Person in Charge:<\/strong> Joachim Werner<br \/>\n<strong>Capacity:<\/strong>\u00a09 people (6 beds)<\/p>\n<p><i class=\"fa fa-map-signs \" ><\/i> Quinta da Ribeira da Ponte, Cx. Postal 1594,\u00a07500 Vila Nova de Santo Andr\u00e9<\/p>\n<h4>Stone Pines (Casas de Campo)<\/h4>\n<p><strong>Person in Charge:<\/strong> Am\u00e2ndio Mendon\u00e7a da Fonseca<br \/>\n<strong>Capacity:<\/strong> 10 people (8 individuals beds\u00a0+ 1 double bed\u00a0\/ T1+T5)<\/p>\n<p><i class=\"fa fa-map-signs \" ><\/i> Queimada, 7500 Vila Nova de Santo Andr\u00e9<br \/>\n<i class=\"fa fa-mobile \" ><\/i> 938 552 004<\/p>\n<h4>Sunset Apartments<\/h4>\n<p><strong>Person in Charge:<\/strong>\u00a0Joana Mara Ferreira do Amaral Brites<br \/>\n<strong>Capacity:<\/strong>\u00a04 people (2 beds)<\/p>\n<p><i class=\"fa fa-map-signs \" ><\/i> Bairro P\u00f4r do Sol, Bloco 7 E, n\u00ba 133, 7500 &#8211; 190 Vila Nova de Santo Andr\u00e9<br \/>\n<i class=\"fa fa-mobile \" ><\/i> 939 335 382<br \/>\n<i class=\"fa fa-phone \" ><\/i> 218 010 510<br \/>\n<i class=\"fa fa-envelope-o \" ><\/i> <a href=\"mailto:joanamara7@outlook.com\" target=\"_blank\" rel=\"noopener noreferrer\">joanamara7@outlook.com<\/a><\/p>\n<h4>Sunset Santo Andr\u00e9<\/h4>\n<p><strong>Person in Charge:<\/strong>Carlos Filipe Coelho Gomes Teixeira<br \/>\n<strong>Capacity:<\/strong> 10 people (5 rooms, 9 beds)<\/p>\n<p><i class=\"fa fa-map-signs \" ><\/i> Rua do Areal, \u00a0n\u00ba 18, 7500-190 Vila Nova de Santo Andr\u00e9<br \/>\n<i class=\"fa fa-mobile \" ><\/i> 966 318 912<br \/>\n<i class=\"fa fa-envelope-o \" ><\/i> euro.sunset@gmail.com<\/p>\n<h4><\/h4>\n<h4><strong>Vidal House\u00a0<\/strong><\/h4>\n<p><strong>Person in Charge: <\/strong>Jos\u00e9 Ant\u00f3nio Neves Vidal<br \/>\n<strong>Capacity:\u00a0<\/strong>6 pessoas (3 camas)<\/p>\n<p><i class=\"fa fa-map-signs fa- \"><\/i>\u00a0Rua do Porto Novo, n.\u00ba 15, 2.\u00ba Direito, 7500-160 Vila Nova de Santo Andr\u00e9<br \/>\n<i class=\"fa fa-mobile fa- \"><\/i>\u00a0 932 610 814<br \/>\n<i class=\"fa fa-envelope-o fa- \"><\/i>\u00a0<u><a href=\"mailto:janvidal1949@gmail.com\">janvidal1949@gmail.com<\/a><\/u><\/p>\n<h4>Vila Verdelho<\/h4>\n<p><strong>Person in Charge:<\/strong> Carlos Aniceto Verdelho<br \/>\n<strong>Capacity:<\/strong>\u00a02 pessoas (1 cama)<\/p>\n<p><i class=\"fa fa-map-signs fa- \"><\/i>\u00a0Caixa Postal 1955, Giz, 7500 \u2013 023 Vila Nova de Santo Andr\u00e9<br \/>\n<i class=\"fa fa-mobile fa- \"><\/i>\u00a0966 756 106<br \/>\n<i class=\"fa fa-envelope-o fa- \"><\/i>\u00a0vilaverdelho@gmail.com<\/p>\n<h4>Vivenda Nau Sem Rumo<\/h4>\n<p><strong>Person in Charge:<\/strong> Rog\u00e9rio Pereira<br \/>\n<strong>Capacity:<\/strong> 4 people (2 beds)<\/p>\n<p><i class=\"fa fa-map-signs \" ><\/i> Estrada Vivenda Nau Sem Rumo, cx.postal 2375, 7500-014 Brescos<br \/>\n<i class=\"fa fa-mobile \" ><\/i> 963 641780<\/p>\n<h4><\/h4>\n<h4>Vivenda St\u00ba Ant\u00f3nio<\/h4>\n<p><strong>Person in Charge:<\/strong> Maria da Concei\u00e7\u00e3o Chaves Oliveira<br \/>\n<strong>Capacity:<\/strong> 6 people (3 beds)<\/p>\n<p><i class=\"fa fa-map-signs \" ><\/i> Rua das Tapadas, n\u00ba24, 7500-016 Costa de St\u00ba Andr\u00e9<br \/>\n<i class=\"fa fa-mobile \" ><\/i> 968 791 780<br \/>\n<i class=\"fa fa-envelope-o \" ><\/i>\u00a0<a href=\"mailto:rocha_ana@netcabo.com\" target=\"_blank\" rel=\"noopener noreferrer\">rocha_ana@netcabo.com<\/a><\/p>\n<h4>Parque de Campismo da Lagoa de Santo Andr\u00e9 **<br \/>\n(Camping Site)<\/h4>\n<p><strong>Capacity:<\/strong> 900 people<\/p>\n<p><i class=\"fa fa-map-signs \" ><\/i> Lagoa de Santo Andr\u00e9, 7500-024 Vila Nova de Santo Andr\u00e9<br \/>\n<i class=\"fa fa-phone \" ><\/i> 269 708 550\/5<br \/>\n<i class=\"fa fa-fax \" ><\/i> 269 708 559<br \/>\n<i class=\"fa fa-envelope-o \" ><\/i> <a href=\"mailto:s.andre@fcmportugal.com\" target=\"_blank\" rel=\"noopener noreferrer\">s.andre@fcmportugal.com<\/a><br \/>\n<i class=\"fa fa-globe \" ><\/i> <a href=\"http:\/\/www.fcmportugal.com\" target=\"_blank\" rel=\"noopener noreferrer\">www.fcmportugal.com<\/a><\/p>\n<p>        <\/div>\n\n        <br \/>\n<\/div>\n","protected":false},"excerpt":{"rendered":"","protected":false},"author":2,"featured_media":0,"parent":0,"menu_order":0,"comment_status":"closed","ping_status":"closed","template":"","meta":{"_genesis_hide_title":false,"_genesis_hide_breadcrumbs":false,"_genesis_hide_singular_image":false,"_genesis_hide_footer_widgets":false,"_genesis_custom_body_class":"","_genesis_custom_post_class":"","_genesis_layout":"","footnotes":""},"categories":[48],"tags":[],"class_list":{"0":"post-821","1":"page","2":"type-page","3":"status-publish","5":"category-accommodation","6":"entry"},"_links":{"self":[{"href":"https:\/\/turismo.cm-santiagocacem.pt\/en\/wp-json\/wp\/v2\/pages\/821","targetHints":{"allow":["GET"]}}],"collection":[{"href":"https:\/\/turismo.cm-santiagocacem.pt\/en\/wp-json\/wp\/v2\/pages"}],"about":[{"href":"https:\/\/turismo.cm-santiagocacem.pt\/en\/wp-json\/wp\/v2\/types\/page"}],"author":[{"embeddable":true,"href":"https:\/\/turismo.cm-santiagocacem.pt\/en\/wp-json\/wp\/v2\/users\/2"}],"replies":[{"embeddable":true,"href":"https:\/\/turismo.cm-santiagocacem.pt\/en\/wp-json\/wp\/v2\/comments?post=821"}],"version-history":[{"count":9,"href":"https:\/\/turismo.cm-santiagocacem.pt\/en\/wp-json\/wp\/v2\/pages\/821\/revisions"}],"predecessor-version":[{"id":2340,"href":"https:\/\/turismo.cm-santiagocacem.pt\/en\/wp-json\/wp\/v2\/pages\/821\/revisions\/2340"}],"wp:attachment":[{"href":"https:\/\/turismo.cm-santiagocacem.pt\/en\/wp-json\/wp\/v2\/media?parent=821"}],"wp:term":[{"taxonomy":"category","embeddable":true,"href":"https:\/\/turismo.cm-santiagocacem.pt\/en\/wp-json\/wp\/v2\/categories?post=821"},{"taxonomy":"post_tag","embeddable":true,"href":"https:\/\/turismo.cm-santiagocacem.pt\/en\/wp-json\/wp\/v2\/tags?post=821"}],"curies":[{"name":"wp","href":"https:\/\/api.w.org\/{rel}","templated":true}]}}