{"id":828,"date":"2016-08-22T16:37:28","date_gmt":"2016-08-22T14:37:28","guid":{"rendered":"http:\/\/turismo.cm-santiagocacem.pt\/?page_id=828&#038;lang=en"},"modified":"2020-09-28T16:01:55","modified_gmt":"2020-09-28T14:01:55","slug":"accommodation-sao-francisco-da-serra","status":"publish","type":"page","link":"https:\/\/turismo.cm-santiagocacem.pt\/en\/accommodation-sao-francisco-da-serra\/","title":{"rendered":"Accommodation: S\u00e3o Francisco da Serra"},"content":{"rendered":"<div id=\"accordion-1\" class=\"accordion no-js\"><\/p>\n<p>\n        <h3 class=\"accordion-title\">\n            <button id=\"accordion-1-t1\" class=\"js-accordion-controller\" aria-controls=\"accordion-1-c1\" aria-expanded=\"false\" >\n                Tourist Facilities - Local Accommodation            <\/button>\n        <\/h3>\n\n        <div id=\"accordion-1-c1\" class=\"accordion-content\" aria-hidden=\"true\">\n            <\/p>\n<h4>Casa de S\u00e3o Francisco<\/h4>\n<p><strong>Person in Charge:<\/strong> Vasco Miguel Murteira Correia de Queiroz Taborda<br \/>\n<strong>Capacity:<\/strong>\u00a03 bedrooms \u2013 6 people<\/p>\n<p><i class=\"fa fa-map-signs fa- \"><\/i>\u00a0Rua Manuel Guerreiro n\u00ba 23 Malhadais 7540 \u2013 555 S\u00e3o Francisco da Serra<br \/>\n<i class=\"fa fa-mobile fa- \"><\/i>\u00a0919 751 246<br \/>\n<i class=\"fa fa-envelope-o fa- \"><\/i>\u00a0<a href=\"mailto:vasco.taborda@icloud.com\">vasco.taborda@icloud.com<\/a><\/p>\n<h4><strong><br \/>\nCourela do Corte<\/strong><\/h4>\n<p><strong>Person in Charge: <\/strong>Manageiro \u2013 Investimentos Tur\u00edsticos, Lda.<br \/>\n<strong style=\"font-size: inherit;\">Capacity:\u00a0 <\/strong><span style=\"font-size: inherit;\">4 people<\/span><\/p>\n<p><i class=\"fa fa-map-signs \" ><\/i> Courela do Corte, Corte de Cima, 7540-503 S\u00e3o Francisco da Serra<br \/>\n<i class=\"fa fa-mobile \" ><\/i> 965 292 022<br \/>\n<span style=\"font-size: inherit;\"><i class=\"fa fa-envelope-o \" ><\/i> <\/span><a style=\"font-size: inherit;\" href=\"mailto:omanageiro@gmail.com\" target=\"_blank\" rel=\"noopener noreferrer\">omanageiro@gmail.com<\/a><\/p>\n<h4>\nCourela das Laranjeiras do Sul<\/h4>\n<p><strong>Person in Charge:<\/strong> Francisco Manuel da Silva Dias<br \/>\n<strong>Capacity:<\/strong> 8 people (8 beds)<\/p>\n<p><i class=\"fa fa-map-signs \" ><\/i> Quinta Courelas das Laranjeiras do Sul, 7540 \u00a0S\u00e3o Francisco da Serra<br \/>\n<i class=\"fa fa-phone \" ><\/i> 213 627 802<br \/>\n<i class=\"fa fa-mobile \" ><\/i> 916 172 639<br \/>\n<i class=\"fa fa-envelope-o \" ><\/i> <a href=\"mailto:francisco.dias@db.com\" target=\"_blank\" rel=\"noopener noreferrer\">francisco.dias@db.com<\/a><\/p>\n<h4><strong><u><br \/>\n<\/u>Monte Cortelh\u00f5es\u00a0<\/strong><\/h4>\n<p><strong>Person in Charge: <\/strong>Loic Paul Bonnin Fernandes<br \/>\n<strong style=\"font-size: inherit;\">Capacity: <\/strong><span style=\"font-size: inherit;\">4 people \/ 2 bedrooms (2 beds)<\/span><\/p>\n<p><i class=\"fa fa-map-signs \" ><\/i> Caminho Cortelhoes 9, 7540-506 S. Francisco da Serra<br \/>\n<i class=\"fa fa-envelope-o \" ><\/i>\u00a0<a href=\"mailto:loicbonnin@yahoo.fr\" target=\"_blank\" rel=\"noopener noreferrer\">loicbonnin@yahoo.fr<\/a><\/p>\n<h4>\nMoinho do Outeiro<\/h4>\n<p><strong>Person in Charge:<\/strong> Jo\u00e3o Jos\u00e9 Monteiro de Castro Videira<br \/>\n<strong>Capacity:<\/strong> 2 people (1 bed)<\/p>\n<p><i class=\"fa fa-map-signs \" ><\/i> Moinho do Outeiro do Vento &#8211; Estrada Municipal 544, 7540 \u2013 520 S\u00e3o Francisco da\u00a0Serra<br \/>\n<i class=\"fa fa-phone \" ><\/i> 266 917 379<br \/>\n<i class=\"fa fa-mobile \" ><\/i> 914 922 766<br \/>\n<i class=\"fa fa-envelope-o \" ><\/i> <a href=\"mailto:m.perdiganito@gmail.com\" target=\"_blank\" rel=\"noopener noreferrer\">m.perdiganito@gmail.com<\/a><\/p>\n<h4>\nMonte das Viagens<\/h4>\n<p><strong>Person in Charge:<\/strong> Monte das Viagens \u2013 Turismo Rural Sociedade Unipessoal, Lda.<br \/>\n<strong>Capacity:<\/strong>\u00a04 people (3 beds)<\/p>\n<p><i class=\"fa fa-map-signs fa- \"><\/i>\u00a0V\u00e1rzea da Rostalhi\u00e7a, Apartado 9, 7540 \u2013 530 S\u00e3o Francisco da Serra<br \/>\n<i class=\"fa fa-mobile fa- \"><\/i>\u00a0962 763 630<br \/>\n<i class=\"fa fa-envelope-o fa- \"><\/i><a href=\"mailto:jmgomes@cofina.pt\" target=\"_blank\" rel=\"noopener noreferrer\">\u00a0jmgomes@cofina.pt<\/a><\/p>\n<h4><strong><br \/>\nMonte Nature<\/strong><\/h4>\n<p><strong>Person in Charge:<\/strong> Francisca Sindicq<br \/>\n<strong>Capacity:<\/strong>\u00a04 people (2 beds)<\/p>\n<p><i class=\"fa fa-map-signs fa- \"><\/i>\u00a0Rua Sargento Peixeiro, n.\u00ba 14, 7540 \u2013 515 Ronc\u00e3o<br \/>\n<i class=\"fa fa-mobile fa- \"><\/i>\u00a0965 312 851 \/ 968 094 007<br \/>\n<i class=\"fa fa-envelope-o fa- \"><\/i>\u00a0montenature@gmail.com<\/p>\n<h4><strong><br \/>\nMonte S. Francisco\u00a0<\/strong><\/h4>\n<p><strong>Person in Charge: <\/strong>Elzbieta Krystyna Kwita Gomes<br \/>\n<strong style=\"font-size: inherit;\">Capacity: <\/strong><span style=\"font-size: inherit;\">6 people \/ 3 bedrooms (3 beds)<\/span><\/p>\n<p><i class=\"fa fa-map-signs \" ><\/i> Quinta Alto Courela das Oliveiras, apartado 7, 7540-504 S. Francisco da Serra<br \/>\n<span style=\"font-size: inherit;\"><i class=\"fa fa-mobile \" ><\/i> 9660318682 \/ 926800781<i class=\"fa fa-envelope-o \" ><\/i> <\/span><a href=\"mailto:ekwinta@gmail.com\" target=\"_blank\" rel=\"noopener noreferrer\">ekwinta@gmail.com<\/a><\/p>\n<h4>\nS\u00e3o Francisco Vila 17<\/h4>\n<p><strong>Person in Charge:<\/strong> Im\u00f3completissimo \u2013 Consultoria de Im\u00f3veis Unipessoal, Lda.<br \/>\n<strong>Capacity:<\/strong>\u00a04 people (2 bedrooms)<\/p>\n<p><i class=\"fa fa-map-signs fa- \"><\/i>\u00a0Rua Manuel Guerreiro Malhadais, Lote 17, Condom\u00ednio Casas de S\u00e3o Francisco, 7540 \u2013 555 S\u00e3o Francisco da Serra<br \/>\n<i class=\"fa fa-phone fa- \"><\/i>\u00a0218 983 099<br \/>\n<i class=\"fa fa-mobile fa- \"><\/i>\u00a0935 466 641<br \/>\n<i class=\"fa fa-envelope-o fa- \"><\/i>\u00a0isabel.imo.2016@gmail.com<\/p>\n<h4>S\u00e3o Francisco Vila 20<\/h4>\n<p><strong>Person in Charge:<\/strong> Succulent Success, Unipessoal, Lda<br \/>\n<strong>Capacity:<\/strong>\u00a07 people (4 beds)<\/p>\n<p><i class=\"fa fa-map-signs fa- \"><\/i>\u00a0Rua Manuel Guerreiro Malhadais, Lote 20, 7540 \u2013 555 S\u00e3o Francisco da Serra<br \/>\n<i class=\"fa fa-phone fa- \"><\/i> 214 032 794<br \/>\n<i class=\"fa fa-mobile fa- \"><\/i> 935 466 641<br \/>\n<i class=\"fa fa-envelope-o fa- \"><\/i>\u00a0isabel.imo.2016@gmail.com<\/p>\n<h4><strong><br \/>\nSerra Mar\u00a0<\/strong><\/h4>\n<p><strong>Person in Charge: <\/strong>Diogo Roberto de Jesus Nunes<br \/>\n<strong style=\"font-size: inherit;\">Capacity: <\/strong><span style=\"font-size: inherit;\">4 people<\/span><\/p>\n<p><i class=\"fa fa-map-signs \" ><\/i>\u00a0Rua Eira, n.\u00ba 10, Cruz de Jo\u00e3o Mendes, 7540-551 S\u00e3o Francisco da Serra<\/p>\n<p><i class=\"fa fa-mobile \" ><\/i> 927 306 836<\/p>\n<p><i class=\"fa fa-envelope-o \" ><\/i><a href=\"mailto:diogo.r.nunes88@gmail.com\"> diogo.r.nunes88@gmail.com<\/a><\/p>\n<h4>\nSolar dos Leit\u00f5es<\/h4>\n<p><strong>Person in Charge:<\/strong> David Jos\u00e9 Pereira<br \/>\n<strong>Capacity:<\/strong>\u00a09 people (7 beds)<\/p>\n<p><i class=\"fa fa-map-signs \" ><\/i> Caf\u00e9 Restaurante A Estalagem, Rua da F\u00e1brica, 18 &#8211; Ronc\u00e3o\u00a07540-515 S\u00e3o Francisco da Serra<br \/>\n<i class=\"fa fa-phone \" ><\/i> 269 471 150<br \/>\n<i class=\"fa fa-envelope-o \" ><\/i> <a href=\"mailto:solardosleitoes@hotmail.com\">solardosleitoes@hotmail.com<\/a><\/p>\n<h4>\nVivenda Palheiros<\/h4>\n<p><strong>Person in Charge:<\/strong> Maria Manuela Gamito Pereira<br \/>\n<strong>Capacity:<\/strong> 4 people (3 beds)<\/p>\n<p><i class=\"fa fa-map-signs \" ><\/i> Bairro Eng.\u00ba Carvalho Carreira, lote 14 &#8211; Ronc\u00e3o, 7540 S\u00e3o Francisco da Serra<br \/>\n<i class=\"fa fa-mobile \" ><\/i> 917 225 150<br \/>\n<i class=\"fa fa-envelope-o \" ><\/i> <a href=\"mailto:mamgp@hotmail.com\">mamgp@hotmail.com<\/a><\/p>\n<p>        <\/div>\n\n        <\/p>\n<p>\n        <h3 class=\"accordion-title\">\n            <button id=\"accordion-1-t2\" class=\"js-accordion-controller\" aria-controls=\"accordion-1-c2\" aria-expanded=\"false\" >\n                Rural tourism facilities - Cottages            <\/button>\n        <\/h3>\n\n        <div id=\"accordion-1-c2\" class=\"accordion-content\" aria-hidden=\"true\">\n            <\/p>\n<h4><strong><br \/>\nCasas Monte Sardinha\u00a0<\/strong><\/h4>\n<p><strong>Person in Charge: <\/strong>Teresa Trindade Gon\u00e7alves Pereira<br \/>\n<strong>Capacity:\u00a0<\/strong>10 pessoas (5 quartos)<\/p>\n<p><i class=\"fa fa-map-signs fa- \"><\/i>\u00a0\u00a0Monte Sardinha 7540 \u2013 511 S\u00e3o Francisco da Serra<br \/>\n<i class=\"fa fa-mobile fa- \"><\/i>\u00a0933 798 091<br \/>\n<i class=\"fa fa-envelope-o fa- \"><\/i><strong>\u00a0<\/strong><a href=\"mailto:casasmontesardinha@gmail.com\">casasmontesardinha@gmail.com<\/a><\/p>\n<h4>\nMonte Aroeira<\/h4>\n<p><strong>Person in Charge:<\/strong> Cristiana Messias<br \/>\n<strong>Capacity:<\/strong> 12 people (6 rooms)<\/p>\n<p><i class=\"fa fa-map-signs \" ><\/i> Monte Aroeira &#8211; Daroeira, Caixa Postal 3, 7540 &#8211; 521 S\u00e3o Francisco da Serra<br \/>\n<i class=\"fa fa-mobile \" ><\/i> 911 562 448<br \/>\n<i class=\"fa fa-envelope-o \" ><\/i> <a href=\"mailto:monte.aroeira@outlook.com\">monte.aroeira@outlook.com<\/a><\/p>\n<h4>\nMonte da Ameira<\/h4>\n<p><strong>Person in Charge:<\/strong> Vivapaz, Turismo Rural Unip. Lda \u2013 Leo Bevelander<br \/>\n<strong>Capacity:<\/strong> 16 people (8 rooms)<\/p>\n<p><i class=\"fa fa-map-signs \" ><\/i> Monte da Ameira, Caixa Postal 4010 \u2013 Ronc\u00e3o, 7540 &#8211; 515 S\u00e3o Francisco da Serra<br \/>\n<i class=\"fa fa-phone \" ><\/i> 300 505 137<br \/>\n<i class=\"fa fa-mobile \" ><\/i> 934 666 563<br \/>\n<i class=\"fa fa-envelope-o \" ><\/i>\u00a0<a href=\"mailto:info@monte-ameira.com\" target=\"_blank\" rel=\"noopener noreferrer\">info@monte-ameira.com<\/a><\/p>\n<p>        <\/div>\n\n        <\/p>\n<p><\/div>\n","protected":false},"excerpt":{"rendered":"","protected":false},"author":2,"featured_media":0,"parent":0,"menu_order":0,"comment_status":"closed","ping_status":"closed","template":"","meta":{"_genesis_hide_title":false,"_genesis_hide_breadcrumbs":false,"_genesis_hide_singular_image":false,"_genesis_hide_footer_widgets":false,"_genesis_custom_body_class":"","_genesis_custom_post_class":"","_genesis_layout":"","footnotes":""},"categories":[48],"tags":[],"class_list":{"0":"post-828","1":"page","2":"type-page","3":"status-publish","5":"category-accommodation","6":"entry"},"_links":{"self":[{"href":"https:\/\/turismo.cm-santiagocacem.pt\/en\/wp-json\/wp\/v2\/pages\/828","targetHints":{"allow":["GET"]}}],"collection":[{"href":"https:\/\/turismo.cm-santiagocacem.pt\/en\/wp-json\/wp\/v2\/pages"}],"about":[{"href":"https:\/\/turismo.cm-santiagocacem.pt\/en\/wp-json\/wp\/v2\/types\/page"}],"author":[{"embeddable":true,"href":"https:\/\/turismo.cm-santiagocacem.pt\/en\/wp-json\/wp\/v2\/users\/2"}],"replies":[{"embeddable":true,"href":"https:\/\/turismo.cm-santiagocacem.pt\/en\/wp-json\/wp\/v2\/comments?post=828"}],"version-history":[{"count":6,"href":"https:\/\/turismo.cm-santiagocacem.pt\/en\/wp-json\/wp\/v2\/pages\/828\/revisions"}],"predecessor-version":[{"id":2077,"href":"https:\/\/turismo.cm-santiagocacem.pt\/en\/wp-json\/wp\/v2\/pages\/828\/revisions\/2077"}],"wp:attachment":[{"href":"https:\/\/turismo.cm-santiagocacem.pt\/en\/wp-json\/wp\/v2\/media?parent=828"}],"wp:term":[{"taxonomy":"category","embeddable":true,"href":"https:\/\/turismo.cm-santiagocacem.pt\/en\/wp-json\/wp\/v2\/categories?post=828"},{"taxonomy":"post_tag","embeddable":true,"href":"https:\/\/turismo.cm-santiagocacem.pt\/en\/wp-json\/wp\/v2\/tags?post=828"}],"curies":[{"name":"wp","href":"https:\/\/api.w.org\/{rel}","templated":true}]}}