{"id":848,"date":"2016-08-22T18:01:45","date_gmt":"2016-08-22T16:01:45","guid":{"rendered":"http:\/\/turismo.cm-santiagocacem.pt\/?page_id=848&#038;lang=en"},"modified":"2016-08-22T18:01:45","modified_gmt":"2016-08-22T16:01:45","slug":"archaeological-heritage","status":"publish","type":"page","link":"https:\/\/turismo.cm-santiagocacem.pt\/en\/archaeological-heritage\/","title":{"rendered":"Archaeological Heritage"},"content":{"rendered":"<h3>Mir\u00f3briga Archaeological Site<\/h3>\n<p>The Archaeological Site of Mir\u00f3briga, located near the city of Santiago do Cac\u00e9m, hosted a settlement that arose during the Late Bronze Age and the Iron Age (sixth to the first centuries BC) and remained until the fourth century AD. These ruins were mentioned in the sixteenth century by Andr\u00e9 Resende and are based on an elevation with defensive structures in an area of good visibility, allowing control over a vast region of territory boasting various \u201cagricultural, marine and mining resources, as a result of which this town must have played a relatively prominent commercial role\u201d.<\/p>\n<p><a href=\"http:\/\/turismo.cm-santiagocacem.pt\/wp-content\/uploads\/1-2.jpg\" rel=\"attachment wp-att-66\"><img loading=\"lazy\" decoding=\"async\" class=\"alignnone size-large wp-image-66\" src=\"http:\/\/turismo.cm-santiagocacem.pt\/wp-content\/uploads\/1-2-1024x683.jpg\" alt=\"F\u00f3rum de Mir\u00f3briga\" width=\"1024\" height=\"683\" srcset=\"https:\/\/turismo.cm-santiagocacem.pt\/wp-content\/uploads\/1-2-1024x683.jpg 1024w, https:\/\/turismo.cm-santiagocacem.pt\/wp-content\/uploads\/1-2-300x200.jpg 300w, https:\/\/turismo.cm-santiagocacem.pt\/wp-content\/uploads\/1-2-768x512.jpg 768w, https:\/\/turismo.cm-santiagocacem.pt\/wp-content\/uploads\/1-2-325x217.jpg 325w\" sizes=\"auto, (max-width: 1024px) 100vw, 1024px\" \/><\/a><\/p>\n<p>In the Roman Period the site underwent considerable expansion, through the implementation of a comprehensive building programme. Thus, at that time, Mir\u00f3briga had a forum, where there stood a temple probably dedicated to the imperial cult and another dedicated to Venus. The other buildings were located around the forum and to the south stood the commercial area, which had several shops (tabernae) and an inn. The spa sits in one of the best preserved areas of Mir\u00f3briga, consisted of two buildings, one for men, and another for women, and between the first and second centuries AD, the remaining buildings appeared (the entrance area, dressing and games room and an area for cold baths \u2013 frigidarium \u2013 and another for hot baths \u2013 caldarium and tepidarium). It also features a single, round arch bridge and the pavement, consisting of limestone slabs, is still the original. The stormwater drainage system is also visible.<\/p>\n<p><a href=\"http:\/\/turismo.cm-santiagocacem.pt\/wp-content\/uploads\/2-2.jpg\" rel=\"attachment wp-att-67\"><img loading=\"lazy\" decoding=\"async\" class=\"alignnone size-large wp-image-67\" src=\"http:\/\/turismo.cm-santiagocacem.pt\/wp-content\/uploads\/2-2-1024x683.jpg\" alt=\"Termas de Mir\u00f3briga\" width=\"1024\" height=\"683\" srcset=\"https:\/\/turismo.cm-santiagocacem.pt\/wp-content\/uploads\/2-2-1024x683.jpg 1024w, https:\/\/turismo.cm-santiagocacem.pt\/wp-content\/uploads\/2-2-300x200.jpg 300w, https:\/\/turismo.cm-santiagocacem.pt\/wp-content\/uploads\/2-2-768x512.jpg 768w, https:\/\/turismo.cm-santiagocacem.pt\/wp-content\/uploads\/2-2-325x217.jpg 325w\" sizes=\"auto, (max-width: 1024px) 100vw, 1024px\" \/><\/a><\/p>\n<p>Approximately 1 km from the archaeological site of Mir\u00f3briga lie the ruins of the hippodrome. It measures 370 m by 75 m and was divided in half by the \u201cspina\u201d, having a goal at each end. The hippodrome was used for racing chariots pulled by two or four horses.<\/p>\n<p><a href=\"http:\/\/turismo.cm-santiagocacem.pt\/wp-content\/uploads\/3-1.jpg\" rel=\"attachment wp-att-68\"><img loading=\"lazy\" decoding=\"async\" class=\"alignnone size-large wp-image-68\" src=\"http:\/\/turismo.cm-santiagocacem.pt\/wp-content\/uploads\/3-1-1024x768.jpg\" alt=\"Hip\u00f3dromo de Mir\u00f3briga\" width=\"1024\" height=\"768\" srcset=\"https:\/\/turismo.cm-santiagocacem.pt\/wp-content\/uploads\/3-1-1024x768.jpg 1024w, https:\/\/turismo.cm-santiagocacem.pt\/wp-content\/uploads\/3-1-300x225.jpg 300w, https:\/\/turismo.cm-santiagocacem.pt\/wp-content\/uploads\/3-1-768x576.jpg 768w, https:\/\/turismo.cm-santiagocacem.pt\/wp-content\/uploads\/3-1-325x244.jpg 325w\" sizes=\"auto, (max-width: 1024px) 100vw, 1024px\" \/><\/a><\/p>\n<p>The Archaeological Site began to be excavated in 1801 under the supervision of the Bishop of Beja, D. Frei Manuel do Cen\u00e1culo, and currently has a Reception and Visitor Centre to explain the Mir\u00f3briga complex, built by the IPPAR. \u201cThe Centre has a permanent exhibition on the site, organized thematically, as well as a room for receiving groups. The route of the visit is clearly marked\u201d. Since 1940, it has been classified as a Property of Public Interest, and it is run by the Regional Directorate of Culture of Alentejo.<\/p>\n<h4><i class=\"fa fa-clock-o \" ><\/i> Opening hours:<\/h4>\n<p style=\"padding-left: 30px;\">From Tuesday to Saturday\u00a0from 9.00 am to 12.30 pm\u00a0and from 2.00 pm to 5.30 pm<br \/>\nSunday\u00a0from 9.00 am to 12.00 pm\u00a0and from 2.00 pm to 5.30 pm<br \/>\nClosed on Mondays and 1 January, Easter Sunday, 1 May and 25 December<\/p>\n<h4><i class=\"fa fa-info-circle \" ><\/i> Contact details:<\/h4>\n<p style=\"padding-left: 30px;\"><i class=\"fa fa-phone \" ><\/i>\u00a0+351 269818460<br \/>\n<i class=\"fa fa-fax \" ><\/i>\u00a0+351 269818461<br \/>\n<i class=\"fa fa-envelope \" ><\/i>\u00a0<a href=\"mailto:info@cultura-alentejo.pt\">info@cultura-alentejo.pt<\/a><br \/>\n<i class=\"fa fa-globe \" ><\/i>\u00a0<a href=\"http:\/\/www.cultura-alentejo.pt\/pagina,8,8.aspx\" target=\"_blank\">www.cultura-alentejo.pt\/pagina,8,8.aspx<\/a><\/p>\n","protected":false},"excerpt":{"rendered":"<p>Mir\u00f3briga Archaeological Site The Archaeological Site of Mir\u00f3briga, located near the city of Santiago do Cac\u00e9m, hosted a settlement that arose during the Late Bronze Age and the Iron Age (sixth to the first centuries BC) and remained until the fourth century AD. These ruins were mentioned in the sixteenth century by Andr\u00e9 Resende and [&hellip;]<\/p>\n","protected":false},"author":2,"featured_media":0,"parent":0,"menu_order":0,"comment_status":"closed","ping_status":"closed","template":"","meta":{"_genesis_hide_title":false,"_genesis_hide_breadcrumbs":false,"_genesis_hide_singular_image":false,"_genesis_hide_footer_widgets":false,"_genesis_custom_body_class":"","_genesis_custom_post_class":"","_genesis_layout":"","footnotes":""},"categories":[52],"tags":[],"class_list":{"0":"post-848","1":"page","2":"type-page","3":"status-publish","5":"category-museums-and-monuments","6":"entry"},"_links":{"self":[{"href":"https:\/\/turismo.cm-santiagocacem.pt\/en\/wp-json\/wp\/v2\/pages\/848","targetHints":{"allow":["GET"]}}],"collection":[{"href":"https:\/\/turismo.cm-santiagocacem.pt\/en\/wp-json\/wp\/v2\/pages"}],"about":[{"href":"https:\/\/turismo.cm-santiagocacem.pt\/en\/wp-json\/wp\/v2\/types\/page"}],"author":[{"embeddable":true,"href":"https:\/\/turismo.cm-santiagocacem.pt\/en\/wp-json\/wp\/v2\/users\/2"}],"replies":[{"embeddable":true,"href":"https:\/\/turismo.cm-santiagocacem.pt\/en\/wp-json\/wp\/v2\/comments?post=848"}],"version-history":[{"count":1,"href":"https:\/\/turismo.cm-santiagocacem.pt\/en\/wp-json\/wp\/v2\/pages\/848\/revisions"}],"predecessor-version":[{"id":849,"href":"https:\/\/turismo.cm-santiagocacem.pt\/en\/wp-json\/wp\/v2\/pages\/848\/revisions\/849"}],"wp:attachment":[{"href":"https:\/\/turismo.cm-santiagocacem.pt\/en\/wp-json\/wp\/v2\/media?parent=848"}],"wp:term":[{"taxonomy":"category","embeddable":true,"href":"https:\/\/turismo.cm-santiagocacem.pt\/en\/wp-json\/wp\/v2\/categories?post=848"},{"taxonomy":"post_tag","embeddable":true,"href":"https:\/\/turismo.cm-santiagocacem.pt\/en\/wp-json\/wp\/v2\/tags?post=848"}],"curies":[{"name":"wp","href":"https:\/\/api.w.org\/{rel}","templated":true}]}}