{"id":914,"date":"2016-08-23T12:43:43","date_gmt":"2016-08-23T10:43:43","guid":{"rendered":"http:\/\/turismo.cm-santiagocacem.pt\/?page_id=914&#038;lang=en"},"modified":"2025-01-21T18:21:49","modified_gmt":"2025-01-21T16:21:49","slug":"tours","status":"publish","type":"page","link":"https:\/\/turismo.cm-santiagocacem.pt\/en\/tours\/","title":{"rendered":"Tours &#038;Trails"},"content":{"rendered":"<h1><\/h1>\n<h1>INVENTRIP<\/h1>\n<ul>\n<li><a href=\"https:\/\/inventrip.com\/santiagodocacem\/pt\" target=\"_blank\" rel=\"noopener\">INVENTRIP \u2013Inventory, Plan and Share Your Trips<\/a><\/li>\n<\/ul>\n<h1 style=\"text-align: left;\">MAPS<\/h1>\n<ul style=\"list-style-type: square;\">\n<li><a href=\"http:\/\/turismo.cm-santiagocacem.pt\/wp-content\/uploads\/Mapa-Tur\u00edstico-do-Munic\u00edpio-de-Santiago-do-Cac\u00e9m.pdf\">Tourist Map of the Municipality of Santiago do Cac\u00e9m<\/a><\/li>\n<\/ul>\n<h1>TOUR<\/h1>\n<ul>\n<li style=\"list-style-type: none;\">\n<ul>\n<li><a href=\"https:\/\/turismo.cm-santiagocacem.pt\/en\/santiago-do-cacem-historical-tour-1-day\/\">Santiago do Cac\u00e9m \u2013 Historical Tour \u2013 1 day<\/a><\/li>\n<li><a href=\"https:\/\/turismo.cm-santiagocacem.pt\/en\/senior-tour\/\">Santiago do Cac\u00e9m &#8211; Senior Tour<\/a><\/li>\n<li><a href=\"https:\/\/turismo.cm-santiagocacem.pt\/en\/santiago-way-alentejo-ribatejo-routes-through-santiago-do-cacem\/\">Santiago Way &#8211; routes through Santiago do Cac\u00e9m<\/a><\/li>\n<\/ul>\n<h1>WALKING TRAIL<\/h1>\n<ul>\n<li><a href=\"https:\/\/turismo.cm-santiagocacem.pt\/en\/salgueiral-da-galiza-walking-trail\/\">Salgueiral da Galiza Walking Trail<br \/>\n<\/a><\/li>\n<li><a href=\"http:\/\/www.icnf.pt\/portal\/turnatur\/resource\/docs\/ap\/rnlsas\/casa-peix-eng\">Casa do Peixe Trail leaflet\u00a0<\/a><\/li>\n<\/ul>\n<\/li>\n<\/ul>\n","protected":false},"excerpt":{"rendered":"<p>INVENTRIP INVENTRIP \u2013Inventory, Plan and Share Your Trips MAPS Tourist Map of the Municipality of Santiago do Cac\u00e9m TOUR Santiago do Cac\u00e9m \u2013 Historical Tour \u2013 1 day Santiago do Cac\u00e9m &#8211; Senior Tour Santiago Way &#8211; routes through Santiago do Cac\u00e9m WALKING TRAIL Salgueiral da Galiza Walking Trail Casa do Peixe Trail leaflet\u00a0<\/p>\n","protected":false},"author":1,"featured_media":0,"parent":0,"menu_order":0,"comment_status":"closed","ping_status":"closed","template":"","meta":{"_genesis_hide_title":false,"_genesis_hide_breadcrumbs":false,"_genesis_hide_singular_image":false,"_genesis_hide_footer_widgets":false,"_genesis_custom_body_class":"indice","_genesis_custom_post_class":"","_genesis_layout":"","footnotes":""},"categories":[59],"tags":[],"class_list":{"0":"post-914","1":"page","2":"type-page","3":"status-publish","5":"category-tours","6":"entry"},"_links":{"self":[{"href":"https:\/\/turismo.cm-santiagocacem.pt\/en\/wp-json\/wp\/v2\/pages\/914","targetHints":{"allow":["GET"]}}],"collection":[{"href":"https:\/\/turismo.cm-santiagocacem.pt\/en\/wp-json\/wp\/v2\/pages"}],"about":[{"href":"https:\/\/turismo.cm-santiagocacem.pt\/en\/wp-json\/wp\/v2\/types\/page"}],"author":[{"embeddable":true,"href":"https:\/\/turismo.cm-santiagocacem.pt\/en\/wp-json\/wp\/v2\/users\/1"}],"replies":[{"embeddable":true,"href":"https:\/\/turismo.cm-santiagocacem.pt\/en\/wp-json\/wp\/v2\/comments?post=914"}],"version-history":[{"count":14,"href":"https:\/\/turismo.cm-santiagocacem.pt\/en\/wp-json\/wp\/v2\/pages\/914\/revisions"}],"predecessor-version":[{"id":2681,"href":"https:\/\/turismo.cm-santiagocacem.pt\/en\/wp-json\/wp\/v2\/pages\/914\/revisions\/2681"}],"wp:attachment":[{"href":"https:\/\/turismo.cm-santiagocacem.pt\/en\/wp-json\/wp\/v2\/media?parent=914"}],"wp:term":[{"taxonomy":"category","embeddable":true,"href":"https:\/\/turismo.cm-santiagocacem.pt\/en\/wp-json\/wp\/v2\/categories?post=914"},{"taxonomy":"post_tag","embeddable":true,"href":"https:\/\/turismo.cm-santiagocacem.pt\/en\/wp-json\/wp\/v2\/tags?post=914"}],"curies":[{"name":"wp","href":"https:\/\/api.w.org\/{rel}","templated":true}]}}