{"id":1007,"date":"2016-10-18T16:33:41","date_gmt":"2016-10-18T14:33:41","guid":{"rendered":"http:\/\/turismo.cm-santiagocacem.pt\/es\/?page_id=1007"},"modified":"2016-10-18T16:33:41","modified_gmt":"2016-10-18T14:33:41","slug":"sendero-del-salgueiral-da-galiza","status":"publish","type":"page","link":"https:\/\/turismo.cm-santiagocacem.pt\/es\/sendero-del-salgueiral-da-galiza\/","title":{"rendered":"Sendero del Salgueiral da Galiza"},"content":{"rendered":"<p>El sendero del Salgueiral da Galiza se hace valer por la calidad de los h\u00e1bitats presentes y por la singularidad del paisaje que conforman.<\/p>\n<p>Se trata de un sendero circular con aproximadamente 1\u00a0900\u00a0m, sencillo, con parte del suelo sobre la tierra y otra parte en un pasadizo de madera.<\/p>\n<p>La entrada al sendero se hace desde una puerta que se encuentra al lado del Furo da Galiza, de la empresa \u00c1guas de Santo Andr\u00e9.<\/p>\n<p>Est\u00e1 abierto al p\u00fablico los mi\u00e9rcoles, de las 9:30 a las 12:00 horas y de las 15:00 a las 17:00 horas y los s\u00e1bados de las 9:30 a las 12:00 horas, con entrada gratuita.<\/p>\n<p>Las visitas guiadas por los t\u00e9cnicos de la reserva natural se har\u00e1n con cita previa por tel\u00e9fono y llamando al 269708400, y tienen un coste por visita.<\/p>\n<p>Se recomienda el uso de calzado para caminar\/botas\/tenis, sombrero y repelente de mosquitos.<\/p>\n<p style=\"padding-left: 30px;\"><strong><i class=\"fa fa-info \" ><\/i> \u00a0Percurso Pedestre do Salgueiral da Galiza:<\/strong>\u00a0vea\u00a0m\u00e1s\u00a0<strong><a href=\"http:\/\/turismo.cm-santiagocacem.pt\/wp-content\/uploads\/Percurso-do-Salgueiral-da-Galiza-folheto.pdf\" rel=\"\">AQU\u00cd<\/a><\/strong>.<\/p>\n","protected":false},"excerpt":{"rendered":"<p>El sendero del Salgueiral da Galiza se hace valer por la calidad de los h\u00e1bitats presentes y por la singularidad del paisaje que conforman. Se trata de un sendero circular con aproximadamente 1\u00a0900\u00a0m, sencillo, con parte del suelo sobre la tierra y otra parte en un pasadizo de madera. La entrada al sendero se hace [&hellip;]<\/p>\n","protected":false},"author":2,"featured_media":0,"parent":0,"menu_order":0,"comment_status":"closed","ping_status":"closed","template":"","meta":{"_genesis_hide_title":false,"_genesis_hide_breadcrumbs":false,"_genesis_hide_singular_image":false,"_genesis_hide_footer_widgets":false,"_genesis_custom_body_class":"","_genesis_custom_post_class":"","_genesis_layout":"","footnotes":""},"categories":[60],"tags":[],"class_list":{"0":"post-1007","1":"page","2":"type-page","3":"status-publish","5":"category-itinerarios","6":"entry"},"_links":{"self":[{"href":"https:\/\/turismo.cm-santiagocacem.pt\/es\/wp-json\/wp\/v2\/pages\/1007","targetHints":{"allow":["GET"]}}],"collection":[{"href":"https:\/\/turismo.cm-santiagocacem.pt\/es\/wp-json\/wp\/v2\/pages"}],"about":[{"href":"https:\/\/turismo.cm-santiagocacem.pt\/es\/wp-json\/wp\/v2\/types\/page"}],"author":[{"embeddable":true,"href":"https:\/\/turismo.cm-santiagocacem.pt\/es\/wp-json\/wp\/v2\/users\/2"}],"replies":[{"embeddable":true,"href":"https:\/\/turismo.cm-santiagocacem.pt\/es\/wp-json\/wp\/v2\/comments?post=1007"}],"version-history":[{"count":1,"href":"https:\/\/turismo.cm-santiagocacem.pt\/es\/wp-json\/wp\/v2\/pages\/1007\/revisions"}],"predecessor-version":[{"id":1008,"href":"https:\/\/turismo.cm-santiagocacem.pt\/es\/wp-json\/wp\/v2\/pages\/1007\/revisions\/1008"}],"wp:attachment":[{"href":"https:\/\/turismo.cm-santiagocacem.pt\/es\/wp-json\/wp\/v2\/media?parent=1007"}],"wp:term":[{"taxonomy":"category","embeddable":true,"href":"https:\/\/turismo.cm-santiagocacem.pt\/es\/wp-json\/wp\/v2\/categories?post=1007"},{"taxonomy":"post_tag","embeddable":true,"href":"https:\/\/turismo.cm-santiagocacem.pt\/es\/wp-json\/wp\/v2\/tags?post=1007"}],"curies":[{"name":"wp","href":"https:\/\/api.w.org\/{rel}","templated":true}]}}