{"id":1949,"date":"2020-03-23T14:04:16","date_gmt":"2020-03-23T12:04:16","guid":{"rendered":"http:\/\/turismo.cm-santiagocacem.pt\/agencias-de-turismo\/"},"modified":"2026-01-27T20:46:44","modified_gmt":"2026-01-27T18:46:44","slug":"agencia-de-turismo","status":"publish","type":"page","link":"https:\/\/turismo.cm-santiagocacem.pt\/es\/agencia-de-turismo\/","title":{"rendered":"Agencia de Turismo"},"content":{"rendered":"\n<h3 class=\"wp-block-heading\">SANTIAGO DO CAC\u00c9M<\/h3>\n\n\n\n<h4 class=\"wp-block-heading\">ClickViaja.Com<\/h4>\n\n\n\n<p>&nbsp;Estrada de Santa Cruz Edf. Millennium Loja 2<br>7540-242 Santiago do Cac\u00e9m<br>&nbsp;269 826 197<br>&nbsp;926 573 279<br>&nbsp;<a href=\"mailto:santiagodocacem@clickviaja.com\">santiagodocacem@clickviaja.com<\/a><br>&nbsp;<a href=\"http:\/\/www.santiagodocacem.clickviaja.com\/\">www.santiagodocacem.clickviaja.com<\/a><\/p>\n\n\n\n<h4 class=\"wp-block-heading\">JPTO \u2013 Bike in Portugal<\/h4>\n\n\n\n<p>&nbsp;Quinta de S\u00e3o Jo\u00e3o Escatelares 7540-061 Santiago do Cac\u00e9m<br>&nbsp;917 778 108<br>&nbsp;<a href=\"mailto:santiagodocacem@clickviaja.com\"><\/a><a href=\"mailto:teresa.uva@bikeinportugal.pt\">teresa.uva@bikeinportugal.pt<\/a><br>&nbsp;<a href=\"http:\/\/www.santiagodocacem.clickviaja.com\/\"><\/a><a href=\"http:\/\/www.bikeinportugal.pt\/\">www.bikeinportugal.pt<\/a><\/p>\n\n\n\n<h3 class=\"wp-block-heading\">VILA NOVA DE SANTO ANDR\u00c9<\/h3>\n\n\n\n<h4 class=\"wp-block-heading\">Viagens Abreu<\/h4>\n\n\n\n<p>&nbsp;Avenida Manuel da Fonseca, Bairro dos Serrotes \u2013 Bloco 2<br>7500-200 Vila Nova de Santo Andr\u00e9<br>&nbsp;269 759 160<br>&nbsp;917 001 957<br>&nbsp;<a href=\"mailto:sandre@abreu.pt\">sandre@abreu.pt<\/a><br>&nbsp;<a href=\"http:\/\/www.abreu.pt\/\">www.abreu.pt<\/a><\/p>\n\n\n\n<h4>Cheiro de Terra Molhada<\/h4>\n<p>Rua dos Pl\u00e1tanos- Bairro do Pinhal Bloco C1 &#8211; Corpo 3 N4 7500-180 Vila Nova de Santo Andr\u00e9<\/p>\n<p>963 893 788<\/p>\n<p><a href=\"http:\/\/www.cheirodeterramolhada.com\" target=\"_blank\" rel=\"noopener\">\u00a0www.cheirodeterramolhada.com<\/a><\/p>\n<p>\u00a0<a href=\"admin@cheirodeterramolhada.com\" target=\"_blank\" rel=\"noopener\">admin@cheirodeterramolhada.com<\/a><\/p>\n\n\n\n\n\n<h3 class=\"wp-block-heading\">S\u00c3O FRANCISCO DA SERRA<\/h3>\n\n\n\n<h4 class=\"wp-block-heading\">Transfers Gamito e Fonseca<\/h4>\n\n\n\n<p>&nbsp;Av\u00aa Padre Bernardino da Costa n\u00ba 22 Cruz de Jo\u00e3o Mendes 7540-551 S\u00e3o Francisco da Serra<br>&nbsp;966&nbsp;797 397<br>&nbsp;<a href=\"mailto:sandre@abreu.pt\"><\/a><a href=\"mailto:mimartinho59@gmail.com.pt\"><\/a><a href=\"mailto:taxisgamitofonseca@gmail.com\">taxisgamitofonseca@gmail.com<\/a><\/p>\n\n\n\n<h3 class=\"wp-block-heading\">CERCAL DO ALENTEJO<\/h3>\n\n\n\n<h4 class=\"wp-block-heading\">A.M. Nunes Travel Unip. Lda<\/h4>\n\n\n\n<p>&nbsp;Rua Ac\u00e1cio Guerreiro de Melo n\u00ba 13 7555-115 Cercal do Alentejo<br>&nbsp;967&nbsp;021 105<br>&nbsp;<a href=\"mailto:sandre@abreu.pt\"><\/a><a href=\"mailto:mimartinho59@gmail.com.pt\"><\/a><a href=\"mailto:taxisgamitofonseca@gmail.com\"><\/a><a href=\"mailto:amnunes.travel@outlook.com\">amnunes.travel@outlook.com<\/a><\/p>\n\n\n\n<h4 class=\"wp-block-heading\">Vicentina Tours<\/h4>\n\n\n\n<p>&nbsp;Largo dos Caeiros n\u00ba 76 2\u00ba Esq. 7555-115 Cercal do Alentejo<br>&nbsp;964&nbsp;596 036<br>&nbsp;<a href=\"mailto:sandre@abreu.pt\"><\/a><a href=\"mailto:mimartinho59@gmail.com.pt\"><\/a><a href=\"mailto:taxisgamitofonseca@gmail.com\"><\/a><a href=\"mailto:amnunes.travel@outlook.com\"><\/a><a href=\"mailto:taxivnmilfontes@gmail.com\">taxivnmilfontes@gmail.com<\/a>;&nbsp;<a href=\"mailto:reservasvicentinatours@gmail.com\">reservasvicentinatours@gmail.com<\/a><br>&nbsp;<a href=\"http:\/\/www.vicentinatours.com\/\">www.vicentinatours.com<\/a><\/p>\n","protected":false},"excerpt":{"rendered":"<p>SANTIAGO DO CAC\u00c9M ClickViaja.Com &nbsp;Estrada de Santa Cruz Edf. Millennium Loja 27540-242 Santiago do Cac\u00e9m&nbsp;269 826 197&nbsp;926 573 279&nbsp;santiagodocacem@clickviaja.com&nbsp;www.santiagodocacem.clickviaja.com JPTO \u2013 Bike in Portugal &nbsp;Quinta de S\u00e3o Jo\u00e3o Escatelares 7540-061 Santiago do Cac\u00e9m&nbsp;917 778 108&nbsp;teresa.uva@bikeinportugal.pt&nbsp;www.bikeinportugal.pt VILA NOVA DE SANTO ANDR\u00c9 Viagens Abreu &nbsp;Avenida Manuel da Fonseca, Bairro dos Serrotes \u2013 Bloco 27500-200 Vila Nova de [&hellip;]<\/p>\n","protected":false},"author":2,"featured_media":0,"parent":0,"menu_order":0,"comment_status":"closed","ping_status":"closed","template":"","meta":{"_genesis_hide_title":false,"_genesis_hide_breadcrumbs":false,"_genesis_hide_singular_image":false,"_genesis_hide_footer_widgets":false,"_genesis_custom_body_class":"","_genesis_custom_post_class":"","_genesis_layout":"","footnotes":""},"categories":[64],"tags":[],"class_list":{"0":"post-1949","1":"page","2":"type-page","3":"status-publish","5":"category-turismo-es","6":"entry"},"_links":{"self":[{"href":"https:\/\/turismo.cm-santiagocacem.pt\/es\/wp-json\/wp\/v2\/pages\/1949","targetHints":{"allow":["GET"]}}],"collection":[{"href":"https:\/\/turismo.cm-santiagocacem.pt\/es\/wp-json\/wp\/v2\/pages"}],"about":[{"href":"https:\/\/turismo.cm-santiagocacem.pt\/es\/wp-json\/wp\/v2\/types\/page"}],"author":[{"embeddable":true,"href":"https:\/\/turismo.cm-santiagocacem.pt\/es\/wp-json\/wp\/v2\/users\/2"}],"replies":[{"embeddable":true,"href":"https:\/\/turismo.cm-santiagocacem.pt\/es\/wp-json\/wp\/v2\/comments?post=1949"}],"version-history":[{"count":5,"href":"https:\/\/turismo.cm-santiagocacem.pt\/es\/wp-json\/wp\/v2\/pages\/1949\/revisions"}],"predecessor-version":[{"id":2893,"href":"https:\/\/turismo.cm-santiagocacem.pt\/es\/wp-json\/wp\/v2\/pages\/1949\/revisions\/2893"}],"wp:attachment":[{"href":"https:\/\/turismo.cm-santiagocacem.pt\/es\/wp-json\/wp\/v2\/media?parent=1949"}],"wp:term":[{"taxonomy":"category","embeddable":true,"href":"https:\/\/turismo.cm-santiagocacem.pt\/es\/wp-json\/wp\/v2\/categories?post=1949"},{"taxonomy":"post_tag","embeddable":true,"href":"https:\/\/turismo.cm-santiagocacem.pt\/es\/wp-json\/wp\/v2\/tags?post=1949"}],"curies":[{"name":"wp","href":"https:\/\/api.w.org\/{rel}","templated":true}]}}