{"id":750,"date":"2016-08-16T12:23:04","date_gmt":"2016-08-16T10:23:04","guid":{"rendered":"http:\/\/turismo.cm-santiagocacem.pt\/?page_id=750&#038;lang=es"},"modified":"2026-01-27T20:15:04","modified_gmt":"2026-01-27T18:15:04","slug":"oficinas-de-informacion-turistica","status":"publish","type":"page","link":"https:\/\/turismo.cm-santiagocacem.pt\/es\/oficinas-de-informacion-turistica\/","title":{"rendered":"Oficina de informaci\u00f3n tur\u00edstica"},"content":{"rendered":"<h3>Oficina de Turismo de Santiago do Cac\u00e9m<\/h3>\n<p id=\"tw-target-text\" class=\"tw-data-text tw-text-large tw-ta\" dir=\"ltr\" tabindex=\"-1\" role=\"text\" data-placeholder=\"Tradu\u00e7\u00e3o\" data-ved=\"2ahUKEwj2jqP6qKySAxWSVaQEHYYqCfEQ3ewLegQIDBAX\" aria-label=\"Texto traduzido: Exposici\u00f3n y venta de artesan\u00edas y productos regionales.\"><span class=\"Y2IQFc\" lang=\"es\">Exposici\u00f3n y venta de artesan\u00edas y productos regionales.<\/span><\/p>\n<p style=\"padding-left: 30px;\"><i class=\"fa fa-map-signs \" ><\/i>\u00a0 Pra\u00e7a do Mercado Municipal\u00a0, 7540-241 Santiago do Cac\u00e9m<\/p>\n<p style=\"padding-left: 30px;\"><i class=\"fa fa-phone \" ><\/i> \u00a0269 826 696<\/p>\n<p style=\"padding-left: 30px;\"><i class=\"fa fa-envelope \" ><\/i> \u00a0<a href=\"mailto:turismo@cm-santiagocacem.pt\">turismo@cm-santiagocacem.pt<\/a><\/p>\n<p style=\"padding-left: 30px;\"><i class=\"fa fa-clock-o \" ><\/i>\u00a0\u00a0\u00a0Horario<br \/>2.\u00aa feira a viernes: 08h30 \u2013 16h30 <span class=\"Y2IQFc\" lang=\"es\">(no cierra para el almuerzo)<br \/><\/span>Sabado: 09h00 &#8211; 15h00<br \/>Cerrado: Domingos y Festivos<\/p>\n\n\n<figure class=\"wp-block-image\"><img loading=\"lazy\" decoding=\"async\" width=\"1255\" height=\"879\" src=\"https:\/\/turismo.cm-santiagocacem.pt\/wp-content\/uploads\/Posto-Turismo.jpg\" alt=\"\" class=\"wp-image-2877\" srcset=\"https:\/\/turismo.cm-santiagocacem.pt\/wp-content\/uploads\/Posto-Turismo.jpg 1255w, https:\/\/turismo.cm-santiagocacem.pt\/wp-content\/uploads\/Posto-Turismo-300x210.jpg 300w, https:\/\/turismo.cm-santiagocacem.pt\/wp-content\/uploads\/Posto-Turismo-1024x717.jpg 1024w, https:\/\/turismo.cm-santiagocacem.pt\/wp-content\/uploads\/Posto-Turismo-325x228.jpg 325w\" sizes=\"auto, (max-width: 1255px) 100vw, 1255px\" \/><\/figure>\n\n\n\n<h3 id=\"tw-target-text\" class=\"tw-data-text tw-text-large tw-ta\" dir=\"ltr\" tabindex=\"-1\" role=\"text\" data-placeholder=\"Tradu\u00e7\u00e3o\" data-ved=\"2ahUKEwj2jqP6qKySAxWSVaQEHYYqCfEQ3ewLegQIDBAX\" aria-label=\"Texto traduzido: Cerrado\"><span class=\"Y2IQFc\" lang=\"es\" style=\"color: #0000ff;\">Cerrado<\/span><\/h3>\n<h3>Oficina de turismo de la Junta de la Pedan\u00eda de la Uni\u00f3n de Pedan\u00edas de Santiago do Cac\u00e9m, Santa Cruz y S\u00e3o Bartolomeu da Serra<\/h3>\n<p style=\"padding-left: 30px;\"><i class=\"fa fa-map-signs \" ><\/i> R. Condes de Avillez (Centro Hist\u00f3rico),\u00a07540 &#8211; 152 Santiago do Cac\u00e9m<\/p>\n<p style=\"padding-left: 30px;\"><i class=\"fa fa-phone \" ><\/i> 269 825 382<\/p>\n<p style=\"padding-left: 30px;\"><i class=\"fa fa-envelope \" ><\/i> <a href=\"mailto:junta.santiago.turismo@gmail.com\">junta.santiago.turismo@gmail.com<\/a><\/p>\n<p style=\"padding-left: 30px;\"><i class=\"fa fa-clock-o \" ><\/i> Horario de invierno:<br \/>de martes a s\u00e1bado: 09:00 \u2013 13:00 y 14:00 \u2013 17:00<br \/>Cerrado: domingos, lunes y festivos<\/p>\n<p style=\"padding-left: 30px;\"><i class=\"fa fa-clock-o \" ><\/i> Horario de verano:<br \/>de martes a s\u00e1bado: 10:00 \u2013 13:00 y 14:00 \u2013 18:00<br \/>Cerrado: domingos, lunes y festivos<\/p>\n","protected":false},"excerpt":{"rendered":"<p>Oficina de Turismo de Santiago do Cac\u00e9m Exposici\u00f3n y venta de artesan\u00edas y productos regionales. \u00a0 Pra\u00e7a do Mercado Municipal\u00a0, 7540-241 Santiago do Cac\u00e9m \u00a0269 826 696 \u00a0turismo@cm-santiagocacem.pt \u00a0\u00a0\u00a0Horario2.\u00aa feira a viernes: 08h30 \u2013 16h30 (no cierra para el almuerzo)Sabado: 09h00 &#8211; 15h00Cerrado: Domingos y Festivos Cerrado Oficina de turismo de la Junta de la [&hellip;]<\/p>\n","protected":false},"author":2,"featured_media":0,"parent":0,"menu_order":0,"comment_status":"closed","ping_status":"closed","template":"","meta":{"_genesis_hide_title":false,"_genesis_hide_breadcrumbs":false,"_genesis_hide_singular_image":false,"_genesis_hide_footer_widgets":false,"_genesis_custom_body_class":"","_genesis_custom_post_class":"","_genesis_layout":"","footnotes":""},"categories":[64],"tags":[],"class_list":{"0":"post-750","1":"page","2":"type-page","3":"status-publish","5":"category-turismo-es","6":"entry","7":"has-post-thumbnail"},"_links":{"self":[{"href":"https:\/\/turismo.cm-santiagocacem.pt\/es\/wp-json\/wp\/v2\/pages\/750","targetHints":{"allow":["GET"]}}],"collection":[{"href":"https:\/\/turismo.cm-santiagocacem.pt\/es\/wp-json\/wp\/v2\/pages"}],"about":[{"href":"https:\/\/turismo.cm-santiagocacem.pt\/es\/wp-json\/wp\/v2\/types\/page"}],"author":[{"embeddable":true,"href":"https:\/\/turismo.cm-santiagocacem.pt\/es\/wp-json\/wp\/v2\/users\/2"}],"replies":[{"embeddable":true,"href":"https:\/\/turismo.cm-santiagocacem.pt\/es\/wp-json\/wp\/v2\/comments?post=750"}],"version-history":[{"count":10,"href":"https:\/\/turismo.cm-santiagocacem.pt\/es\/wp-json\/wp\/v2\/pages\/750\/revisions"}],"predecessor-version":[{"id":2882,"href":"https:\/\/turismo.cm-santiagocacem.pt\/es\/wp-json\/wp\/v2\/pages\/750\/revisions\/2882"}],"wp:attachment":[{"href":"https:\/\/turismo.cm-santiagocacem.pt\/es\/wp-json\/wp\/v2\/media?parent=750"}],"wp:term":[{"taxonomy":"category","embeddable":true,"href":"https:\/\/turismo.cm-santiagocacem.pt\/es\/wp-json\/wp\/v2\/categories?post=750"},{"taxonomy":"post_tag","embeddable":true,"href":"https:\/\/turismo.cm-santiagocacem.pt\/es\/wp-json\/wp\/v2\/tags?post=750"}],"curies":[{"name":"wp","href":"https:\/\/api.w.org\/{rel}","templated":true}]}}