{"id":765,"date":"2016-08-16T16:39:44","date_gmt":"2016-08-16T14:39:44","guid":{"rendered":"http:\/\/turismo.cm-santiagocacem.pt\/?page_id=765&#038;lang=es"},"modified":"2025-09-16T12:10:38","modified_gmt":"2025-09-16T10:10:38","slug":"alojamiento-santiago-do-cacem","status":"publish","type":"page","link":"https:\/\/turismo.cm-santiagocacem.pt\/es\/alojamiento-santiago-do-cacem\/","title":{"rendered":"Alojamiento: Santiago do Cac\u00e9m"},"content":{"rendered":"<div id=\"accordion-1\" class=\"accordion no-js\"><br \/>\n\n        <h3 class=\"accordion-title\">\n            <button id=\"accordion-1-t1\" class=\"js-accordion-controller\" aria-controls=\"accordion-1-c1\" aria-expanded=\"false\" >\n                Establecimientos hoteleros - Hoteles            <\/button>\n        <\/h3>\n\n        <div id=\"accordion-1-c1\" class=\"accordion-content\" aria-hidden=\"true\">\n            <\/p>\n<h4>Hotel Dom Nuno***<br \/>\n(Hotel)<\/h4>\n<p><strong>Responsable:<\/strong>\u00a0Maria do Ros\u00e1rio Silva<br \/>\n<strong>Capacidad:<\/strong> 75 habitaciones<\/p>\n<p><i class=\"fa fa-map-signs \" ><\/i> Avenida Dom Nuno \u00c1lvares Pereira, n.\u00ba 90,\u00a07540 &#8211; 103 Santiago do Cac\u00e9m<br \/>\n<i class=\"fa fa-phone \" ><\/i> 269 823 325\/6\/7 <i class=\"fa fa-fax \" ><\/i> 269 823 328<br \/>\n<i class=\"fa fa-envelope-o \" ><\/i> <a href=\"mailto:geral@albdnuno.com\" target=\"_blank\" rel=\"noopener noreferrer\">geral@albdnuno.com<\/a><br \/>\n<i class=\"fa fa-globe \" ><\/i> <a href=\"http:\/\/www.albdnuno.com\" target=\"_blank\" rel=\"noopener noreferrer\">www.albdnuno.com<\/a><\/p>\n<h4 style=\"background: white; margin: 0cm 0cm 7.5pt 0cm;\"><span style=\"font-family: Arial, sans-serif; color: #000000;\">Santiago Hotel Cooking &amp; Nature ****<br \/>\n<\/span><\/h4>\n<p id=\"tw-target-text\" class=\"tw-data-text tw-text-large XcVN5d tw-ta\" dir=\"ltr\" data-placeholder=\"Tradu\u00e7\u00e3o\"><span lang=\"es\">Cerrado durante el invierno de 2020<\/span><\/p>\n<p><strong>Responsable:<\/strong> Gon\u00e7alo Raposo de Magalh\u00e3es<br \/>\n<strong>Capacidad:<\/strong> 64 personas<br \/>\n<strong>Unidades de alojamiento:<\/strong> 31 habitaciones e 1 su\u00edte<\/p>\n<p><i class=\"fa fa-map-signs \" ><\/i>\u00a0Rua Cidade de Beja, 7540 \u2013 163 Santiago do Cac\u00e9m<br \/>\n<i class=\"fa fa-phone \" ><\/i>\u00a0269 249 900<br \/>\n<i class=\"fa fa-envelope-o \" ><\/i><a href=\"mailto:info@santiagohotel.pt\">\u00a0info@santiagohotel.pt<\/a><br \/>\n<i class=\"fa fa-globe \" ><\/i> \u00a0<a href=\"http:\/\/www.santiagohotel.pt\/home\">http:\/\/www.santiagohotel.pt\/home<\/a><\/p>\n<p><strong>Animales:<\/strong> Permitido<\/p>\n<p>        <\/div>\n\n        <\/p>\n<p>\n        <h3 class=\"accordion-title\">\n            <button id=\"accordion-1-t2\" class=\"js-accordion-controller\" aria-controls=\"accordion-1-c2\" aria-expanded=\"false\" >\n                Empresas turisticas - Alojamiento local            <\/button>\n        <\/h3>\n\n        <div id=\"accordion-1-c2\" class=\"accordion-content\" aria-hidden=\"true\">\n            <\/p>\n<h4><strong>Alojamento Local Ferreira\u00a0<\/strong><\/h4>\n<p><strong>Responsable: <\/strong>Maria Pereira Ferreira de Matos<br \/>\n<strong>Capacidad: <\/strong>4 personas (2 camas)<\/p>\n<p><i class=\"fa fa-map-signs fa- \"><\/i>\u00a0Pra\u00e7a Zeca Afonso, n.\u00ba 1, 1.\u00ba, 7540-138 Santiago do Cac\u00e9m<br \/>\n<i class=\"fa fa-mobile fa- \"><\/i>\u00a0 962 696 209<\/p>\n<h4>Alojamento Local Ferreira<\/h4>\n<p><strong>Responsable: <\/strong>Maria Pereira Ferreira de Matos<br \/>\n<strong>Capacidad<\/strong>: 10 personas (7 camas)<\/p>\n<p><i class=\"fa fa-map-signs \" ><\/i> Rua Cidade de Set\u00fabal, n.\u00ba 41, 1-\u00ba, 7540-150 Santiago do Cac\u00e9m<br \/>\n<i class=\"fa fa-mobile \" ><\/i> 962 696 209<\/p>\n<h4><strong>Casa Carapinha<\/strong><\/h4>\n<p><strong>Responsable:: <\/strong>Ant\u00f3nio Jacinto Pereira<br \/>\n<strong>Capacidad: <\/strong>5 personas (5 camas)<\/p>\n<p><i class=\"fa fa-map-signs fa- \"><\/i>\u00a0Rua Jos\u00e9 Matias Domingos, n.\u00ba 8, 7540-107 Santiago do Cac\u00e9m<br \/>\n<i class=\"fa fa-mobile fa- \"><\/i>\u00a0\u00a0965 397 530<br \/>\n<i class=\"fa fa-envelope-o fa- \"><\/i>\u00a0\u00a0<u><a href=\"mailto:antoniopereira1938@hotmail.com\">antoniopereira1938@hotmail.com<\/a><\/u><\/p>\n<h4><strong>Casa Rodrigues<\/strong><\/h4>\n<p><strong>Responsable: <\/strong>Luis Manuel Bai\u00e3o Rodrigues<br \/>\n<strong>Capacidad: <\/strong>4 personas (2 camas)<\/p>\n<p><i class=\"fa fa-map-signs fa- \"><\/i>\u00a0Rua Jos\u00e9 Matias Domingos, n.\u00ba 11, 7540-107 Santiago do Cac\u00e9m<br \/>\n<i class=\"fa fa-mobile fa- \"><\/i>\u00a0963 922 962<br \/>\n<i class=\"fa fa-envelope-o fa- \"><\/i>\u00a0<u><a href=\"mailto:mariaamsmr@gmail.com\">mariaamsmr@gmail.com<\/a><\/u><\/p>\n<h4>Casa do Castelo<\/h4>\n<p><strong>Responsable:<\/strong>\u00a0Babo \u2013 Actividades Tur\u00edsticas, Lda.<br \/>\n<strong>Capacidad:<\/strong>\u00a08 personas (4 camas)<\/p>\n<p><i class=\"fa fa-map-signs fa- \"><\/i>\u00a0Rua Condes de Avilez, n.\u00ba 6, 7540 \u2013 152 Santiago do Cac\u00e9m<br \/>\n<i class=\"fa fa-phone fa- \"><\/i>\u00a0269 822 560<br \/>\n<i class=\"fa fa-mobile fa- \"><\/i>\u00a0917 127 071 \/ 918 169 699<br \/>\n<i class=\"fa fa-envelope-o fa- \"><\/i>\u00a0<a href=\"mailto:casadopapagaio@netmadeira.com\">casadopapagaio@netmadeira.com<\/a><\/p>\n<h4>Casa Girassol<\/h4>\n<p><strong>Responsable:<\/strong>\u00a0Margarida Isabel de Matos Pereira<br \/>\n<strong>Capacidad:<\/strong>\u00a02 quartos \u2013 7 personas<\/p>\n<p><i class=\"fa fa-map-signs fa- \"><\/i>\u00a0Largo 28 de agosto, 7540-126 Santiago do Cac\u00e9m<\/p>\n<h4><strong>Casinhas da Aldeia\u00a0<\/strong><\/h4>\n<p><strong>Responsable: <\/strong>Fatima Abreu Krus<br \/>\n<strong style=\"font-size: inherit;\">Capacidad: <\/strong><span style=\"font-size: inherit;\">10 personas \/ 5 habitaciones (6 camas)<\/span><\/p>\n<p><span style=\"font-size: inherit;\"><i class=\"fa fa-map-signs \" ><\/i> Estrada Monte do Cardal, Cardoal, 7540-068 Santiago do Cac\u00e9m<br \/>\n<\/span><span style=\"font-size: inherit;\"><i class=\"fa fa-mobile \" ><\/i> 962284363<br \/>\n<i class=\"fa fa-envelope-o \" ><\/i> <\/span><a href=\"mailto:fatima.\">fatima.<\/a> <a href=\"mailto:krus@gmail.com\">krus@gmail.com<\/a><\/p>\n<h4><strong>Casinhas da Ameijoafa<\/strong><strong><br \/>\n<\/strong><\/h4>\n<p><strong>Responsable:<\/strong> Ant\u00f3nio Raul Mira Brito Paes<br \/>\n<strong>Capacidad:<\/strong>\u00a0 8\u00a0 personas (6 camas)<\/p>\n<p><i class=\"fa fa-map-signs \" ><\/i>\u00a0Quinta Courelas das Laranjeiras do Sul, 7540\u00a0 S\u00e3o Francisco da Serra<br \/>\n<i class=\"fa fa-mobile \" ><\/i> 916 172 639<br \/>\n<i class=\"fa fa-envelope-o \" ><\/i>\u00a0\u00a0<a href=\"mailto:xico.sdias@gmail.com\">xico.sdias@gmail.com<\/a><\/p>\n<h4>Courela das Laranjeiras do Sul<\/h4>\n<p><strong>Responsable:<\/strong> Francisco Manuel da Silva Dias<br \/>\n<strong>Capacidad<\/strong>: 8 personas (8 camas)<\/p>\n<p>Quinta Courelas das Laranjeiras do Sul, 7540\u00a0 S\u00e3o Francisco da Serra<br \/>\n<i class=\"fa fa-mobile \" ><\/i> 916 172 639<br \/>\n<i class=\"fa fa-phone \" ><\/i> 213 627 802<br \/>\n<i class=\"fa fa-envelope-o \" ><\/i>\u00a0 <a href=\"mailto:xico.sdias@gmail.com\">xico.sdias@gmail.com<\/a><\/p>\n<h4><strong>Courela do Sobreiro\u00a0<\/strong><\/h4>\n<p><strong>Responsable: <\/strong>Ricardo Jos\u00e9 Pereira Agostinho<br \/>\n<strong>Capacidad: <\/strong>9 personas (9 camas)<\/p>\n<p><i class=\"fa fa-map-signs fa- \"><\/i>\u00a0Courela do Sobreiro, 7540-060 Santiago do Cac\u00e9m<br \/>\n<i class=\"fa fa-mobile fa- \"><\/i>\u00a00032479539039<br \/>\n<i class=\"fa fa-envelope-o fa- \"><\/i>\u00a0<u><a href=\"mailto:rjp_agostinho@yahoo.com\">rjp_agostinho@yahoo.com<\/a><\/u><\/p>\n<h4><strong>Covas de Armando J. Pereira e Filhos, Lda.<\/strong><\/h4>\n<p><strong>Responsable:<\/strong>\u00a0Isabel Maria Gon\u00e7alves Pereira<br \/>\n<strong>Capacidad:<\/strong> 11 habitaciones (3 singles, 1 triplo e 7 duplos)<\/p>\n<p><i class=\"fa fa-map-signs fa- \"><\/i>\u00a0Rua Cidade de Set\u00fabal, n\u00ba 8,\u00a07540 \u2013 150 Santiago do Cac\u00e9m<br \/>\n<i class=\"fa fa-mobile fa- \"><\/i>\u00a0968 116 584<br \/>\n<i class=\"fa fa-envelope-o fa- \"><\/i>\u00a0<a href=\"mailto:restaurantecovas@hotmail.com\" target=\"_blank\" rel=\"noopener noreferrer\">restaurantecovas@hotmail.com<\/a><\/p>\n<h4>Havana Vintage<\/h4>\n<p><strong>Responsable:<\/strong>\u00a0Jos\u00e9 Ant\u00f3nio de Oliveira Matias<br \/>\n<strong>Capacidade:<\/strong> 2 habitaciones \u2013 8 personas<\/p>\n<p><i class=\"fa fa-map-signs fa- \"><\/i>\u00a0Rua Jos\u00e9 Matias Domingos 7540-107 Santiago do Cac\u00e9m<\/p>\n<h4><strong>Herdade do Morro Bento\u00a0<\/strong><\/h4>\n<p><strong>Responsable: <\/strong>Jos\u00e9 Manuel de Aguiar Paulino<br \/>\n<strong>Capacidad: <\/strong>2 personas<\/p>\n<p><i class=\"fa fa-map-signs fa- \"><\/i>\u00a0Boavista- Estrada Nacional 120, 7540-068 Santiago do Cac\u00e9m<br \/>\n<i class=\"fa fa-mobile fa- \"><\/i>\u00a0\u00a0934 407 855<br \/>\n<i class=\"fa fa-envelope-o fa- \"><\/i>\u00a0<u><a href=\"mailto:jma.paulino@hotmail.com\">jma.paulino@hotmail.com<\/a><\/u><\/p>\n<h4><strong>Hortacasa\u00a0<\/strong><\/h4>\n<p><strong>Responsable: <\/strong>Ariana Quartin Sim\u00e3o Montalv\u00e3o Figueiredo<br \/>\n<strong style=\"font-size: inherit;\">Capacidad: <\/strong><span style=\"font-size: inherit;\">2 personas \/ 1 habitacione (1 cama)<\/span><\/p>\n<p><i class=\"fa fa-map-signs \" ><\/i> Rua Alberto Perninha, Quinta do Pedro, 7540-236 Santiago do Cac\u00e9m<br \/>\n<span style=\"font-size: inherit;\"><i class=\"fa fa-mobile \" ><\/i>\u00a0 916002184<br \/>\n<i class=\"fa fa-envelope-o \" ><\/i> <\/span><a style=\"font-size: inherit;\" href=\"mailto:montalvaofigueiredo@hotmail.com\">montalvaofigueiredo@hotmail.com<\/a><\/p>\n<h4>Monte Sarnada<\/h4>\n<p><strong>Responsable:<\/strong> Horizonte Soberano, Lda.<br \/>\n<strong>Capacidad:<\/strong> 12 personas (12 camas)<\/p>\n<p><i class=\"fa fa-map-signs \" ><\/i> Monte da Sarnada, Caixa Postal 3221, 7540-060 Vale Seco<br \/>\n<i class=\"fa fa-mobile \" ><\/i> \u00a0963 723 280<br \/>\n<i class=\"fa fa-envelope-o \" ><\/i>\u00a0<a href=\"mailto:reservaalecrim@gmail.com\">reservaalecrim@gmail.com<\/a><\/p>\n<h4>Monte da Casa Velha<\/h4>\n<p><strong>Responsable::<\/strong>\u00a0Jo\u00e3o Manuel Cabrita de Brito Ferreira<br \/>\n<strong>Capacidad:<\/strong> 8 personas (3 habitaciones)<\/p>\n<p><i class=\"fa fa-map-signs fa- \"><\/i>\u00a0Monte da Casa Velha, 7540 \u2013 068 Santiago do Cac\u00e9m<br \/>\n<i class=\"fa fa-mobile fa- \"><\/i>\u00a0965 061 896<br \/>\n<i class=\"fa fa-envelope-o fa- \"><\/i>\u00a0<a href=\"mailto:joaobritoferreira@gmail.com\">joaobritoferreira@gmail.com<\/a><\/p>\n<h4><strong>Monte dos Carotos\u00a0<\/strong><\/h4>\n<p><strong>Responsable:: <\/strong>Sylvie Annette Veninga<br \/>\n<strong>Capacidad: <\/strong>4 personas (3 camas)<\/p>\n<p><i class=\"fa fa-map-signs fa- \"><\/i>\u00a0Monte dos Carotos, Apartado 110 \u2013 Escatelares, 7540-061 Santiago do Cac\u00e9m<br \/>\n<i class=\"fa fa-mobile fa- \"><\/i>\u00a0917 029 501<br \/>\n<i class=\"fa fa-envelope-o fa- \"><\/i>\u00a0\u00a0<u><a href=\"mailto:sylv76@hotmail.com\">sylv76@hotmail.com<\/a><\/u><\/p>\n<h4>Monte do Alto<\/h4>\n<p><strong>Responsable:<\/strong>\u00a0Isabel Maria de Mendon\u00e7a Beja da Costa<br \/>\n<strong>Capacidad:<\/strong>\u00a04 personas (2 camas)<\/p>\n<p><i class=\"fa fa-map-signs fa- \"><\/i>\u00a0Monte do Alto, 7540 \u2013 060 Aldeia dos Ch\u00e3os<br \/>\n<i class=\"fa fa-phone fa- \"><\/i>\u00a0269 823 061<br \/>\n<i class=\"fa fa-mobile fa- \"><\/i>\u00a0962 995 767<br \/>\n<i class=\"fa fa-envelope-o fa- \"><\/i>\u00a0<a href=\"mailto:isabel_beja@hotmail.com\" target=\"_blank\" rel=\"noopener noreferrer\">isabel_beja@hotmail.com<\/a><\/p>\n<h4>Monte do Pereiro<\/h4>\n<p><strong>Responsable:<\/strong> Tiago Camacho Pereira Rito<br \/>\n<strong>Capacidad:<\/strong> 3 habitaciones \u2013 6 personas<\/p>\n<p><i class=\"fa fa-map-signs \" ><\/i> Quinta Monte do Pereiro 7540-060 Santiago do Cac\u00e9m<br \/>\n<i class=\"fa fa-mobile \" ><\/i> 966 140 162<br \/>\n<i class=\"fa fa-envelope-o \" ><\/i> <a href=\"mailto:tiagocprito@gmail.com\">tiagocprito@gmail.com<\/a><\/p>\n<h4>Para\u00edso da Costa Vicentina<\/h4>\n<p><strong>Responsable::<\/strong>\u00a0Bif\u00edsio, Lda<br \/>\n<strong>Capacidad:<\/strong>\u00a05 personas (3 camas)<\/p>\n<p><i class=\"fa fa-map-signs fa- \"><\/i>\u00a0Quinta das Hortas Escatelares 7540 \u2013 061 Santiago do Cac\u00e9m<br \/>\n<i class=\"fa fa-mobile fa- \"><\/i>\u00a0917 289 665<br \/>\n<i class=\"fa fa-envelope-o fa- \"><\/i>\u00a0l<a href=\"mailto:xtownhouse@gmail.com\" target=\"_blank\" rel=\"noopener noreferrer\">xtownhouse@gmail.com<\/a><\/p>\n<h4>Pedro Barros<\/h4>\n<p><strong>Responsable::<\/strong>\u00a0Pedro Barros<br \/>\n<strong>Capacidad:<\/strong>\u00a02 personas (1 quarto)<\/p>\n<p><i class=\"fa fa-map-signs fa- \"><\/i>\u00a0Rua Jos\u00e9 Maria Pinela, n.\u00ba 25, 7540-195 Santiago do Cac\u00e9m<br \/>\n<i class=\"fa fa-mobile fa- \"><\/i>\u00a0960 018 875<br \/>\n<i class=\"fa fa-envelope-o fa- \"><\/i>\u00a0<a href=\"mailto:pedromnbarros@gmail.com\" target=\"_blank\" rel=\"noopener noreferrer\">pedromnbarros@gmail.com<\/a><\/p>\n<h4>Ol\u00edvia Bentinho<\/h4>\n<p><strong>Responsable::<\/strong>\u00a0Ol\u00edvia Bentinho<br \/>\n<strong>Capacidad:<\/strong> 3 camas duplas \/ 3 habitaciones<\/p>\n<p><i class=\"fa fa-map-signs fa- \"><\/i>\u00a0Av. D. Nuno \u00c1lvares Pereira, n.\u00ba 37, 1.\u00ba, 7540\u00a0 Santiago do Cac\u00e9m<br \/>\n<i class=\"fa fa-phone fa- \"><\/i>\u00a0269 822 574<\/p>\n<h4>Os Fernandos<\/h4>\n<p><strong>Responsable::<\/strong>\u00a0Fernando Joaquim Pereira<br \/>\n<strong>Capacidad:<\/strong>\u00a06 quartos<\/p>\n<p><i class=\"fa fa-map-signs fa- \"><\/i>\u00a0Rua Professor Egas Moniz, 6, 7540 Santiago do Cac\u00e9m<br \/>\n<i class=\"fa fa-phone fa- \"><\/i>\u00a0269 826 020<br \/>\n<i class=\"fa fa-mobile fa- \"><\/i>\u00a096 602 60 24<br \/>\n<i class=\"fa fa-envelope-o fa- \"><\/i>\u00a0<a href=\"mailto:fernando.covas@sapo.pt\" target=\"_blank\" rel=\"noopener noreferrer\">fernando.covas@sapo.pt<\/a><\/p>\n<h4><strong>Quinta Nova<\/strong><\/h4>\n<p><strong>Responsable:: <\/strong>Maria Margarida Lopes Vilhena<br \/>\n<strong>Capacidad: <\/strong>2 personas<\/p>\n<p><i class=\"fa fa-map-signs fa- \"><\/i>\u00a0Quinta da Vergeira do Meio, 7540-230 Santiago do Cac\u00e9m<br \/>\n<i class=\"fa fa-mobile fa- \"><\/i>\u00a0966 304 041<br \/>\n<i class=\"fa fa-envelope-o fa- \"><\/i>\u00a0<u><a href=\"mailto:margarida.vilhena@gmail.com\">margarida.vilhena@gmail.com<\/a><\/u><\/p>\n<h4><strong>Quinta da Ortiga do Meio\u00a0<\/strong><\/h4>\n<p><strong>Responsable:: <\/strong>Filomena de Jesus Raimundo Babo<br \/>\n<strong>Capacidad: <\/strong>2 personas<\/p>\n<p><i class=\"fa fa-map-signs fa- \"><\/i>\u00a0Quinta da Ortiga do Meio \u2013 Relvas Verdes, 7540 Santiago do Cac\u00e9m<br \/>\n<i class=\"fa fa-mobile fa- \"><\/i>\u00a0918 169 699<br \/>\n<i class=\"fa fa-envelope-o fa- \"><\/i>\u00a0<u><a href=\"mailto:info@casadopapagaio.com\">info@casadopapagaio.com<\/a><\/u><\/p>\n<h4>Retiro dos Ca\u00e7adores<\/h4>\n<p><strong>Responsable:<\/strong>\u00a0Maria de F\u00e1tima Janelas Pereira de Carvalho<br \/>\n<strong>Capacidad:<\/strong> 9 habitaciones (3 habitaciones triplos = 9 personas, 4 habitaciones duplos com 2 camas individual\u00a0 = 8 personas e 2 habitaciones duplos com una cama dupla\u00a0 = 4 personas)<\/p>\n<p><i class=\"fa fa-map-signs fa- \"><\/i>\u00a0Cumeadas\u00a0 7540 \u2013 237 Santiago do Cac\u00e9m<br \/>\n<i class=\"fa fa-phone fa- \"><\/i>\u00a0269 825 145<\/p>\n<h4>Residencial Gabriel<\/h4>\n<p><strong>Responsable::<\/strong>\u00a0Lu\u00eds Nunes<br \/>\n<strong>Capacidad:<\/strong> 23 habitaciones<\/p>\n<p><i class=\"fa fa-map-signs fa- \"><\/i>\u00a0Rua Professor Egas Moniz, n\u00ba 24, 7540-204 Santiago do Cac\u00e9m<br \/>\n<i class=\"fa fa-phone fa- \"><\/i>\u00a0269 822 245 \/ 269 823 345 \/\u00a0<i class=\"fa fa-fax fa- \"><\/i>\u00a0269 826 102<br \/>\n<i class=\"fa fa-envelope-o fa- \"><\/i>\u00a0<a href=\"mailto:luisfnunestiagofnunes@gmail.com\" target=\"_blank\" rel=\"noopener noreferrer\">luisfnunestiagofnunes@gmail.com<\/a><\/p>\n<h4><strong>Santiago Residence\u00a0<\/strong><\/h4>\n<p><strong>Responsable: <\/strong>Maria Ant\u00f3nia Ferreira Pereira Varela Machado<br \/>\n<strong style=\"font-size: inherit;\">Capacidad: <\/strong><span style=\"font-size: inherit;\">8 personas<\/span><\/p>\n<p><i class=\"fa fa-map-signs \" ><\/i> Rua Combatentes da Grande Guerra, n.\u00ba 49, 7540-177 Santiago do Cac\u00e9m<br \/>\n<span style=\"font-size: inherit;\"><i class=\"fa fa-mobile \" ><\/i>\u00a0 <\/span><span style=\"font-size: inherit;\">917 270 432<br \/>\n<i class=\"fa fa-mobile \" ><\/i>\u00a0\u00a0<\/span><a href=\"mailto:maria.v.machado@hotmail.com\">maria.v.machado@hotmail.com<\/a><u>\u00a0 <\/u><\/p>\n<h4>Sweet Village<\/h4>\n<p><strong>Responsable::<\/strong>\u00a0Ana Bela de Oliveira Correia Barbosa<br \/>\n<strong>Capacidad:<\/strong> 1 habitacione<\/p>\n<p><i class=\"fa fa-map-signs fa- \"><\/i>\u00a0Rua Santiago n\u00ba 10, 7540-060 Santiago do Cac\u00e9m<\/p>\n<h4>Sent\u2019Alentejo<\/h4>\n<p>Responsable: Sent\u2019Alentejo \u2013 Turismo Rural, Lda.<br \/>\nCapacidad: 10 personas (5 camas)<\/p>\n<p><i class=\"fa fa-map-signs \" ><\/i> Courela do Caparrinho, 7540-066 Vale Seco<br \/>\n<i class=\"fa fa-mobile \" ><\/i>\u00a0 964 827 874<br \/>\n<i class=\"fa fa-mobile \" ><\/i>\u00a0 \u00a0<a href=\"mailto:emanuel.j.p.araujo@gmail.com\">emanuel.j.p.araujo@gmail.com<\/a><\/p>\n<h4>Vargem das Colmeias<\/h4>\n<p><strong>Responsable::<\/strong>\u00a0Jos\u00e9 Carlos Mascarenhas Botelho Moniz<br \/>\n<strong>Capacidade:<\/strong> 9 habitaciones \/ 18 personas<\/p>\n<p><i class=\"fa fa-map-signs fa- \"><\/i>\u00a0Quinta Vargem das Colmeias \u2013 Ventosa de Baixo 7540-060 Santiago do Cac\u00e9m<\/p>\n<p>        <\/div>\n\n        <\/p>\n<p>\n        <h3 class=\"accordion-title\">\n            <button id=\"accordion-1-t3\" class=\"js-accordion-controller\" aria-controls=\"accordion-1-c3\" aria-expanded=\"false\" >\n                Empresas de turismo rural - Casas de Campo            <\/button>\n        <\/h3>\n\n        <div id=\"accordion-1-c3\" class=\"accordion-content\" aria-hidden=\"true\">\n            <\/p>\n<h4>A Deolinda<\/h4>\n<p><strong>Responsable:<\/strong>\u00a0Deolinda Maria Monteiro da Silva Brito<br \/>\n<strong>Capacidad:<\/strong> 7 habitaciones<\/p>\n<p><i class=\"fa fa-map-signs \" ><\/i> Cruz de Alcaide &#8211; Cumeadas, 7540-237 Santiago do Cac\u00e9m<br \/>\n<i class=\"fa fa-phone \" ><\/i> 269 822 732 \/ 269 826 622<br \/>\n<i class=\"fa fa-mobile \" ><\/i> 96 605 78 95 \/ 96 270 00 58<\/p>\n<h4>Casas de Campo da Quinta das T\u00edlias<\/h4>\n<p><strong>Responsable:<\/strong> Alexandre Varela de Matos<br \/>\n<strong>Capacidad:<\/strong> 4 habitaciones (8 camas)<\/p>\n<p><i class=\"fa fa-map-signs \" ><\/i> Quinta das T\u00edlias Vale Verde 7540-230 Santiago do Cac\u00e9m<br \/>\n<i class=\"fa fa-mobile \" ><\/i> 933 059 166<br \/>\n<a href=\"mailto:afpvmatos@gmail.com\"><i class=\"fa fa-mobile \" ><\/i> afpvmatos@gmail.com<\/a><\/p>\n<p><strong>Animales:<\/strong> Permiso<\/p>\n<h4>Casas de Mir\u00f3briga<\/h4>\n<p><strong>Responsable:<\/strong> Tur\u00f3briga, Turismo de Mir\u00f3briga, Lda.<br \/>\n<strong>Capacidad:\u00a0<\/strong> 16 habitaciones<\/p>\n<p><i class=\"fa fa-map-signs \" ><\/i> Ch\u00e3os Salgados, 7540 \u2013 236 Santiago do Cac\u00e9m<br \/>\n<i class=\"fa fa-mobile \" ><\/i> 967 946 584<br \/>\n<i class=\"fa fa-envelope-o \" ><\/i> <a href=\"mailto:geral@casasdemirobriga.pt\">geral@casasdemirobriga.pt<\/a><br \/>\n<i class=\"fa fa-globe \" ><\/i> <a href=\"http:\/\/www.casasdemirobriga.pt\" target=\"_blank\" rel=\"noopener noreferrer\">www.casasdemirobriga.pt<\/a><\/p>\n<h4>Moinho da Campa<\/h4>\n<p><strong>Responsable:<\/strong> Franziska Dora Bucher<br \/>\n<strong>Capacidad:<\/strong> 2 personas\/4 personas<\/p>\n<p><i class=\"fa fa-map-signs \" ><\/i> Bairro da Formiga, 7540-060 Santiago do Cac\u00e9m<br \/>\n<i class=\"fa fa-phone \" ><\/i> 914 320 535<br \/>\n<i class=\"fa fa-envelope-o \" ><\/i> <a href=\"mailto:geral@moinhodacampa.com\" target=\"_blank\" rel=\"noopener noreferrer\">geral@moinhodacampa.com<\/a> \u2013 <a href=\"mailto:moinhodacampa@gmail.com\" target=\"_blank\" rel=\"noopener noreferrer\">moinhodacampa@gmail.com<\/a><br \/>\n<i class=\"fa fa-globe \" ><\/i> <a href=\"http:\/\/www.moinhodacampa.com\" target=\"_blank\" rel=\"noopener noreferrer\">www.moinhodacampa.com<\/a><\/p>\n<h4>Moinhos do Paneiro<\/h4>\n<p><strong>Responsable:<\/strong> Pedro Pinto<br \/>\n<strong>Capacidad:<\/strong> 8 habitaciones<\/p>\n<p><i class=\"fa fa-map-signs \" ><\/i> Lugar de Vale Seco, Caixa Postal 3241, 7540 \u2013 068 Santiago do Cac\u00e9m<br \/>\n<i class=\"fa fa-phone \" ><\/i> 269 909 047<br \/>\n<i class=\"fa fa-envelope-o \" ><\/i> <a href=\"mailto:moinhos.paneiro@gmail.pt\" target=\"_blank\" rel=\"noopener noreferrer\">moinhos.paneiro@gmail.pt<\/a><br \/>\n<i class=\"fa fa-globe \" ><\/i> <a href=\"http:\/\/www.moinhosdopaneiro.pt\" target=\"_blank\" rel=\"noopener noreferrer\">www.moinhosdopaneiro.pt<\/a><\/p>\n<h4>Monte Horizonte<\/h4>\n<p><strong>Responsable:<\/strong> Bert Snijder<br \/>\n<strong>Capacidad:\u00a0<\/strong>3 unidads T1; 3 unidad T2<\/p>\n<p><i class=\"fa fa-map-signs \" ><\/i> Herdade do Seixinal, Caixa Postal 3576, Aldeia dos Ch\u00e3os\u00a07540-060 Santiago do Cac\u00e9m<br \/>\n<i class=\"fa fa-phone \" ><\/i> 269 825 383<br \/>\n<i class=\"fa fa-mobile \" ><\/i> 961 406 417<br \/>\n<i class=\"fa fa-envelope-o \" ><\/i> <a href=\"mailto:rentals@montehorizonte.com\" target=\"_blank\" rel=\"noopener noreferrer\">rentals@montehorizonte.com<\/a><br \/>\n<i class=\"fa fa-globe \" ><\/i> <a href=\"http:\/\/www.montehorizonte.com\" target=\"_blank\" rel=\"noopener noreferrer\">www.montehorizonte.com<\/a><\/p>\n<h4>Quinta de Malmedra<\/h4>\n<p>Responsable: Zilpax \u2013 Trabalhos de Engenharia S.A.<br \/>\nCapacidad: 28 personas (26 camas)<\/p>\n<p><i class=\"fa fa-map-signs \" ><\/i> Rua Jos\u00e9 da Gra\u00e7a, Quinta de Malmedra, 7540 \u2013 230 Santiago do Cac\u00e9m<br \/>\n<i class=\"fa fa-mobile \" ><\/i>\u00a0939 669 140<br \/>\n<i class=\"fa fa-envelope-o \" ><\/i>\u00a0<a href=\"mailto:quinta.malmedra@gmail.com\">quinta.malmedra@gmail.com\u00a0<\/a><\/p>\n<h4><strong>Quinta da Nossa Senhora da Concei\u00e7\u00e3o\u00a0<\/strong><\/h4>\n<p><strong>Responsable:<\/strong> Joana<br \/>\n<strong>Capacidad:<\/strong> 12 personas (2 camas individuales e 5 camas matrimoniales )<br \/>\n<strong>Camas Individuals:<\/strong>\u00a02 (duas)<br \/>\n<strong>Camas duplas:<\/strong>\u00a05 (cinco)<br \/>\n<strong>Unidades de alojamento:<\/strong> 6 habitaciones<\/p>\n<p><i class=\"fa fa-map-signs fa- \"><\/i>\u00a0Quinta da Nossa Senhora da Concei\u00e7\u00e3o Vale Verde 7540-230 Santiago do Cac\u00e9m<br \/>\n<i class=\"fa fa-mobile fa- \"><\/i>\u00a0\u00a0+351 966 339 922<br \/>\n<i class=\"fa fa-envelope-o fa- \"><\/i>\u00a0<a href=\"mailto:qtansraconceicao@gmail.com\" target=\"_blank\" rel=\"noopener noreferrer\">qtansraconceicao@gmail.com<\/a><br \/>\n<i class=\"fa fa-globe fa- \"><\/i>\u00a0<a href=\"https:\/\/www.facebook.com\/Quinta-Nossa-Senhora-da-Concei%C3%A7%C3%A3o-141652836369112\/\" target=\"_blank\" rel=\"noopener noreferrer\">https:\/\/www.facebook.com\/Quinta-Nossa-Senhora-da-Concei\u00e7\u00e3o-141652836369112\/<\/a><\/p>\n<p>        <\/div>\n\n        <\/p>\n<p>\n        <h3 class=\"accordion-title\">\n            <button id=\"accordion-1-t4\" class=\"js-accordion-controller\" aria-controls=\"accordion-1-c4\" aria-expanded=\"false\" >\n                Turismo de vivienda            <\/button>\n        <\/h3>\n\n        <div id=\"accordion-1-c4\" class=\"accordion-content\" aria-hidden=\"true\">\n            <\/p>\n<h4>Casa de Santiago<\/h4>\n<p><strong>Responsable:<\/strong> Francisco Lobo de Vasconcellos<br \/>\n<strong>Capacidad:<\/strong> 23 camas (7 Unidades de alojamiento)<\/p>\n<p><i class=\"fa fa-map-signs \" ><\/i> Rua Condes de Avillez n\u00ba3, 7540 \u2013 152 Santiago do Cac\u00e9m<br \/>\n<i class=\"fa fa-phone \" ><\/i>\u00a0269 822 414<br \/>\n<i class=\"fa fa-envelope-o \" ><\/i>\u00a0\u00a0<a href=\"mailto:francisco@franciscolobo.pt\">francisco@franciscolobo.pt<\/a><br \/>\n<i class=\"fa fa-globe \" ><\/i>\u00a0www.casadesantiago.pt<\/p>\n<p>        <\/div>\n\n        <\/p>\n<p>\n        <h3 class=\"accordion-title\">\n            <button id=\"accordion-1-t5\" class=\"js-accordion-controller\" aria-controls=\"accordion-1-c5\" aria-expanded=\"false\" >\n                Aparcamientos para caravanas            <\/button>\n        <\/h3>\n\n        <div id=\"accordion-1-c5\" class=\"accordion-content\" aria-hidden=\"true\">\n            <\/p>\n<h4>Aparcamientos para caravanas<\/h4>\n<p><i class=\"fa fa-map-signs \" ><\/i> Estaci\u00f3n de servicio &#8211; Junto a las piscinas municipales<\/p>\n<p>        <\/div>\n\n        <br \/>\n<\/div>\n","protected":false},"excerpt":{"rendered":"","protected":false},"author":2,"featured_media":0,"parent":0,"menu_order":0,"comment_status":"closed","ping_status":"closed","template":"","meta":{"_genesis_hide_title":false,"_genesis_hide_breadcrumbs":false,"_genesis_hide_singular_image":false,"_genesis_hide_footer_widgets":false,"_genesis_custom_body_class":"","_genesis_custom_post_class":"","_genesis_layout":"","footnotes":""},"categories":[49],"tags":[],"class_list":{"0":"post-765","1":"page","2":"type-page","3":"status-publish","5":"category-alojamiento","6":"entry"},"_links":{"self":[{"href":"https:\/\/turismo.cm-santiagocacem.pt\/es\/wp-json\/wp\/v2\/pages\/765","targetHints":{"allow":["GET"]}}],"collection":[{"href":"https:\/\/turismo.cm-santiagocacem.pt\/es\/wp-json\/wp\/v2\/pages"}],"about":[{"href":"https:\/\/turismo.cm-santiagocacem.pt\/es\/wp-json\/wp\/v2\/types\/page"}],"author":[{"embeddable":true,"href":"https:\/\/turismo.cm-santiagocacem.pt\/es\/wp-json\/wp\/v2\/users\/2"}],"replies":[{"embeddable":true,"href":"https:\/\/turismo.cm-santiagocacem.pt\/es\/wp-json\/wp\/v2\/comments?post=765"}],"version-history":[{"count":14,"href":"https:\/\/turismo.cm-santiagocacem.pt\/es\/wp-json\/wp\/v2\/pages\/765\/revisions"}],"predecessor-version":[{"id":2804,"href":"https:\/\/turismo.cm-santiagocacem.pt\/es\/wp-json\/wp\/v2\/pages\/765\/revisions\/2804"}],"wp:attachment":[{"href":"https:\/\/turismo.cm-santiagocacem.pt\/es\/wp-json\/wp\/v2\/media?parent=765"}],"wp:term":[{"taxonomy":"category","embeddable":true,"href":"https:\/\/turismo.cm-santiagocacem.pt\/es\/wp-json\/wp\/v2\/categories?post=765"},{"taxonomy":"post_tag","embeddable":true,"href":"https:\/\/turismo.cm-santiagocacem.pt\/es\/wp-json\/wp\/v2\/tags?post=765"}],"curies":[{"name":"wp","href":"https:\/\/api.w.org\/{rel}","templated":true}]}}