{"id":773,"date":"2016-08-16T17:03:48","date_gmt":"2016-08-16T15:03:48","guid":{"rendered":"http:\/\/turismo.cm-santiagocacem.pt\/?page_id=773&#038;lang=es"},"modified":"2020-09-25T16:27:30","modified_gmt":"2020-09-25T14:27:30","slug":"alojamiento-sao-francisco-da-serra","status":"publish","type":"page","link":"https:\/\/turismo.cm-santiagocacem.pt\/es\/alojamiento-sao-francisco-da-serra\/","title":{"rendered":"Alojamiento: S\u00e3o Francisco da Serra"},"content":{"rendered":"<div id=\"accordion-1\" class=\"accordion no-js\"><\/p>\n<p>\n        <h3 class=\"accordion-title\">\n            <button id=\"accordion-1-t1\" class=\"js-accordion-controller\" aria-controls=\"accordion-1-c1\" aria-expanded=\"false\" >\n                Empresas tur\u00edsticas - Alojamiento local            <\/button>\n        <\/h3>\n\n        <div id=\"accordion-1-c1\" class=\"accordion-content\" aria-hidden=\"true\">\n            <\/p>\n<h4>Casa de S\u00e3o Francisco<\/h4>\n<p><strong>Responsable:<\/strong>\u00a0Vasco Miguel Murteira Correia de Queiroz Taborda<br \/>\n<strong>Capacidad:<\/strong>\u00a03 habitaciones \u2013 6 personas<\/p>\n<p><i class=\"fa fa-map-signs fa- \"><\/i>\u00a0Rua Manuel Guerreiro n\u00ba 23 Malhadais 7540 \u2013 555 S\u00e3o Francisco da Serra<br \/>\n<i class=\"fa fa-mobile fa- \"><\/i>\u00a0919 751 246<br \/>\n<i class=\"fa fa-envelope-o fa- \"><\/i>\u00a0vasco.taborda@icloud.com<\/p>\n<h4>Courela das Laranjeiras do Sul<\/h4>\n<p><strong>Responsable:<\/strong> Francisco Manuel da Silva Dias<br \/>\n<strong>Capacidad:<\/strong> 8 personas (8 camas)<\/p>\n<p><i class=\"fa fa-map-signs \" ><\/i> Quinta Courelas das Laranjeiras do Sul, 7540 \u00a0S\u00e3o Francisco da Serra<br \/>\n<i class=\"fa fa-phone \" ><\/i> 213 627 802<br \/>\n<i class=\"fa fa-mobile \" ><\/i> 916 172 639<br \/>\n<i class=\"fa fa-envelope-o \" ><\/i> <a href=\"mailto:francisco.dias@db.com\">francisco.dias@db.com<\/a><\/p>\n<h4>Moinho do Outeiro<\/h4>\n<p><strong>Responsable:<\/strong> Jo\u00e3o Jos\u00e9 Monteiro de Castro Videira<br \/>\n<strong>Capacidad:<\/strong> 2 personas (1 cama)<\/p>\n<p><i class=\"fa fa-map-signs \" ><\/i> Moinho do Outeiro do Vento &#8211; Estrada Municipal 544, 7540 \u2013 520 S\u00e3o Francisco da\u00a0Serra<br \/>\n<i class=\"fa fa-phone \" ><\/i> 266 917 379<br \/>\n<i class=\"fa fa-mobile \" ><\/i> 914 922 766<br \/>\n<i class=\"fa fa-envelope-o \" ><\/i> <a href=\"mailto:m.perdiganito@gmail.com\">m.perdiganito@gmail.com<\/a><\/p>\n<h4><strong>Monte S. Francisco\u00a0<\/strong><\/h4>\n<p><strong>Responsable: <\/strong>Elzbieta Krystyna Kwita Gomes<br \/>\n<strong style=\"font-size: inherit;\">Capacidad: <\/strong><span style=\"font-size: inherit;\">6 personas \/ 3 habitaciones (3 camas)<\/span><\/p>\n<p><i class=\"fa fa-map-signs \" ><\/i>Quinta Alto Courela das Oliveiras, apartado 7, 7540-504 S. Francisco da Serra<br \/>\n<span style=\"font-size: inherit;\"><i class=\"fa fa-mobile \" ><\/i>\u00a0 9660318682 \/ 926800781<br \/>\n<\/span><span style=\"font-size: inherit;\"><i class=\"fa fa-envelope-o \" ><\/i>\u00a0 <\/span><a style=\"font-size: inherit;\" href=\"mailto:ekwinta@gmail.com\">ekwinta@gmail.com<\/a><\/p>\n<h4><strong>Monte Cortelh\u00f5es<\/strong><\/h4>\n<p><strong>Responsable: <\/strong>Loic Paul Bonnin Fernandes<br \/>\n<strong style=\"font-size: inherit;\">Capacidad: <\/strong><span style=\"font-size: inherit;\">4 personas \/ 2 habitaciones (2 camas)<\/span><\/p>\n<p><i class=\"fa fa-map-signs \" ><\/i> Caminho Cortelhoes 9, 7540-506 S. Francisco da Serra<br \/>\n<span style=\"font-size: inherit;\"><i class=\"fa fa-envelope-o \" ><\/i>\u00a0 \u00a0<\/span><a style=\"font-size: inherit;\" href=\"mailto:loicbonnin@yahoo.fr\">loicbonnin@yahoo.fr<\/a><\/p>\n<h4>Monte das Viagens<\/h4>\n<p><strong>Respons\u00e1vel:<\/strong>\u00a0Monte das Viagens \u2013 Turismo Rural Sociedade Unipessoal, Lda.<br \/>\n<strong>Capacidade:<\/strong> 4 personas (3 camas)<\/p>\n<p><i class=\"fa fa-map-signs fa- \"><\/i>\u00a0V\u00e1rzea da Rostalhi\u00e7a, Apartado 9, 7540 \u2013 530 S\u00e3o Francisco da Serra<br \/>\n<i class=\"fa fa-mobile fa- \"><\/i>\u00a0962 763 630<br \/>\n<i class=\"fa fa-envelope-o fa- \"><\/i>\u00a0jmgomes@cofina.pt<\/p>\n<h4><strong>Monte Nature<\/strong><\/h4>\n<p><strong>Responsable:<\/strong>\u00a0Francisca Sindicq<br \/>\n<strong>Capacidade:<\/strong>\u00a04 personas (2 camas)<\/p>\n<p><i class=\"fa fa-map-signs fa- \"><\/i>\u00a0Rua Sargento Peixeiro, n.\u00ba 14, 7540 \u2013 515 Ronc\u00e3o<br \/>\n<i class=\"fa fa-mobile fa- \"><\/i>\u00a0965 312 851 \/ 968 094 007<br \/>\n<i class=\"fa fa-envelope-o fa- \"><\/i>\u00a0montenature@gmail.com<\/p>\n<h4>S\u00e3o Francisco Vila 17<\/h4>\n<p><strong>Responsable:<\/strong>\u00a0Im\u00f3completissimo \u2013 Consultoria de Im\u00f3veis Unipessoal, Lda.<br \/>\n<strong>Capacidad:<\/strong>\u00a04 personas (2 habitaciones)<\/p>\n<p><i class=\"fa fa-map-signs fa- \"><\/i>\u00a0Rua Manuel Guerreiro Malhadais, Lote 17, Condom\u00ednio Casas de S\u00e3o Francisco, 7540 \u2013 555 S\u00e3o Francisco da Serra<br \/>\n<i class=\"fa fa-phone fa- \"><\/i>\u00a0218 983 099<br \/>\n<i class=\"fa fa-mobile fa- \"><\/i>\u00a0935 466 641<br \/>\n<i class=\"fa fa-envelope-o fa- \"><\/i>\u00a0isabel.imo.2016@gmail.com<\/p>\n<h4>S\u00e3o Francisco Vila 20<\/h4>\n<p><strong>Respons\u00e1vel:<\/strong> Succulent Success, Unipessoal, Lda<br \/>\n<strong>Capacidade:<\/strong>\u00a07 personas (4 camas)<\/p>\n<p><i class=\"fa fa-map-signs fa- \"><\/i>\u00a0Rua Manuel Guerreiro Malhadais, Lote 20, 7540 \u2013 555 S\u00e3o Francisco da Serra<br \/>\n<i class=\"fa fa-phone fa- \"><\/i>\u00a0218 983 099<br \/>\n<i class=\"fa fa-mobile fa- \"><\/i> 935 466 641<br \/>\n<i class=\"fa fa-envelope-o fa- \"><\/i>\u00a0isabel.imo.2016@gmail.com<\/p>\n<h4>Solar dos Leit\u00f5es<\/h4>\n<p><strong>Responsable:<\/strong> David Jos\u00e9 Pereira<br \/>\n<strong>Capacidad:<\/strong>\u00a09 personas (7 camas)<\/p>\n<p><i class=\"fa fa-map-signs \" ><\/i> Caf\u00e9 Restaurante A Estalagem, Rua da F\u00e1brica, 18 &#8211; Ronc\u00e3o\u00a07540-515 S\u00e3o Francisco da Serra<br \/>\n<i class=\"fa fa-phone \" ><\/i> 269 471 150<br \/>\n<i class=\"fa fa-envelope-o \" ><\/i> <a href=\"mailto:solardosleitoes@hotmail.com\">solardosleitoes@hotmail.com<\/a><\/p>\n<h4>Vivenda Palheiros<\/h4>\n<p><strong>Responsable:<\/strong> Maria Manuela Gamito Pereira<br \/>\n<strong>Capacidad:<\/strong> 4 personas (3 camas)<\/p>\n<p><i class=\"fa fa-map-signs \" ><\/i> Bairro Eng.\u00ba Carvalho Carreira, lote 14 &#8211; Ronc\u00e3o, 7540 S\u00e3o Francisco da Serra<br \/>\n<i class=\"fa fa-mobile \" ><\/i> 917 225 150<br \/>\n<i class=\"fa fa-envelope-o \" ><\/i> <a href=\"mailto:mamgp@hotmail.com\">mamgp@hotmail.com<\/a><\/p>\n<p>        <\/div>\n\n        <\/p>\n<p>\n        <h3 class=\"accordion-title\">\n            <button id=\"accordion-1-t2\" class=\"js-accordion-controller\" aria-controls=\"accordion-1-c2\" aria-expanded=\"false\" >\n                Empresas de turismo en el medio rural - Casas de campo            <\/button>\n        <\/h3>\n\n        <div id=\"accordion-1-c2\" class=\"accordion-content\" aria-hidden=\"true\">\n            <\/p>\n<p><strong>Casas Monte Sardinha\u00a0<\/strong><\/p>\n<p><strong>Responsable:\u00a0<\/strong>Teresa Trindade Gon\u00e7alves Pereira<br \/>\n<strong>Capacidad:\u00a0<\/strong>10 personas (5 habitaciones)<\/p>\n<p><i class=\"fa fa-map-signs fa- \"><\/i>\u00a0\u00a0Monte Sardinha 7540 \u2013 511 S\u00e3o Francisco da Serra<br \/>\n<i class=\"fa fa-mobile fa- \"><\/i>\u00a0933 798 091<br \/>\n<i class=\"fa fa-envelope-o fa- \"><\/i><strong>\u00a0<\/strong><a href=\"mailto:casasmontesardinha@gmail.com\">casasmontesardinha@gmail.com<\/a><\/p>\n<h4>Monte Aroeira<\/h4>\n<p><strong>Responsable:<\/strong> Cristiana Messias<br \/>\n<strong>Capacidad:<\/strong> 12 personas (6 habitaciones)<\/p>\n<p><i class=\"fa fa-map-signs \" ><\/i> Monte Aroeira &#8211; Daroeira, Caixa Postal 3, 7540 &#8211; 521 S\u00e3o Francisco da Serra<br \/>\n<i class=\"fa fa-mobile \" ><\/i> 911 562 448<br \/>\n<i class=\"fa fa-envelope-o \" ><\/i> <a href=\"mailto:monte.aroeira@outlook.com\">monte.aroeira@outlook.com<\/a><\/p>\n<h4>Monte da Ameira<\/h4>\n<p><strong>Responsable:<\/strong> Vivapaz, Turismo Rural Unip. Lda. \u2013 Leo Bevelander<br \/>\n<strong>Capacidad:<\/strong> 16 personas (8 habitaciones)<\/p>\n<p><i class=\"fa fa-map-signs \" ><\/i> Monte da Ameira, Caixa Postal 4010 \u2013 Ronc\u00e3o, 7540 &#8211; 515 S\u00e3o Francisco da Serra<br \/>\n<i class=\"fa fa-phone \" ><\/i> 300 505 137<br \/>\n<i class=\"fa fa-mobile \" ><\/i> 934 666 563<br \/>\n<i class=\"fa fa-envelope-o \" ><\/i>\u00a0<a href=\"mailto:info@monte-ameira.com\">info@monte-ameira.com<\/a><\/p>\n<p>        <\/div>\n\n        <\/p>\n<p><\/div>\n","protected":false},"excerpt":{"rendered":"","protected":false},"author":2,"featured_media":0,"parent":0,"menu_order":0,"comment_status":"closed","ping_status":"closed","template":"","meta":{"_genesis_hide_title":false,"_genesis_hide_breadcrumbs":false,"_genesis_hide_singular_image":false,"_genesis_hide_footer_widgets":false,"_genesis_custom_body_class":"","_genesis_custom_post_class":"","_genesis_layout":"","footnotes":""},"categories":[49],"tags":[],"class_list":{"0":"post-773","1":"page","2":"type-page","3":"status-publish","5":"category-alojamiento","6":"entry"},"_links":{"self":[{"href":"https:\/\/turismo.cm-santiagocacem.pt\/es\/wp-json\/wp\/v2\/pages\/773","targetHints":{"allow":["GET"]}}],"collection":[{"href":"https:\/\/turismo.cm-santiagocacem.pt\/es\/wp-json\/wp\/v2\/pages"}],"about":[{"href":"https:\/\/turismo.cm-santiagocacem.pt\/es\/wp-json\/wp\/v2\/types\/page"}],"author":[{"embeddable":true,"href":"https:\/\/turismo.cm-santiagocacem.pt\/es\/wp-json\/wp\/v2\/users\/2"}],"replies":[{"embeddable":true,"href":"https:\/\/turismo.cm-santiagocacem.pt\/es\/wp-json\/wp\/v2\/comments?post=773"}],"version-history":[{"count":8,"href":"https:\/\/turismo.cm-santiagocacem.pt\/es\/wp-json\/wp\/v2\/pages\/773\/revisions"}],"predecessor-version":[{"id":2057,"href":"https:\/\/turismo.cm-santiagocacem.pt\/es\/wp-json\/wp\/v2\/pages\/773\/revisions\/2057"}],"wp:attachment":[{"href":"https:\/\/turismo.cm-santiagocacem.pt\/es\/wp-json\/wp\/v2\/media?parent=773"}],"wp:term":[{"taxonomy":"category","embeddable":true,"href":"https:\/\/turismo.cm-santiagocacem.pt\/es\/wp-json\/wp\/v2\/categories?post=773"},{"taxonomy":"post_tag","embeddable":true,"href":"https:\/\/turismo.cm-santiagocacem.pt\/es\/wp-json\/wp\/v2\/tags?post=773"}],"curies":[{"name":"wp","href":"https:\/\/api.w.org\/{rel}","templated":true}]}}