{"id":785,"date":"2016-08-22T11:34:44","date_gmt":"2016-08-22T09:34:44","guid":{"rendered":"http:\/\/turismo.cm-santiagocacem.pt\/?page_id=785&#038;lang=es"},"modified":"2018-04-05T16:53:36","modified_gmt":"2018-04-05T14:53:36","slug":"museos","status":"publish","type":"page","link":"https:\/\/turismo.cm-santiagocacem.pt\/es\/museos\/","title":{"rendered":"Museos"},"content":{"rendered":"<h3>Museo Municipal de Santiago do Cac\u00e9m<\/h3>\n<p style=\"padding-left: 30px;\"><i class=\"fa fa-link \" ><\/i> \u00a0<a href=\"http:\/\/www.cm-santiagocacem.pt\/autarquia\/equipamentos-municipais\/museu-municipal-de-santiago-do-cacem\/\" target=\"_blank\" rel=\"noopener\">Mas informaci\u00f3n<\/a><\/p>\n<p>&nbsp;<\/p>\n<h3>Museo del Trabajo Rural\u00a0de Abela<\/h3>\n<p style=\"padding-left: 30px;\"><i class=\"fa fa-link \" ><\/i> \u00a0<a href=\"http:\/\/www.cm-santiagocacem.pt\/autarquia\/equipamentos-municipais\/museu-do-trabalho-rural-abela\/\" target=\"_blank\" rel=\"noopener\">Mas informaci\u00f3n<\/a><\/p>\n<p>&nbsp;<\/p>\n<h3>Museo de\u00a0Harina<\/h3>\n<p style=\"padding-left: 30px;\"><i class=\"fa fa-link \" ><\/i> \u00a0<a href=\"http:\/\/www.cm-santiagocacem.pt\/autarquia\/equipamentos-municipais\/museu-da-farinha-sao-domingos\/\" target=\"_blank\" rel=\"noopener\">Mas informaci\u00f3n<\/a><\/p>\n<p>&nbsp;<\/p>\n<h3>Molino Municipal de Quintinha<\/h3>\n<p><strong>Molino de Viento de Quintinha<br \/>\n<\/strong>Los molinos de viento, solitarios en la cima de sus colinas, ten\u00edan el aire digno de un centinela, de guardia en la aldea m\u00e1s cercana. Durante siglos, fueron testigos del estrecho v\u00ednculo del hombre con las fuerzas de la naturaleza.\u00a0 Los molineros dominaban los vientos en las velas de sus molinos, transformando la energ\u00eda e\u00f3lica en pan.<\/p>\n<p>La riqueza molinol\u00f3gica (el t\u00e9rmino \u201cmolinolog\u00eda\u201d se refiere a todas las ciencias necesarias para estudiar los molinos) del municipio de Santiago do Cac\u00e9m se debe al tama\u00f1o del municipio y a su relieve.<\/p>\n<p><a href=\"http:\/\/turismo.cm-santiagocacem.pt\/wp-content\/uploads\/1-1.jpg\" rel=\"attachment wp-att-58\"><img loading=\"lazy\" decoding=\"async\" class=\"alignnone size-large wp-image-58\" src=\"http:\/\/turismo.cm-santiagocacem.pt\/wp-content\/uploads\/1-1-1024x678.jpg\" alt=\"Moinho de Vento da Quintinha\" width=\"1024\" height=\"678\" srcset=\"https:\/\/turismo.cm-santiagocacem.pt\/wp-content\/uploads\/1-1-1024x678.jpg 1024w, https:\/\/turismo.cm-santiagocacem.pt\/wp-content\/uploads\/1-1-300x199.jpg 300w, https:\/\/turismo.cm-santiagocacem.pt\/wp-content\/uploads\/1-1-768x508.jpg 768w, https:\/\/turismo.cm-santiagocacem.pt\/wp-content\/uploads\/1-1-325x215.jpg 325w, https:\/\/turismo.cm-santiagocacem.pt\/wp-content\/uploads\/1-1.jpg 1500w\" sizes=\"auto, (max-width: 1024px) 100vw, 1024px\" \/><\/a><\/p>\n<p>Hemos podido identificar alrededor de 70 molinos de viento: 50 de viento y 20 de agua, que se caracterizan por integrar cinco tipos diferentes.<\/p>\n<p>Estos molinos est\u00e1n en su mayor\u00eda en \u201cpeligro de extinci\u00f3n\u201d.\u00a0 Es urgente, por tanto, tomar medidas para su protecci\u00f3n, conservaci\u00f3n o reconstrucci\u00f3n Esto fue lo que hizo el Ayuntamiento de Santiago do Cac\u00e9m al adquirir y restaurar el molino de viento de la Quintinha, ubicado en las Cumeadas, integrado en el cintur\u00f3n de molienda preindustrial de la ciudad.<\/p>\n<p>Se trata de un molino de alba\u00f1iler\u00eda, de torre troncoc\u00f3nica y casquillo giratorio accionado por un sistema de cabrestante.<\/p>\n<p>Desde 1982, el gobierno aut\u00e1rquico lo mantiene activo. Siempre y cuando las condiciones clim\u00e1ticas lo permitan, los visitantes podr\u00e1n observar el proceso de molienda tradicional de grano.<\/p>\n<p>El grano molido pertenece a las personas que viven en el campo y todav\u00eda mantienen la tradici\u00f3n de ir al molino para moler el grano, utilizando harina para hacer pan casero, gachas de ma\u00edz y alimentar a algunos animales dom\u00e9sticos.<\/p>\n<p><img loading=\"lazy\" decoding=\"async\" class=\"wp-image-741 size-large aligncenter\" src=\"http:\/\/turismo.cm-santiagocacem.pt\/wp-content\/uploads\/DSC_0830-1-678x1024.jpg\" alt=\"DSC_0830\" width=\"678\" height=\"1024\" srcset=\"https:\/\/turismo.cm-santiagocacem.pt\/wp-content\/uploads\/DSC_0830-1-678x1024.jpg 678w, https:\/\/turismo.cm-santiagocacem.pt\/wp-content\/uploads\/DSC_0830-1-199x300.jpg 199w, https:\/\/turismo.cm-santiagocacem.pt\/wp-content\/uploads\/DSC_0830-1-325x491.jpg 325w\" sizes=\"auto, (max-width: 678px) 100vw, 678px\" \/><\/p>\n<p>&nbsp;<\/p>\n<p>El pago por este servicio contin\u00faa, como durante siglos, en funci\u00f3n de la cantidad de grano tra\u00eddo por el cliente.<\/p>\n<p>Para que se sepa, la historia cuenta que todos los molineros tienen un perro, pero siempre de color negro, para comprobar si mete el hocico en la harina.<\/p>\n<p><strong><i class=\"fa fa-clock-o \" ><\/i> \u00a0Horario:<\/strong><\/p>\n<p style=\"padding-left: 30px;\"><strong>De noviembre a marzo<\/strong>\u00a0de las 08:30 a las 12:30\u00a0horas y de las 14:00 a las 17:00 horas<br \/>\n<strong>De abril a octubre<\/strong>\u00a0de las 09:00 a las 12:30\u00a0horas y de las 14:00 a las 17:30 horas<br \/>\n<strong>Cierra<\/strong> los domingos, lunes y festivos<br \/>\n<strong>Contacto<\/strong> para concertar visitas: 964 174 982<\/p>\n<p style=\"padding-left: 30px;\">\n","protected":false},"excerpt":{"rendered":"<p>Museo Municipal de Santiago do Cac\u00e9m \u00a0Mas informaci\u00f3n &nbsp; Museo del Trabajo Rural\u00a0de Abela \u00a0Mas informaci\u00f3n &nbsp; Museo de\u00a0Harina \u00a0Mas informaci\u00f3n &nbsp; Molino Municipal de Quintinha Molino de Viento de Quintinha Los molinos de viento, solitarios en la cima de sus colinas, ten\u00edan el aire digno de un centinela, de guardia en la aldea m\u00e1s [&hellip;]<\/p>\n","protected":false},"author":2,"featured_media":0,"parent":0,"menu_order":0,"comment_status":"closed","ping_status":"closed","template":"","meta":{"_genesis_hide_title":false,"_genesis_hide_breadcrumbs":false,"_genesis_hide_singular_image":false,"_genesis_hide_footer_widgets":false,"_genesis_custom_body_class":"","_genesis_custom_post_class":"","_genesis_layout":"","footnotes":""},"categories":[53],"tags":[],"class_list":{"0":"post-785","1":"page","2":"type-page","3":"status-publish","5":"category-museos-y-monumentos","6":"entry"},"_links":{"self":[{"href":"https:\/\/turismo.cm-santiagocacem.pt\/es\/wp-json\/wp\/v2\/pages\/785","targetHints":{"allow":["GET"]}}],"collection":[{"href":"https:\/\/turismo.cm-santiagocacem.pt\/es\/wp-json\/wp\/v2\/pages"}],"about":[{"href":"https:\/\/turismo.cm-santiagocacem.pt\/es\/wp-json\/wp\/v2\/types\/page"}],"author":[{"embeddable":true,"href":"https:\/\/turismo.cm-santiagocacem.pt\/es\/wp-json\/wp\/v2\/users\/2"}],"replies":[{"embeddable":true,"href":"https:\/\/turismo.cm-santiagocacem.pt\/es\/wp-json\/wp\/v2\/comments?post=785"}],"version-history":[{"count":4,"href":"https:\/\/turismo.cm-santiagocacem.pt\/es\/wp-json\/wp\/v2\/pages\/785\/revisions"}],"predecessor-version":[{"id":1415,"href":"https:\/\/turismo.cm-santiagocacem.pt\/es\/wp-json\/wp\/v2\/pages\/785\/revisions\/1415"}],"wp:attachment":[{"href":"https:\/\/turismo.cm-santiagocacem.pt\/es\/wp-json\/wp\/v2\/media?parent=785"}],"wp:term":[{"taxonomy":"category","embeddable":true,"href":"https:\/\/turismo.cm-santiagocacem.pt\/es\/wp-json\/wp\/v2\/categories?post=785"},{"taxonomy":"post_tag","embeddable":true,"href":"https:\/\/turismo.cm-santiagocacem.pt\/es\/wp-json\/wp\/v2\/tags?post=785"}],"curies":[{"name":"wp","href":"https:\/\/api.w.org\/{rel}","templated":true}]}}