{"id":789,"date":"2016-08-22T11:38:16","date_gmt":"2016-08-22T09:38:16","guid":{"rendered":"http:\/\/turismo.cm-santiagocacem.pt\/?page_id=789&#038;lang=es"},"modified":"2021-03-08T18:35:45","modified_gmt":"2021-03-08T16:35:45","slug":"alojamento","status":"publish","type":"page","link":"https:\/\/turismo.cm-santiagocacem.pt\/es\/alojamento\/","title":{"rendered":"Alojamento"},"content":{"rendered":"\n<ul class=\"wp-block-list\"><li><a href=\"https:\/\/turismo.cm-santiagocacem.pt\/es\/alojamento-abela\/\">Abela<\/a><\/li><li><a href=\"https:\/\/turismo.cm-santiagocacem.pt\/es\/alojamiento-alvalade\/\">Alvalade<\/a><\/li><li><a href=\"https:\/\/turismo.cm-santiagocacem.pt\/es\/alojamiento-cercal-do-alentejo\/\">Cercal do Alentejo<\/a><\/li><li><a href=\"https:\/\/turismo.cm-santiagocacem.pt\/es\/alojamiento-ermidas-sado\/\">Ermidas-Sado<\/a><\/li><li><a href=\"https:\/\/turismo.cm-santiagocacem.pt\/es\/alojamiento-santa-cruz\/\">Santa Cruz<\/a><\/li><li><a href=\"https:\/\/turismo.cm-santiagocacem.pt\/es\/alojamiento-santiago-do-cacem\/\">Santiago do Cac\u00e9m<\/a><\/li><li><a href=\"https:\/\/turismo.cm-santiagocacem.pt\/es\/alojamiento-santo-andre\/\">Santo Andr\u00e9<\/a><\/li><li><a href=\"https:\/\/turismo.cm-santiagocacem.pt\/es\/alojamiento-sao-bartolomeu-da-serra\/\">S\u00e3o Bartolomeu da Serra<\/a><\/li><li><a href=\"https:\/\/turismo.cm-santiagocacem.pt\/es\/alojamiento-sao-domingos\/\">S\u00e3o Domingos<\/a><\/li><li><a href=\"https:\/\/turismo.cm-santiagocacem.pt\/es\/alojamiento-sao-francisco-da-serra\/\">S\u00e3o Francisco da Serra<\/a><\/li><li><a href=\"https:\/\/turismo.cm-santiagocacem.pt\/es\/alojamiento-vale-da-agua\/\">Vale da&nbsp;\u00c1gua<\/a><\/li><\/ul>\n","protected":false},"excerpt":{"rendered":"<p>Abela Alvalade Cercal do Alentejo Ermidas-Sado Santa Cruz Santiago do Cac\u00e9m Santo Andr\u00e9 S\u00e3o Bartolomeu da Serra S\u00e3o Domingos S\u00e3o Francisco da Serra Vale da&nbsp;\u00c1gua<\/p>\n","protected":false},"author":2,"featured_media":0,"parent":0,"menu_order":0,"comment_status":"closed","ping_status":"closed","template":"","meta":{"_genesis_hide_title":false,"_genesis_hide_breadcrumbs":false,"_genesis_hide_singular_image":false,"_genesis_hide_footer_widgets":false,"_genesis_custom_body_class":"indice","_genesis_custom_post_class":"","_genesis_layout":"","footnotes":""},"categories":[49],"tags":[],"class_list":{"0":"post-789","1":"page","2":"type-page","3":"status-publish","5":"category-alojamiento","6":"entry"},"_links":{"self":[{"href":"https:\/\/turismo.cm-santiagocacem.pt\/es\/wp-json\/wp\/v2\/pages\/789","targetHints":{"allow":["GET"]}}],"collection":[{"href":"https:\/\/turismo.cm-santiagocacem.pt\/es\/wp-json\/wp\/v2\/pages"}],"about":[{"href":"https:\/\/turismo.cm-santiagocacem.pt\/es\/wp-json\/wp\/v2\/types\/page"}],"author":[{"embeddable":true,"href":"https:\/\/turismo.cm-santiagocacem.pt\/es\/wp-json\/wp\/v2\/users\/2"}],"replies":[{"embeddable":true,"href":"https:\/\/turismo.cm-santiagocacem.pt\/es\/wp-json\/wp\/v2\/comments?post=789"}],"version-history":[{"count":6,"href":"https:\/\/turismo.cm-santiagocacem.pt\/es\/wp-json\/wp\/v2\/pages\/789\/revisions"}],"predecessor-version":[{"id":2112,"href":"https:\/\/turismo.cm-santiagocacem.pt\/es\/wp-json\/wp\/v2\/pages\/789\/revisions\/2112"}],"wp:attachment":[{"href":"https:\/\/turismo.cm-santiagocacem.pt\/es\/wp-json\/wp\/v2\/media?parent=789"}],"wp:term":[{"taxonomy":"category","embeddable":true,"href":"https:\/\/turismo.cm-santiagocacem.pt\/es\/wp-json\/wp\/v2\/categories?post=789"},{"taxonomy":"post_tag","embeddable":true,"href":"https:\/\/turismo.cm-santiagocacem.pt\/es\/wp-json\/wp\/v2\/tags?post=789"}],"curies":[{"name":"wp","href":"https:\/\/api.w.org\/{rel}","templated":true}]}}