{"id":793,"date":"2016-08-22T11:57:38","date_gmt":"2016-08-22T09:57:38","guid":{"rendered":"http:\/\/turismo.cm-santiagocacem.pt\/?page_id=793&#038;lang=es"},"modified":"2016-08-22T11:57:38","modified_gmt":"2016-08-22T09:57:38","slug":"conjuntos-patrimoniales","status":"publish","type":"page","link":"https:\/\/turismo.cm-santiagocacem.pt\/es\/conjuntos-patrimoniales\/","title":{"rendered":"Conjuntos patrimoniales"},"content":{"rendered":"<div id=\"accordion-1\" class=\"accordion no-js\"><\/p>\n<p>\n        <h3 class=\"accordion-title\">\n            <button id=\"accordion-1-t1\" class=\"js-accordion-controller\" aria-controls=\"accordion-1-c1\" aria-expanded=\"false\" >\n                Santiago do Cac\u00e9m            <\/button>\n        <\/h3>\n\n        <div id=\"accordion-1-c1\" class=\"accordion-content\" aria-hidden=\"true\">\n            <\/p>\n<h4>Jard\u00edn da Tapada del Palacio de los Condes de Avillez<\/h4>\n<p>La <strong>Tapada dos Condes de Avillez<\/strong> es un espacio verde calificado recientemente por el Ayuntamiento como un jard\u00edn p\u00fablico de recreaci\u00f3n y ocio, que se ubica en la zona privilegiada de la ciudad de Santiago do Cac\u00e9m: el centro hist\u00f3rico.<\/p>\n<p>Lo m\u00e1s probable es que la Tapada se dise\u00f1ara y comenzara antes de 1901, y entre esta fecha y los primeros a\u00f1os de la d\u00e9cada de los 20, la condesa D.\u00aa Maria Carolina (viuda del 3.<sup>er<\/sup> Conde de Avillez) desarroll\u00f3 la creaci\u00f3n de la Tapada en la parte occidental del palacio, entre este y la muralla de la barbacana del Castillo.<\/p>\n<p>Concebida inicialmente como un jard\u00edn bot\u00e1nico de inspiraci\u00f3n rom\u00e1ntica, la Tapada incluye varios edificios recuperados y est\u00e1 limitada por un muro almenado (como continuaci\u00f3n de la barbacana).\u00a0 La Tapada tiene en la antigua Porta da Vila (que se encuentra en la barbacana del castillo) su entrada principal.\u00a0 La Capilla de S. Jorge, cuya construcci\u00f3n data de 1902, fue construida en memoria de los 3.\u00ba y 4.\u00ba condes de Avillez, con el objetivo de crear la imagen de una peque\u00f1a catedral. Frente a la capilla se extienden la terraza sobre el patio y los tejados del palacio, resguardado por el enrejado de arcos neog\u00f3ticos, mientras que detr\u00e1s del edificio se halla un claro, que antecede al sepulcro del Bem Mirado, caballo favorito del 4.\u00ba conde, quien muri\u00f3 en su vejez en la d\u00e9cada de 1920. El norte de la capilla da al Jardim das Arom\u00e1ticas, donde todav\u00eda se puede ver un viejo barranco de riego y una peque\u00f1a fuente con dep\u00f3sito y el pozo\/cisterna de boquilla cuadrangular, construido sobre s\u00f3lidos arcos de canter\u00eda. Pero encima, en este lado del recinto, puede verse lo que queda del invernadero neog\u00f3tico. Al sur de la capilla se encuentra la Casa de Ch\u00e1 y se puede observar en su fachada principal orientada al este un portal probablemente manuelino.<\/p>\n<p><strong><i class=\"fa fa-clock-o \" ><\/i> \u00a0Horario:\u00a0<\/strong>de abril a septiembre de las 10:00 a las 12:30 horas y de las 14:30 a las 18:00 horas \u2013 de octubre a marzo de las 10:00 a las 12:30 horas y de las 14:00 a las 17:00 horas. Cerrado lunes y martes; Semana Santa, Navidades y A\u00f1o Nuevo.<\/p>\n<p><a href=\"http:\/\/turismo.cm-santiagocacem.pt\/wp-content\/uploads\/1.jpg\" rel=\"attachment wp-att-47\"><img loading=\"lazy\" decoding=\"async\" class=\"alignnone size-large wp-image-47\" src=\"http:\/\/turismo.cm-santiagocacem.pt\/wp-content\/uploads\/1-1024x680.jpg\" alt=\"1\" width=\"1024\" height=\"680\" srcset=\"https:\/\/turismo.cm-santiagocacem.pt\/wp-content\/uploads\/1-1024x680.jpg 1024w, https:\/\/turismo.cm-santiagocacem.pt\/wp-content\/uploads\/1-300x199.jpg 300w, https:\/\/turismo.cm-santiagocacem.pt\/wp-content\/uploads\/1-768x510.jpg 768w, https:\/\/turismo.cm-santiagocacem.pt\/wp-content\/uploads\/1-325x216.jpg 325w, https:\/\/turismo.cm-santiagocacem.pt\/wp-content\/uploads\/1.jpg 2000w\" sizes=\"auto, (max-width: 1024px) 100vw, 1024px\" \/><\/a><\/p>\n<p>&nbsp;<\/p>\n<h4>Parque urbano del Rio da Figueira<\/h4>\n<p>Antigua casona se\u00f1orial del Capit\u00e1n General J.J. Salema Andrade Guerrero de Aboim; este se la leg\u00f3 a los 2.<sup>os<\/sup> Condes de Avillez, y ya a finales del siglo XX pas\u00f3 a manos del Municipio. Este espacio fue objeto de un estudio municipal que se convirti\u00f3 en un parque urbano.\u00a0 Es un buen ejemplo de la integraci\u00f3n de una estructura verde en una aglomeraci\u00f3n urbana.<\/p>\n<p>En esta zona destinada al tiempo libre y al ocio se puede disfrutar de un contacto directo con la naturaleza y del placer que ella nos ofrece. Cuenta con varias instalaciones deportivas (piscinas de nataci\u00f3n, pista de atletismo, campos de juego: voleibol, baloncesto, balonmano y b\u00e1dminton), y es un ejemplo excepcional de recuperaci\u00f3n, restauraci\u00f3n y protecci\u00f3n del patrimonio arquitect\u00f3nico y natural.<\/p>\n<p>El complejo de las piscinas municipales se enmarca en ese espacio. Su jard\u00edn, parque infantil y zona de picnic son un aut\u00e9ntico pulm\u00f3n verde para los visitantes; atraen a cientos de personas cada a\u00f1o que disfrutan de un magn\u00edfico entorno natural.<\/p>\n<p>La din\u00e1mica de valorizaci\u00f3n de espacios verdes y de ocio ha sido llevada a cabo por el Ayuntamiento de Santiago do Cac\u00e9m con el fin de beneficiar y ocupar de forma saludable el tiempo libre de los residentes y visitantes.<\/p>\n<p><strong><i class=\"fa fa-clock-o \" ><\/i> \u00a0Horario:<\/strong> Abierto todo el a\u00f1o.<\/p>\n<p><a href=\"http:\/\/turismo.cm-santiagocacem.pt\/wp-content\/uploads\/2.jpg\" rel=\"attachment wp-att-48\"><img loading=\"lazy\" decoding=\"async\" class=\"alignnone size-full wp-image-48\" src=\"http:\/\/turismo.cm-santiagocacem.pt\/wp-content\/uploads\/2.jpg\" alt=\"2\" width=\"1000\" height=\"659\" srcset=\"https:\/\/turismo.cm-santiagocacem.pt\/wp-content\/uploads\/2.jpg 1000w, https:\/\/turismo.cm-santiagocacem.pt\/wp-content\/uploads\/2-300x198.jpg 300w, https:\/\/turismo.cm-santiagocacem.pt\/wp-content\/uploads\/2-768x506.jpg 768w, https:\/\/turismo.cm-santiagocacem.pt\/wp-content\/uploads\/2-325x214.jpg 325w\" sizes=\"auto, (max-width: 1000px) 100vw, 1000px\" \/><\/a><\/p>\n<p>&nbsp;<\/p>\n<h4>Quinta dos Olhos Bolidos<\/h4>\n<p>La <strong>Quinta dos Olhos Bolidos<\/strong> se encuentra en el distrito de Santa Cruz y data del siglo XVIII.\u00a0 Es una antigua casona se\u00f1orial que perteneci\u00f3 al obispo de Nanjing y a su sobrino Fray Bernardo Falc\u00e3o Murzello (el autor de las \u201cMemorias de la antigua Mir\u00f3briga\u201d).\u00a0 Su nombre se debe a la abundancia de agua, los \u00abojos de agua\u00bb, que sustentan un amplio sistema de irrigaci\u00f3n que alimenta fuentes, cascadas, surtidores y dep\u00f3sitos en jardines franceses y pomares.\u00a0 El edificio principal, a pesar de su antig\u00fcedad, no tiene elementos que lo identifiquen. Los aspectos m\u00e1s destacados de la casona son los jardines y huertos, estructurados y sometidos a una composici\u00f3n espacial que vincula los principales elementos y \u00e1reas funcionales. Calificado como Monumento de Inter\u00e9s P\u00fablico y Zona Determinada de Protecci\u00f3n Especial.<\/p>\n<p><a href=\"http:\/\/turismo.cm-santiagocacem.pt\/wp-content\/uploads\/3.jpg\" rel=\"attachment wp-att-49\"><img loading=\"lazy\" decoding=\"async\" class=\"alignnone size-large wp-image-49\" src=\"http:\/\/turismo.cm-santiagocacem.pt\/wp-content\/uploads\/3-1024x681.jpg\" alt=\"3\" width=\"1024\" height=\"681\" srcset=\"https:\/\/turismo.cm-santiagocacem.pt\/wp-content\/uploads\/3-1024x681.jpg 1024w, https:\/\/turismo.cm-santiagocacem.pt\/wp-content\/uploads\/3-300x199.jpg 300w, https:\/\/turismo.cm-santiagocacem.pt\/wp-content\/uploads\/3-768x511.jpg 768w, https:\/\/turismo.cm-santiagocacem.pt\/wp-content\/uploads\/3-325x216.jpg 325w\" sizes=\"auto, (max-width: 1024px) 100vw, 1024px\" \/><\/a><\/p>\n<p>        <\/div>\n\n        <\/p>\n<p>\n        <h3 class=\"accordion-title\">\n            <button id=\"accordion-1-t2\" class=\"js-accordion-controller\" aria-controls=\"accordion-1-c2\" aria-expanded=\"false\" >\n                S\u00e3o Bartolomeu da Serra            <\/button>\n        <\/h3>\n\n        <div id=\"accordion-1-c2\" class=\"accordion-content\" aria-hidden=\"true\">\n            <\/p>\n<h4>Monte das Relvas<\/h4>\n<p>Propiedad del Capit\u00e1n General de Santiago do Cac\u00e9m J.J. Salema de Andrade Guerreiro de Aboim, debe de haber sido construido o ampliado a principios del siglo XIX.\u00a0 De hecho, el portal que franquea la entrada de la construcci\u00f3n, con sus urnas y su front\u00f3n adornado con volutas y voladizos, se asemeja en todo a la gram\u00e1tica decorativa del hastial lateral izquierdo de su palacio en Santiago do Cac\u00e9m, tambi\u00e9n \u00e9l acabado a principios del mismo siglo.\u00a0 Junto al mismo se encuentra un molino de viento actualmente abandonado, erigido con mamposter\u00eda muy bien labrada e inusual en este tipo de construcci\u00f3n. En el portal de la entrada hay un cartel con fecha de 1833, como si se\u00f1alara el final de la guerra entre el rey Pedro y el rey Miguel.<\/p>\n<p><a href=\"http:\/\/turismo.cm-santiagocacem.pt\/wp-content\/uploads\/4.jpg\" rel=\"attachment wp-att-55\"><img loading=\"lazy\" decoding=\"async\" class=\"alignnone size-large wp-image-55\" src=\"http:\/\/turismo.cm-santiagocacem.pt\/wp-content\/uploads\/4-1024x766.jpg\" alt=\"4\" width=\"1024\" height=\"766\" srcset=\"https:\/\/turismo.cm-santiagocacem.pt\/wp-content\/uploads\/4.jpg 1024w, https:\/\/turismo.cm-santiagocacem.pt\/wp-content\/uploads\/4-300x224.jpg 300w, https:\/\/turismo.cm-santiagocacem.pt\/wp-content\/uploads\/4-768x575.jpg 768w, https:\/\/turismo.cm-santiagocacem.pt\/wp-content\/uploads\/4-325x243.jpg 325w\" sizes=\"auto, (max-width: 1024px) 100vw, 1024px\" \/><\/a><\/p>\n<p>        <\/div>\n\n        <\/p>\n<p>\n        <h3 class=\"accordion-title\">\n            <button id=\"accordion-1-t3\" class=\"js-accordion-controller\" aria-controls=\"accordion-1-c3\" aria-expanded=\"false\" >\n                Cercal do Alentejo            <\/button>\n        <\/h3>\n\n        <div id=\"accordion-1-c3\" class=\"accordion-content\" aria-hidden=\"true\">\n            <\/p>\n<h4>Quinta da Mandorelha<\/h4>\n<p>La noticia m\u00e1s antigua sobre la casona surge de la visita realizada por la Orden de Santiago a petici\u00f3n del Cercal en el a\u00f1o 1492. Durante los siglos XVIII, XIX y XX, la casona recibi\u00f3 importantes mejoras, entre las que destacan la construcci\u00f3n de una Casa de Fresco, del tipo de baluarte, una presa para el recreo fluvial, la fuente de San Ant\u00f3nio y un molino de agua, que ahora se llama Casa das Heras.<\/p>\n<p>De una \u00e9poca m\u00e1s antigua, probablemente de la \u00e9poca romana y vinculada a la explotaci\u00f3n minera de los montes del Cercal, data otra presa existente en la casona, esta \u00faltima es de dimensiones m\u00e1s peque\u00f1as, aunque est\u00e1 equipada con una buena siller\u00eda.<\/p>\n<p><a href=\"http:\/\/turismo.cm-santiagocacem.pt\/wp-content\/uploads\/5.jpg\" rel=\"attachment wp-att-51\"><img loading=\"lazy\" decoding=\"async\" class=\"alignnone wp-image-51\" src=\"http:\/\/turismo.cm-santiagocacem.pt\/wp-content\/uploads\/5-768x1024.jpg\" alt=\"DCF 1.0\" width=\"450\" height=\"600\" srcset=\"https:\/\/turismo.cm-santiagocacem.pt\/wp-content\/uploads\/5-768x1024.jpg 768w, https:\/\/turismo.cm-santiagocacem.pt\/wp-content\/uploads\/5-225x300.jpg 225w, https:\/\/turismo.cm-santiagocacem.pt\/wp-content\/uploads\/5-325x433.jpg 325w, https:\/\/turismo.cm-santiagocacem.pt\/wp-content\/uploads\/5.jpg 1920w\" sizes=\"auto, (max-width: 450px) 100vw, 450px\" \/><\/a><\/p>\n<p>        <\/div>\n\n        <\/p>\n<p><\/div>\n","protected":false},"excerpt":{"rendered":"","protected":false},"author":2,"featured_media":0,"parent":0,"menu_order":0,"comment_status":"closed","ping_status":"closed","template":"","meta":{"_genesis_hide_title":false,"_genesis_hide_breadcrumbs":false,"_genesis_hide_singular_image":false,"_genesis_hide_footer_widgets":false,"_genesis_custom_body_class":"","_genesis_custom_post_class":"","_genesis_layout":"","footnotes":""},"categories":[53],"tags":[],"class_list":{"0":"post-793","1":"page","2":"type-page","3":"status-publish","5":"category-museos-y-monumentos","6":"entry"},"_links":{"self":[{"href":"https:\/\/turismo.cm-santiagocacem.pt\/es\/wp-json\/wp\/v2\/pages\/793","targetHints":{"allow":["GET"]}}],"collection":[{"href":"https:\/\/turismo.cm-santiagocacem.pt\/es\/wp-json\/wp\/v2\/pages"}],"about":[{"href":"https:\/\/turismo.cm-santiagocacem.pt\/es\/wp-json\/wp\/v2\/types\/page"}],"author":[{"embeddable":true,"href":"https:\/\/turismo.cm-santiagocacem.pt\/es\/wp-json\/wp\/v2\/users\/2"}],"replies":[{"embeddable":true,"href":"https:\/\/turismo.cm-santiagocacem.pt\/es\/wp-json\/wp\/v2\/comments?post=793"}],"version-history":[{"count":1,"href":"https:\/\/turismo.cm-santiagocacem.pt\/es\/wp-json\/wp\/v2\/pages\/793\/revisions"}],"predecessor-version":[{"id":794,"href":"https:\/\/turismo.cm-santiagocacem.pt\/es\/wp-json\/wp\/v2\/pages\/793\/revisions\/794"}],"wp:attachment":[{"href":"https:\/\/turismo.cm-santiagocacem.pt\/es\/wp-json\/wp\/v2\/media?parent=793"}],"wp:term":[{"taxonomy":"category","embeddable":true,"href":"https:\/\/turismo.cm-santiagocacem.pt\/es\/wp-json\/wp\/v2\/categories?post=793"},{"taxonomy":"post_tag","embeddable":true,"href":"https:\/\/turismo.cm-santiagocacem.pt\/es\/wp-json\/wp\/v2\/tags?post=793"}],"curies":[{"name":"wp","href":"https:\/\/api.w.org\/{rel}","templated":true}]}}