{"id":795,"date":"2016-08-22T12:01:50","date_gmt":"2016-08-22T10:01:50","guid":{"rendered":"http:\/\/turismo.cm-santiagocacem.pt\/?page_id=795&#038;lang=es"},"modified":"2016-08-22T12:01:50","modified_gmt":"2016-08-22T10:01:50","slug":"patrimonio-arqueologico","status":"publish","type":"page","link":"https:\/\/turismo.cm-santiagocacem.pt\/es\/patrimonio-arqueologico\/","title":{"rendered":"Patrimonio arqueol\u00f3gico"},"content":{"rendered":"<h3>Yacimiento arqueol\u00f3gico de Mir\u00f3briga<\/h3>\n<p>El yacimiento arqueol\u00f3gico de Mir\u00f3briga, situado cerca de la ciudad de Santiago do Cac\u00e9m, alberg\u00f3 una ciudad que surgi\u00f3 durante la Edad del Bronce y la Edad del Hierro (VI-I a.C.) y se mantuvo hasta el siglo IV d.C. Estas ruinas se registraron a partir del siglo XVI por Andr\u00e9 de Resende y se basan en una elevaci\u00f3n dotada de estructuras defensivas, en una zona de visibilidad privilegiada, lo que permiti\u00f3 el control territorial de una vasta regi\u00f3n, que cuenta con varios recursos \u201cagr\u00edcolas, marinos y mineros, por lo que este pueblo habr\u00eda jugado un papel comercial de relativa prominencia\u201d.<\/p>\n<p><a href=\"http:\/\/turismo.cm-santiagocacem.pt\/wp-content\/uploads\/1-2.jpg\" rel=\"attachment wp-att-66\"><img loading=\"lazy\" decoding=\"async\" class=\"alignnone size-large wp-image-66\" src=\"http:\/\/turismo.cm-santiagocacem.pt\/wp-content\/uploads\/1-2-1024x683.jpg\" alt=\"F\u00f3rum de Mir\u00f3briga\" width=\"1024\" height=\"683\" srcset=\"https:\/\/turismo.cm-santiagocacem.pt\/wp-content\/uploads\/1-2-1024x683.jpg 1024w, https:\/\/turismo.cm-santiagocacem.pt\/wp-content\/uploads\/1-2-300x200.jpg 300w, https:\/\/turismo.cm-santiagocacem.pt\/wp-content\/uploads\/1-2-768x512.jpg 768w, https:\/\/turismo.cm-santiagocacem.pt\/wp-content\/uploads\/1-2-325x217.jpg 325w\" sizes=\"auto, (max-width: 1024px) 100vw, 1024px\" \/><\/a><\/p>\n<p>En el periodo romano, el emplazamiento experiment\u00f3 una expansi\u00f3n considerable, a trav\u00e9s de la implementaci\u00f3n de un programa integral de edificios.\u00a0 As\u00ed que en este punto, Mir\u00f3briga ten\u00eda un foro, donde se erigi\u00f3 un templo probablemente dedicado al culto imperial y otro dedicado a Venus.\u00a0 Envolviendo el foro se encontraban las edificaciones restantes y al sur se situaba el \u00e1rea comercial que contaba con varias tiendas (tabernae) y una posada. Las termas surgen en una de las zonas mejor conservadas de Mir\u00f3briga, que consist\u00edan en dos edificios; uno para hombres y otro para mujeres y entre los siglos I y II d.C. aparecen las edificaciones restantes (zona de entrada, sala de vestidor y juegos y una zona para ba\u00f1os de agua fr\u00eda &#8211; frigidarium &#8211; y otra para ba\u00f1os calientes -caldarium y tepidarium-). Tambi\u00e9n cuenta con un puente de arco \u00fanico de vuelta entera y el pavimento, que consiste en losas de piedra caliza, sigue siendo el original. Tambi\u00e9n es visible el sistema de drenaje de aguas pluviales.<\/p>\n<p><a href=\"http:\/\/turismo.cm-santiagocacem.pt\/wp-content\/uploads\/2-2.jpg\" rel=\"attachment wp-att-67\"><img loading=\"lazy\" decoding=\"async\" class=\"alignnone size-large wp-image-67\" src=\"http:\/\/turismo.cm-santiagocacem.pt\/wp-content\/uploads\/2-2-1024x683.jpg\" alt=\"Termas de Mir\u00f3briga\" width=\"1024\" height=\"683\" srcset=\"https:\/\/turismo.cm-santiagocacem.pt\/wp-content\/uploads\/2-2-1024x683.jpg 1024w, https:\/\/turismo.cm-santiagocacem.pt\/wp-content\/uploads\/2-2-300x200.jpg 300w, https:\/\/turismo.cm-santiagocacem.pt\/wp-content\/uploads\/2-2-768x512.jpg 768w, https:\/\/turismo.cm-santiagocacem.pt\/wp-content\/uploads\/2-2-325x217.jpg 325w\" sizes=\"auto, (max-width: 1024px) 100vw, 1024px\" \/><\/a><\/p>\n<p>Aproximadamente a 1 km del yacimiento arqueol\u00f3gico de Mir\u00f3briga se encuentran las ruinas del hip\u00f3dromo. Mide 370 m por 75 m y estaba dividido por la mitad por la \u201cspina\u201d, que indicaba una meta en cada extremo.\u00a0 El hip\u00f3dromo serv\u00eda para realizar carreras de carros tirados por dos o cuatro caballos (bigas\/cu\u00e1drigas).<\/p>\n<p><a href=\"http:\/\/turismo.cm-santiagocacem.pt\/wp-content\/uploads\/3-1.jpg\" rel=\"attachment wp-att-68\"><img loading=\"lazy\" decoding=\"async\" class=\"alignnone size-large wp-image-68\" src=\"http:\/\/turismo.cm-santiagocacem.pt\/wp-content\/uploads\/3-1-1024x768.jpg\" alt=\"Hip\u00f3dromo de Mir\u00f3briga\" width=\"1024\" height=\"768\" srcset=\"https:\/\/turismo.cm-santiagocacem.pt\/wp-content\/uploads\/3-1-1024x768.jpg 1024w, https:\/\/turismo.cm-santiagocacem.pt\/wp-content\/uploads\/3-1-300x225.jpg 300w, https:\/\/turismo.cm-santiagocacem.pt\/wp-content\/uploads\/3-1-768x576.jpg 768w, https:\/\/turismo.cm-santiagocacem.pt\/wp-content\/uploads\/3-1-325x244.jpg 325w\" sizes=\"auto, (max-width: 1024px) 100vw, 1024px\" \/><\/a><\/p>\n<p>Las excavaciones del yacimiento arqueol\u00f3gico comenzaron en 1801, promovidas por el Obispo de Beja, Don Frei Manuel do Cen\u00e1culo, y actualmente cuenta con un Centro de Acogida e Interpretaci\u00f3n para explicar el complejo de Mir\u00f3briga, construido por el IPPAR (Instituto Portugu\u00e9s del Patrimonio Arquitect\u00f3nico). \u201cEl Centro cuenta con una exposici\u00f3n permanente sobre el yacimiento, organizada por temas, as\u00ed como un espacio para recibir grupos.\u00a0 El recorrido de la visita est\u00e1 claramente marcado. \u00abEst\u00e1 clasificado desde 1940 como Inmueble de Inter\u00e9s P\u00fablico, y se supedita a la Direcci\u00f3n Regional de Cultura de Alentejo.<\/p>\n<h4><i class=\"fa fa-clock-o \" ><\/i> \u00a0Hor\u00e1rio:<\/h4>\n<p style=\"padding-left: 30px;\">De martes a s\u00e1bado de las 09:00 a las 12:30\u00a0horas y de las 14:00 a las 17:30 horas<br \/>\nDomingo\u00a0de las 09:00 a las 12:30\u00a0horas y de las 14:00 a las 17:30 horas<br \/>\nCierra los lunes y festivos del 1 de enero, domingo de Pascua, 1 de mayo y 25 de diciembre.<\/p>\n<h4><i class=\"fa fa-info-circle \" ><\/i> \u00a0Contactos:<\/h4>\n<p style=\"padding-left: 30px;\"><i class=\"fa fa-phone \" ><\/i>\u00a0+351 269818460<br \/>\n<i class=\"fa fa-fax \" ><\/i>\u00a0+351 269818461<br \/>\n<i class=\"fa fa-envelope \" ><\/i>\u00a0<a href=\"mailto:info@cultura-alentejo.pt\">info@cultura-alentejo.pt<\/a><br \/>\n<i class=\"fa fa-globe \" ><\/i>\u00a0<a href=\"http:\/\/www.cultura-alentejo.pt\/pagina,8,8.aspx\" target=\"_blank\">www.cultura-alentejo.pt\/pagina,8,8.aspx<\/a><\/p>\n","protected":false},"excerpt":{"rendered":"<p>Yacimiento arqueol\u00f3gico de Mir\u00f3briga El yacimiento arqueol\u00f3gico de Mir\u00f3briga, situado cerca de la ciudad de Santiago do Cac\u00e9m, alberg\u00f3 una ciudad que surgi\u00f3 durante la Edad del Bronce y la Edad del Hierro (VI-I a.C.) y se mantuvo hasta el siglo IV d.C. Estas ruinas se registraron a partir del siglo XVI por Andr\u00e9 de [&hellip;]<\/p>\n","protected":false},"author":2,"featured_media":0,"parent":0,"menu_order":0,"comment_status":"closed","ping_status":"closed","template":"","meta":{"_genesis_hide_title":false,"_genesis_hide_breadcrumbs":false,"_genesis_hide_singular_image":false,"_genesis_hide_footer_widgets":false,"_genesis_custom_body_class":"","_genesis_custom_post_class":"","_genesis_layout":"","footnotes":""},"categories":[53],"tags":[],"class_list":{"0":"post-795","1":"page","2":"type-page","3":"status-publish","5":"category-museos-y-monumentos","6":"entry"},"_links":{"self":[{"href":"https:\/\/turismo.cm-santiagocacem.pt\/es\/wp-json\/wp\/v2\/pages\/795","targetHints":{"allow":["GET"]}}],"collection":[{"href":"https:\/\/turismo.cm-santiagocacem.pt\/es\/wp-json\/wp\/v2\/pages"}],"about":[{"href":"https:\/\/turismo.cm-santiagocacem.pt\/es\/wp-json\/wp\/v2\/types\/page"}],"author":[{"embeddable":true,"href":"https:\/\/turismo.cm-santiagocacem.pt\/es\/wp-json\/wp\/v2\/users\/2"}],"replies":[{"embeddable":true,"href":"https:\/\/turismo.cm-santiagocacem.pt\/es\/wp-json\/wp\/v2\/comments?post=795"}],"version-history":[{"count":1,"href":"https:\/\/turismo.cm-santiagocacem.pt\/es\/wp-json\/wp\/v2\/pages\/795\/revisions"}],"predecessor-version":[{"id":796,"href":"https:\/\/turismo.cm-santiagocacem.pt\/es\/wp-json\/wp\/v2\/pages\/795\/revisions\/796"}],"wp:attachment":[{"href":"https:\/\/turismo.cm-santiagocacem.pt\/es\/wp-json\/wp\/v2\/media?parent=795"}],"wp:term":[{"taxonomy":"category","embeddable":true,"href":"https:\/\/turismo.cm-santiagocacem.pt\/es\/wp-json\/wp\/v2\/categories?post=795"},{"taxonomy":"post_tag","embeddable":true,"href":"https:\/\/turismo.cm-santiagocacem.pt\/es\/wp-json\/wp\/v2\/tags?post=795"}],"curies":[{"name":"wp","href":"https:\/\/api.w.org\/{rel}","templated":true}]}}