{"id":797,"date":"2016-08-22T12:11:23","date_gmt":"2016-08-22T10:11:23","guid":{"rendered":"http:\/\/turismo.cm-santiagocacem.pt\/?page_id=797&#038;lang=es"},"modified":"2016-08-22T12:11:23","modified_gmt":"2016-08-22T10:11:23","slug":"patrimonio-arquitectonico-militar","status":"publish","type":"page","link":"https:\/\/turismo.cm-santiagocacem.pt\/es\/patrimonio-arquitectonico-militar\/","title":{"rendered":"Patrimonio arquitect\u00f3nico militar"},"content":{"rendered":"<h4>Castillo<\/h4>\n<p>La construcci\u00f3n del castillo se remonta originariamente a la ocupaci\u00f3n musulmana de esta regi\u00f3n del Alentejo, una situaci\u00f3n en la cual permaneci\u00f3 hasta 1158, cuando el rey D. Afonso Henriques -ayudado por los caballeros templarios- lo conquista y lo entrega a la misma milicia de Cristo.<\/p>\n<p>En 1190, el califa almohade Al-Mansur se apodera del castillo cristiano, hecho que apenas se frustr\u00f3 en 1217, cuando el rey D. Alfonso II lo reconquista y lo entrega a los caballeros de la Orden de Santiago, a la que ya antes se lo hab\u00eda donado (1186).<\/p>\n<p><a href=\"http:\/\/turismo.cm-santiagocacem.pt\/wp-content\/uploads\/1-4.jpg\" rel=\"attachment wp-att-83\"><img loading=\"lazy\" decoding=\"async\" class=\"alignnone size-large wp-image-83\" src=\"http:\/\/turismo.cm-santiagocacem.pt\/wp-content\/uploads\/1-4-1024x683.jpg\" alt=\"Castelo de Santiago do Cac\u00e9m\" width=\"1024\" height=\"683\" srcset=\"https:\/\/turismo.cm-santiagocacem.pt\/wp-content\/uploads\/1-4-1024x683.jpg 1024w, https:\/\/turismo.cm-santiagocacem.pt\/wp-content\/uploads\/1-4-300x200.jpg 300w, https:\/\/turismo.cm-santiagocacem.pt\/wp-content\/uploads\/1-4-768x512.jpg 768w, https:\/\/turismo.cm-santiagocacem.pt\/wp-content\/uploads\/1-4-325x217.jpg 325w\" sizes=\"auto, (max-width: 1024px) 100vw, 1024px\" \/><\/a><\/p>\n<p>Entre los a\u00f1os 1310 y 1336, la villa y el castillo pasaron a manos de la princesa bizantina D.\u00aa Vatacia L\u00e1scaris, en virtud de un intercambio realizado entre esta y el Maestre de la orden, una circunstancia que dio como resultado el intercambio de la encomienda que la princesa llev\u00f3 a cabo en Vila-lar (Castela) con los dominios de esta villa. Sin embargo, despu\u00e9s de su muerte, que se produjo en el a\u00f1o 1336, el castillo y la villa volvieron a estar de nuevo bajo la tutela del Maestre de la Orden de Santiago.<\/p>\n<p>En la revoluci\u00f3n de 1383-1385, muchos castillos transtaganos fueron ocupados por los ej\u00e9rcitos del rey de Castilla, ofensiva que fue frustrada por las tropas de D. Nuno Alvares Pereira, que pronto los expuls\u00f3 del Alentejo y recuper\u00f3 las plazas de armas que hab\u00edan ca\u00eddo en su poder.\u00a0 Entre ellas figuraba la de Santiago do Cac\u00e9m.<\/p>\n<p>Desde principios del siglo XVI, el castillo comienza a perder la vieja funci\u00f3n defensiva que pose\u00eda, lo que aceler\u00f3 su degradaci\u00f3n. En 1605 fue abandonada, lo que la degrad\u00f3 a\u00fan m\u00e1s, una circunstancia que supuso que en 1700 ya se encontrara en un avanzado estado de deterioro.\u00a0 De este modo, en 1838, el Ayuntamiento opt\u00f3 por el interior para alojar el cementerio municipal.<\/p>\n<p><a href=\"http:\/\/turismo.cm-santiagocacem.pt\/wp-content\/uploads\/2-4.jpg\" rel=\"attachment wp-att-84\"><img loading=\"lazy\" decoding=\"async\" class=\"alignnone size-large wp-image-84\" src=\"http:\/\/turismo.cm-santiagocacem.pt\/wp-content\/uploads\/2-4-1024x681.jpg\" alt=\"Castelo de Santiago do Cac\u00e9m\" width=\"1024\" height=\"681\" srcset=\"https:\/\/turismo.cm-santiagocacem.pt\/wp-content\/uploads\/2-4-1024x681.jpg 1024w, https:\/\/turismo.cm-santiagocacem.pt\/wp-content\/uploads\/2-4-300x200.jpg 300w, https:\/\/turismo.cm-santiagocacem.pt\/wp-content\/uploads\/2-4-768x511.jpg 768w, https:\/\/turismo.cm-santiagocacem.pt\/wp-content\/uploads\/2-4-325x216.jpg 325w, https:\/\/turismo.cm-santiagocacem.pt\/wp-content\/uploads\/2-4.jpg 2000w\" sizes=\"auto, (max-width: 1024px) 100vw, 1024px\" \/><\/a><\/p>\n<p>La tipolog\u00eda actual del castillo tiene la forma de un paralelogramo rodeado por nueve torres y torreones, la d\u00e9cima fue destruida en 1796, cuando se construy\u00f3 la iglesia matriz; al acceder a su interior por la \u00fanica puerta que perduraba, donde se puede observar un conjunto blasonado que ostenta la cruz de la bandera o estandarte de la Orden de Santiago, la cruz en forma de espada y el escudo de un caballero con los cinco rincones del reino.\u00a0 El interior del castillo est\u00e1 dominado por las ruinas del antiguo espacio de la alcaid\u00eda o alc\u00e1zar, construcci\u00f3n que se origin\u00f3 en los siglos XIII\/XIV y fue remodelada en los siglos XV\/XVI; espacio en el que tambi\u00e9n se oculta un granero medieval.<\/p>\n<p>A partir de los a\u00f1os 30 del siglo XX, se efectuaron en el castillo importantes restauraciones a cargo de la Direcci\u00f3n de los Servicios de Monumentos Nacionales.\u00a0 Le proporcionaron la configuraci\u00f3n actual que conocemos.<\/p>\n<p>Est\u00e1 calificado como Monumento Nacional desde 1910.<\/p>\n","protected":false},"excerpt":{"rendered":"<p>Castillo La construcci\u00f3n del castillo se remonta originariamente a la ocupaci\u00f3n musulmana de esta regi\u00f3n del Alentejo, una situaci\u00f3n en la cual permaneci\u00f3 hasta 1158, cuando el rey D. Afonso Henriques -ayudado por los caballeros templarios- lo conquista y lo entrega a la misma milicia de Cristo. En 1190, el califa almohade Al-Mansur se apodera [&hellip;]<\/p>\n","protected":false},"author":2,"featured_media":0,"parent":0,"menu_order":0,"comment_status":"closed","ping_status":"closed","template":"","meta":{"_genesis_hide_title":false,"_genesis_hide_breadcrumbs":false,"_genesis_hide_singular_image":false,"_genesis_hide_footer_widgets":false,"_genesis_custom_body_class":"","_genesis_custom_post_class":"","_genesis_layout":"","footnotes":""},"categories":[53],"tags":[],"class_list":{"0":"post-797","1":"page","2":"type-page","3":"status-publish","5":"category-museos-y-monumentos","6":"entry"},"_links":{"self":[{"href":"https:\/\/turismo.cm-santiagocacem.pt\/es\/wp-json\/wp\/v2\/pages\/797","targetHints":{"allow":["GET"]}}],"collection":[{"href":"https:\/\/turismo.cm-santiagocacem.pt\/es\/wp-json\/wp\/v2\/pages"}],"about":[{"href":"https:\/\/turismo.cm-santiagocacem.pt\/es\/wp-json\/wp\/v2\/types\/page"}],"author":[{"embeddable":true,"href":"https:\/\/turismo.cm-santiagocacem.pt\/es\/wp-json\/wp\/v2\/users\/2"}],"replies":[{"embeddable":true,"href":"https:\/\/turismo.cm-santiagocacem.pt\/es\/wp-json\/wp\/v2\/comments?post=797"}],"version-history":[{"count":1,"href":"https:\/\/turismo.cm-santiagocacem.pt\/es\/wp-json\/wp\/v2\/pages\/797\/revisions"}],"predecessor-version":[{"id":798,"href":"https:\/\/turismo.cm-santiagocacem.pt\/es\/wp-json\/wp\/v2\/pages\/797\/revisions\/798"}],"wp:attachment":[{"href":"https:\/\/turismo.cm-santiagocacem.pt\/es\/wp-json\/wp\/v2\/media?parent=797"}],"wp:term":[{"taxonomy":"category","embeddable":true,"href":"https:\/\/turismo.cm-santiagocacem.pt\/es\/wp-json\/wp\/v2\/categories?post=797"},{"taxonomy":"post_tag","embeddable":true,"href":"https:\/\/turismo.cm-santiagocacem.pt\/es\/wp-json\/wp\/v2\/tags?post=797"}],"curies":[{"name":"wp","href":"https:\/\/api.w.org\/{rel}","templated":true}]}}