{"id":799,"date":"2016-08-22T12:42:20","date_gmt":"2016-08-22T10:42:20","guid":{"rendered":"http:\/\/turismo.cm-santiagocacem.pt\/?page_id=799&#038;lang=es"},"modified":"2017-10-10T12:36:00","modified_gmt":"2017-10-10T10:36:00","slug":"patrimonio-arquitectonico-civil","status":"publish","type":"page","link":"https:\/\/turismo.cm-santiagocacem.pt\/es\/patrimonio-arquitectonico-civil\/","title":{"rendered":"Patrimonio arquitect\u00f3nico civil"},"content":{"rendered":"<div id=\"accordion-1\" class=\"accordion no-js\"><\/p>\n<p>\n        <h3 class=\"accordion-title\">\n            <button id=\"accordion-1-t1\" class=\"js-accordion-controller\" aria-controls=\"accordion-1-c1\" aria-expanded=\"false\" >\n                Alvalade            <\/button>\n        <\/h3>\n\n        <div id=\"accordion-1-c1\" class=\"accordion-content\" aria-hidden=\"true\">\n            <\/p>\n<h4>Pelourinho de Alvalade<\/h4>\n<p>El Pelourinho de Alvalade, construido en el siglo XVI, \u201cno es una pieza art\u00edstica, como muchas otras; apenas si consiste en un fuste calc\u00e1reo, coronado por un peque\u00f1o cono truncado.\u00a0 Est\u00e1 colocado en el \u00e1ngulo N.E. del edificio de los antiguos Pa\u00e7os do Concelho, hoy, escuela oficial, y se asienta en un taburete de 2,08 de altura, con el fuste de 0,94 y el cono de 0,64, en un total de 3,66\u201d (Padre Jorge de Oliveira, Nossa Terra, n.\u00ba 18 de 13 de marzo de 1932). Durante el terremoto de 1755, sufri\u00f3 grandes da\u00f1os, por lo que perdi\u00f3 parte de su decoraci\u00f3n.<\/p>\n<p>Las partes supervivientes volvieron a ensamblarse m\u00e1s adelante, en un gran plinto cuadrado; en la primera mitad del siglo XX fue desmantelado y las piezas, almacenadas.\u00a0 A principios del siglo XXI se reconstruy\u00f3 y erigi\u00f3 en el centro de la plaza. Se clasific\u00f3 como Inmueble de Inter\u00e9s P\u00fablico mediante decreto en 193<span style=\"line-height: 1.5;\">3.<\/span><\/p>\n<p><a href=\"http:\/\/turismo.cm-santiagocacem.pt\/wp-content\/uploads\/1-3.jpg\" rel=\"attachment wp-att-71\"><img loading=\"lazy\" decoding=\"async\" class=\"alignnone wp-image-71 size-large\" src=\"http:\/\/turismo.cm-santiagocacem.pt\/wp-content\/uploads\/1-3-1024x680.jpg\" alt=\"Pelourinho de Alvalade\" width=\"1024\" height=\"680\" srcset=\"https:\/\/turismo.cm-santiagocacem.pt\/wp-content\/uploads\/1-3-1024x680.jpg 1024w, https:\/\/turismo.cm-santiagocacem.pt\/wp-content\/uploads\/1-3-300x199.jpg 300w, https:\/\/turismo.cm-santiagocacem.pt\/wp-content\/uploads\/1-3-768x510.jpg 768w, https:\/\/turismo.cm-santiagocacem.pt\/wp-content\/uploads\/1-3-325x216.jpg 325w, https:\/\/turismo.cm-santiagocacem.pt\/wp-content\/uploads\/1-3.jpg 2000w\" sizes=\"auto, (max-width: 1024px) 100vw, 1024px\" \/><\/a><\/p>\n<p>&nbsp;<\/p>\n<h4>\u00abCasa dos Magistrados de Alvalade\u00bb<\/h4>\n<p>La \u201cCasa dos Magistrados\u201d era el establecimiento donde posiblemente resid\u00eda el \u00f3rgano jur\u00eddico local que, en el a\u00f1o 1708, estaba compuesto por dos jueces residentes, asistidos por los escribanos correspondientes.\u00a0 El edificio ten\u00eda, como elemento distintivo de la fachada principal, un escudo de armas con la corona real, que fue destruido por sus propietarios, y que a\u00fan se puede contemplar en fotograf\u00edas antiguas del siglo XX.<\/p>\n<p>La \u201cCasa dos Magistrados\u201d se encuentra en la Rua de S. Pedro, n.\u00ba 2, 4.<\/p>\n<p><a href=\"http:\/\/turismo.cm-santiagocacem.pt\/wp-content\/uploads\/2-3.jpg\" rel=\"attachment wp-att-72\"><img loading=\"lazy\" decoding=\"async\" class=\"alignnone size-large wp-image-72\" src=\"http:\/\/turismo.cm-santiagocacem.pt\/wp-content\/uploads\/2-3-1024x693.jpg\" alt=\"Casa dos Magistrados de Alvalade\" width=\"1024\" height=\"693\" srcset=\"https:\/\/turismo.cm-santiagocacem.pt\/wp-content\/uploads\/2-3-1024x693.jpg 1024w, https:\/\/turismo.cm-santiagocacem.pt\/wp-content\/uploads\/2-3-300x203.jpg 300w, https:\/\/turismo.cm-santiagocacem.pt\/wp-content\/uploads\/2-3-768x520.jpg 768w, https:\/\/turismo.cm-santiagocacem.pt\/wp-content\/uploads\/2-3-325x220.jpg 325w\" sizes=\"auto, (max-width: 1024px) 100vw, 1024px\" \/><\/a><\/p>\n<p>&nbsp;<\/p>\n<h4>Antiguos Pa\u00e7os do Concelho de Alvalade<\/h4>\n<p>Se desconoce la fecha de construcci\u00f3n de los antiguos Pa\u00e7os do Concelho, aunque se sabe que en las primeras d\u00e9cadas del siglo XIX el edificio fue escenario de muchos acontecimientos importantes para la vida del municipio de Alvalade, como la aclamaci\u00f3n de la reina D.\u00aa Mar\u00eda II, en junio de 1833 o la abdicaci\u00f3n de la misma reina en favor de D. Miguel en agosto de 1833, durante la lucha entre liberales y absolutistas.<\/p>\n<p>Con la extinci\u00f3n del Municipio de Alvalade, en noviembre de 1836, el edificio cambi\u00f3 de funci\u00f3n, al transformarse posteriormente en escuela oficial de ense\u00f1anza primaria. Se encuentra en la Plaza D. Manuel I, frente a la antigua iglesia de la Miseric\u00f3rdia, y actualmente est\u00e1 cedido a la parroquia de Alvalade.<\/p>\n<p>Es un edificio de l\u00edneas simples, con un solo entrepiso. En la planta baja se encontraba la c\u00e1rcel, cuyas ventanas enrejadas a\u00fan pod\u00edan observarse en la 1.\u00aa mitad del siglo XX.<\/p>\n<p><a href=\"http:\/\/turismo.cm-santiagocacem.pt\/wp-content\/uploads\/3-2.jpg\" rel=\"attachment wp-att-73\"><img loading=\"lazy\" decoding=\"async\" class=\"alignnone size-large wp-image-73\" src=\"http:\/\/turismo.cm-santiagocacem.pt\/wp-content\/uploads\/3-2-1024x768.jpg\" alt=\"Antigos Pa\u00e7os do Concelho de Alvalade\" width=\"1024\" height=\"768\" srcset=\"https:\/\/turismo.cm-santiagocacem.pt\/wp-content\/uploads\/3-2-1024x768.jpg 1024w, https:\/\/turismo.cm-santiagocacem.pt\/wp-content\/uploads\/3-2-300x225.jpg 300w, https:\/\/turismo.cm-santiagocacem.pt\/wp-content\/uploads\/3-2-768x576.jpg 768w, https:\/\/turismo.cm-santiagocacem.pt\/wp-content\/uploads\/3-2-325x244.jpg 325w\" sizes=\"auto, (max-width: 1024px) 100vw, 1024px\" \/><\/a><\/p>\n<p>        <\/div>\n\n        <\/p>\n<p>\n        <h3 class=\"accordion-title\">\n            <button id=\"accordion-1-t2\" class=\"js-accordion-controller\" aria-controls=\"accordion-1-c2\" aria-expanded=\"false\" >\n                Cercal do Alentejo            <\/button>\n        <\/h3>\n\n        <div id=\"accordion-1-c2\" class=\"accordion-content\" aria-hidden=\"true\">\n            <\/p>\n<h4>Fuente de la Rua Aldegalega<\/h4>\n<p>La peque\u00f1a fuente est\u00e1 fechada en 1921 y es un interesante testimonio de la red de abastecimiento p\u00fablico de agua a la poblaci\u00f3n.<\/p>\n<p>Su construcci\u00f3n utiliza un conjunto de interesantes elementos arquitect\u00f3nicos neocl\u00e1sicos: arco de vuelta perfecta asentado sobre pilastras, \u00e1tico seguido de un front\u00f3n triangular (donde est\u00e1 inscrita la fecha de 1921), dos artesonados laterales y dos voladizos toscos.<\/p>\n<p>&nbsp;<\/p>\n<p><a href=\"http:\/\/turismo.cm-santiagocacem.pt\/wp-content\/uploads\/4-1.jpg\" rel=\"attachment wp-att-74\"><img loading=\"lazy\" decoding=\"async\" class=\"alignnone size-large wp-image-74\" src=\"http:\/\/turismo.cm-santiagocacem.pt\/wp-content\/uploads\/4-1-1024x650.jpg\" alt=\"Chafariz da Rua Aldegalega \" width=\"1024\" height=\"650\" srcset=\"https:\/\/turismo.cm-santiagocacem.pt\/wp-content\/uploads\/4-1-1024x650.jpg 1024w, https:\/\/turismo.cm-santiagocacem.pt\/wp-content\/uploads\/4-1-300x190.jpg 300w, https:\/\/turismo.cm-santiagocacem.pt\/wp-content\/uploads\/4-1-768x487.jpg 768w, https:\/\/turismo.cm-santiagocacem.pt\/wp-content\/uploads\/4-1-325x206.jpg 325w\" sizes=\"auto, (max-width: 1024px) 100vw, 1024px\" \/><\/a><\/p>\n<p>        <\/div>\n\n        <\/p>\n<p>\n        <h3 class=\"accordion-title\">\n            <button id=\"accordion-1-t3\" class=\"js-accordion-controller\" aria-controls=\"accordion-1-c3\" aria-expanded=\"false\" >\n                Ermidas-Sado            <\/button>\n        <\/h3>\n\n        <div id=\"accordion-1-c3\" class=\"accordion-content\" aria-hidden=\"true\">\n            <\/p>\n<h4>Fuente del\u00a0Largo 1\u00ba de Maio<\/h4>\n<p>La fuente se encuentra en el centro de una gran construcci\u00f3n ortogonal per\u00edptera, que se define por muros con conversaderas, pasos anchos y columnata arquitrabada sin bases o capiteles<\/p>\n<p>Presenta la forma de un padr\u00f3n vertical de canter\u00eda, de planta cuadrangular, decorado en sus cuatro lados por los siguientes paneles y artesonados: panel con flores y follaje, de tratamiento modernista; panel con la misma tem\u00e1tica; artesonado con el antiguo escudo del municipio, iniciales de la C. S. M. C., el nombre de la localidad (Ermidas-Gare) y peque\u00f1o artesonado con grifo; artesonado con la leyenda \u201cObra del Nuevo Estado de 1943\u201d. La base, a su vez, forma un conjunto cruciforme con dos poyales en canter\u00eda, de esquinas redondeadas, y dos pilas con forma de semicircunferencia. La fuente es propiedad del Ayuntamiento.<\/p>\n<p><a href=\"http:\/\/turismo.cm-santiagocacem.pt\/wp-content\/uploads\/5-1.jpg\" rel=\"attachment wp-att-75\"><img loading=\"lazy\" decoding=\"async\" class=\"alignnone size-large wp-image-75\" src=\"http:\/\/turismo.cm-santiagocacem.pt\/wp-content\/uploads\/5-1-1024x680.jpg\" alt=\"Chafariz do Largo 1\u00ba de Maio\" width=\"1024\" height=\"680\" srcset=\"https:\/\/turismo.cm-santiagocacem.pt\/wp-content\/uploads\/5-1-1024x680.jpg 1024w, https:\/\/turismo.cm-santiagocacem.pt\/wp-content\/uploads\/5-1-300x199.jpg 300w, https:\/\/turismo.cm-santiagocacem.pt\/wp-content\/uploads\/5-1-768x510.jpg 768w, https:\/\/turismo.cm-santiagocacem.pt\/wp-content\/uploads\/5-1-325x216.jpg 325w\" sizes=\"auto, (max-width: 1024px) 100vw, 1024px\" \/><\/a><\/p>\n<p>        <\/div>\n\n        <\/p>\n<p>\n        <h3 class=\"accordion-title\">\n            <button id=\"accordion-1-t4\" class=\"js-accordion-controller\" aria-controls=\"accordion-1-c4\" aria-expanded=\"false\" >\n                Santiago do Cac\u00e9m            <\/button>\n        <\/h3>\n\n        <div id=\"accordion-1-c4\" class=\"accordion-content\" aria-hidden=\"true\">\n            <\/p>\n<h4>Pelourinho<\/h4>\n<p>El Pelourinho de Santiago do Cac\u00e9m fue construido entre 1844 y 1845, y sustituy\u00f3 a la antigua picota del reinado del rey Juan V, parcialmente destruida por el terremoto de 1755; las obras del Hospital Velho en 1899 destruir\u00edan el resto.\u00a0 El actual Pelourinho de Santiago \u201cfue la consecuencia de una encomienda que el Ayuntamiento hizo al cantero Jos\u00e9 Miguel Rodrigues, (&#8230;) una vez concluida la obra, su estructura se erigi\u00f3 en el centro de la Plaza Conde do Bracial. La estructura de la nueva marca del poder municipal se asent\u00f3 entonces en tres \u00f3rdenes de medidas, que fueron seguidos por un plinto rectangular &#8211; epigrafiado con la fecha de 1845 &#8211; y un fuste ochavado, prolongaci\u00f3n de un capitel liso, rematado por una esfera dividida en varios meridianos, que termina en una cruz de hierro de la Orden de Santiago\u201d. Est\u00e1 calificado como Inmueble de Inter\u00e9s P\u00fablico.<\/p>\n<p><a href=\"http:\/\/turismo.cm-santiagocacem.pt\/wp-content\/uploads\/6-e1457365322493.jpg\" rel=\"attachment wp-att-76\"><img loading=\"lazy\" decoding=\"async\" class=\"alignnone wp-image-76\" src=\"http:\/\/turismo.cm-santiagocacem.pt\/wp-content\/uploads\/6-e1457365322493-681x1024.jpg\" alt=\"Pelourinho de Santiago do Cac\u00e9m\" width=\"450\" height=\"677\" srcset=\"https:\/\/turismo.cm-santiagocacem.pt\/wp-content\/uploads\/6-e1457365322493-681x1024.jpg 681w, https:\/\/turismo.cm-santiagocacem.pt\/wp-content\/uploads\/6-e1457365322493-199x300.jpg 199w, https:\/\/turismo.cm-santiagocacem.pt\/wp-content\/uploads\/6-e1457365322493-768x1155.jpg 768w, https:\/\/turismo.cm-santiagocacem.pt\/wp-content\/uploads\/6-e1457365322493-325x489.jpg 325w, https:\/\/turismo.cm-santiagocacem.pt\/wp-content\/uploads\/6-e1457365322493.jpg 2000w\" sizes=\"auto, (max-width: 450px) 100vw, 450px\" \/><\/a><\/p>\n<p>&nbsp;<\/p>\n<h4>Torre do Rel\u00f3gio &#8211; Santiago do Cac\u00e9m<\/h4>\n<p>La torre fue construida entre 1667 y 1687 y se dise\u00f1\u00f3 para recibir el reloj que estaba en una de las torres que serv\u00edan de cantonera a las casas del comendador del castillo y que, seg\u00fan el estado de conservaci\u00f3n de las estructuras del propio castillo, amenazar\u00eda con derrocar.<\/p>\n<p>Con el terremoto de 1755, su estructura sufri\u00f3 algunos da\u00f1os, un hecho que se volvi\u00f3 a comprobar con el terremoto de 1858, que bastantes estragos caus\u00f3 en Santiago do Cac\u00e9m.<\/p>\n<p>El exterior de la singular torre, adosadas a las casas antiguas de la c\u00e1mara, presenta una arquitectura manierista tard\u00eda, caracterizada por cu\u00f1as y puerta de acceso en aparejo r\u00fastico y estructura vertical desequilibrada.<\/p>\n<p>Su interior se orienta por una escalera dispuesta en torno a un pozo central cuadrado -destinado a los pesos del reloj-, que a continuaci\u00f3n se une a diferentes rellanos, hacia el interior del cimborrio cubierto con la bovedilla de bonete de cl\u00e9rigo.<\/p>\n<p><a href=\"http:\/\/turismo.cm-santiagocacem.pt\/wp-content\/uploads\/7.jpg\" rel=\"attachment wp-att-77\"><img loading=\"lazy\" decoding=\"async\" class=\"alignnone wp-image-77\" src=\"http:\/\/turismo.cm-santiagocacem.pt\/wp-content\/uploads\/7-683x1024.jpg\" alt=\"Torre do Rel\u00f3gio - Santiago do Cac\u00e9m\" width=\"450\" height=\"675\" srcset=\"https:\/\/turismo.cm-santiagocacem.pt\/wp-content\/uploads\/7-683x1024.jpg 683w, https:\/\/turismo.cm-santiagocacem.pt\/wp-content\/uploads\/7-200x300.jpg 200w, https:\/\/turismo.cm-santiagocacem.pt\/wp-content\/uploads\/7-768x1152.jpg 768w, https:\/\/turismo.cm-santiagocacem.pt\/wp-content\/uploads\/7-325x488.jpg 325w\" sizes=\"auto, (max-width: 450px) 100vw, 450px\" \/><\/a><\/p>\n<p>&nbsp;<\/p>\n<h4>Sociedade Harmonia &#8211; Santiago do Cac\u00e9m<\/h4>\n<p>La Sociedade Harmonia fue fundada, entre otros, por Agostinho de Vilhena, por sus hermanos (Francisco y Joaquim), por Cipiriano de Oliveira y Jos\u00e9 Beja da Costa. El primer centro se inaugur\u00f3 en un edificio situado en Largo Alexandre Herculano -antiguo Largo do Barreiro-, el 1 de diciembre de 1847.\u00a0 En la segunda mitad del siglo XIX, la Sociedade Harmonia traslad\u00f3 las instalaciones del emplazamiento al lugar donde se encuentra hoy, a pesar de que esta circunstancia hist\u00f3rica no comparte la unanimidad cronol\u00f3gica entre los autores.<\/p>\n<p>Sin embargo, la referencia m\u00e1s acreditada parece ser una descripci\u00f3n del peri\u00f3dico \u201cMer\u00f3briga\u201d (18-06-1922), que se refiere pomposamente a la colocaci\u00f3n de la primera piedra el 1 de diciembre de 1863 y la inauguraci\u00f3n del edificio en el a\u00f1o 1865, a la que se a\u00f1ade despu\u00e9s la construcci\u00f3n del teatro en 1875.<\/p>\n<p>En el exterior del inmueble se destac\u00f3 la parte frontal de dos cuerpos arquitect\u00f3nicos diferenciados -realzada por una bolsa alusiva a la fundaci\u00f3n del teatro, por una balaustrada con sus urnas y jarrones de cer\u00e1mica y por el \u00f3culo de iluminaci\u00f3n, del marco rayado y se centra en una cabeza le\u00f3n- y el alzado lateral derecho, con sus puertas de vidrios y su terraza alargada, circundada por una elegante barandilla de hierro fundido. En el interior, sobresalen los sillares de azulejos del pasillo, de factura decimon\u00f3nica y la envejecida \u201cSala dos Espelhos\u201d, dependencia decorada con artesonados y espejos de diferentes tama\u00f1os, cabezas de le\u00f3n y guirnaldas de flores, con un evidente aire clasicista.<\/p>\n<p><a href=\"http:\/\/turismo.cm-santiagocacem.pt\/wp-content\/uploads\/8.jpg\" rel=\"attachment wp-att-78\"><img loading=\"lazy\" decoding=\"async\" class=\"alignnone size-full wp-image-78\" src=\"http:\/\/turismo.cm-santiagocacem.pt\/wp-content\/uploads\/8.jpg\" alt=\"Sociedade Harmonia - Santiago do Cac\u00e9m\" width=\"1000\" height=\"665\" srcset=\"https:\/\/turismo.cm-santiagocacem.pt\/wp-content\/uploads\/8.jpg 1000w, https:\/\/turismo.cm-santiagocacem.pt\/wp-content\/uploads\/8-300x200.jpg 300w, https:\/\/turismo.cm-santiagocacem.pt\/wp-content\/uploads\/8-768x511.jpg 768w, https:\/\/turismo.cm-santiagocacem.pt\/wp-content\/uploads\/8-325x216.jpg 325w\" sizes=\"auto, (max-width: 1000px) 100vw, 1000px\" \/><\/a><\/p>\n<h4><\/h4>\n<h4>Palacio y\u00a0Tapada de los Condes de Avillez &#8211; Santiago do Cac\u00e9m<\/h4>\n<p>La construcci\u00f3n del palacio fue realizada en la segunda mitad del siglo XIX, probablemente bajo la direcci\u00f3n del 2.\u00ba de Avilez Jorge de Avilez Jusarte de Sousa Tavares (28-V-1817), o entonces ya al gusto de su hijo Jorge Avilez Salema Jusarte (31-01-1842\/04-12-1901).<\/p>\n<p>La fachada del edificio, la orientaci\u00f3n m\u00e1s interesante del conjunto arquitect\u00f3nico, presenta una divisi\u00f3n en dos registros separados; el primero destaca por poseer m\u00faltiples ventanas y puertas escalonadas alrededor de un cuerpo central vertical (el espacio verticalista de la puerta principal), mientras el segundo descolla por tener varias ventanas de saledizo, con barandilla de hierro fundido El conjunto termina con un platinado corrido, interrumpido por un front\u00f3n curvo donde se observa la piedra de armas de los Condes de Avilez.<\/p>\n<p>El terreno amurallado del palacio, per\u00edmetro cercado entre la barbacana del castillo y la parte trasera del palacio, se transform\u00f3 a su vez en un lugar de ocio y retiro espiritual, entorno que condujo a la creaci\u00f3n de tres muestras arquitect\u00f3nicas interesantes: un peque\u00f1\u00edsimo chalet suizo (la \u201cCasa de Ch\u00e1\u201d), una capilla revivalista y ecl\u00e9ctica y una curiosa construcci\u00f3n triangular, denominada \u201cInvernadero\u201d.<\/p>\n<p>El chalet suizo, de dimensiones extremadamente reducidas, fue construido en los a\u00f1os 20 y 30 del siglo XX, por Jorge Ribeiro de Sousa -ahijado y heredero de la viuda del 3<sup>er<\/sup> conde-, y recibi\u00f3 una planta trilobular y un portal manuelino retirado de las ruinas del castillo, al mismo tiempo que se emparejaba con la construcci\u00f3n del \u201cInvernadero\u201d, de planta triangular y equil\u00e1tera. La capilla privada, construida en 1902 y dedicada al patr\u00f3n S. Jorge, trat\u00f3 de crear la imagen de una peque\u00f1a catedral, con sus altas torres y portal en arco quebrado, a la que se a\u00f1adi\u00f3 un remate de un grupo escult\u00f3rico blasonado con las armas de los Condes de Avilez.<\/p>\n<p><a style=\"line-height: 1.5;\" href=\"http:\/\/turismo.cm-santiagocacem.pt\/wp-content\/uploads\/9.jpg\" rel=\"attachment wp-att-79\"><img loading=\"lazy\" decoding=\"async\" class=\"alignnone size-large wp-image-79\" src=\"http:\/\/turismo.cm-santiagocacem.pt\/wp-content\/uploads\/9-1024x680.jpg\" alt=\" Pal\u00e1cio e Tapada dos Condes de Avillez - Santiago do Cac\u00e9m\" width=\"1024\" height=\"680\" srcset=\"https:\/\/turismo.cm-santiagocacem.pt\/wp-content\/uploads\/9-1024x680.jpg 1024w, https:\/\/turismo.cm-santiagocacem.pt\/wp-content\/uploads\/9-300x199.jpg 300w, https:\/\/turismo.cm-santiagocacem.pt\/wp-content\/uploads\/9-768x510.jpg 768w, https:\/\/turismo.cm-santiagocacem.pt\/wp-content\/uploads\/9-325x216.jpg 325w\" sizes=\"auto, (max-width: 1024px) 100vw, 1024px\" \/><\/a><\/p>\n<p>&nbsp;<\/p>\n<h4>Pal\u00e1cio da Carreira<\/h4>\n<p>El Palacio da Carreira, construido a finales del siglo XVIII, constituye una de las caracter\u00edsticas de las casas solariegas del barroco tard\u00edo del Alentejo, sobresaliendo tanto por sus dimensiones como por la exuberancia decorativa de fachadas e interiores.<\/p>\n<p>Del conjunto arquitect\u00f3nico, que incluye el palacio y los jardines y patios adjuntos, forma parte una de las m\u00e1s ricas colecciones de azulejos del siglo XIX del pa\u00eds. En el interior, los paneles de azulejos se suman a los revestimientos de pinturas murales que combinan un gusto ecl\u00e9ctico caracter\u00edstico del reinado de la reina D.\u00aa Mar\u00eda I con composiciones claramente neocl\u00e1sicas, que aqu\u00ed sustituyen al barroco tard\u00edo.<\/p>\n<p>En lo que respecta a la producci\u00f3n de azulejos, han de mencionarse los paneles del pintor Luis Ferreira, conocido como \u201cFerreira das Tabuletas\u201d, posiblemente elaborados en la F\u00e1brica de Cer\u00e1mica da Vi\u00fava Lamego, en Lisboa. Calificado como Monumento de Inter\u00e9s P\u00fablico.<\/p>\n<p>&nbsp;<\/p>\n<p><a href=\"http:\/\/turismo.cm-santiagocacem.pt\/wp-content\/uploads\/10.jpg\" rel=\"attachment wp-att-80\"><img loading=\"lazy\" decoding=\"async\" class=\"alignnone size-large wp-image-80\" src=\"http:\/\/turismo.cm-santiagocacem.pt\/wp-content\/uploads\/10-1024x680.jpg\" alt=\"Pal\u00e1cio da Carreira\" width=\"1024\" height=\"680\" srcset=\"https:\/\/turismo.cm-santiagocacem.pt\/wp-content\/uploads\/10-1024x680.jpg 1024w, https:\/\/turismo.cm-santiagocacem.pt\/wp-content\/uploads\/10-300x199.jpg 300w, https:\/\/turismo.cm-santiagocacem.pt\/wp-content\/uploads\/10-768x510.jpg 768w, https:\/\/turismo.cm-santiagocacem.pt\/wp-content\/uploads\/10-325x216.jpg 325w\" sizes=\"auto, (max-width: 1024px) 100vw, 1024px\" \/><\/a><\/p>\n<p>Casa Lobo de Vasconcellos<\/p>\n<p>Situada en el centro hist\u00f3rico de la ciudad es conocida por las designaciones de: Casa de Santiago, Casa del Prior, Antigua Casa de la Colegiada o Antigua Casa del Prior Bonifacio Gomes de Carvalho.<\/p>\n<p>Casa noble de ra\u00edz secuestrentista, aunque su configuraci\u00f3n actual se deriva de la reconstrucci\u00f3n despu\u00e9s de haber sido da\u00f1ada tras el terremoto de 1755.<\/p>\n<p><img loading=\"lazy\" decoding=\"async\" class=\"alignnone wp-image-1205 size-full\" src=\"http:\/\/turismo.cm-santiagocacem.pt\/wp-content\/uploads\/CASA-DO-PRIOR.jpg\" alt=\"\" width=\"1000\" height=\"667\" srcset=\"https:\/\/turismo.cm-santiagocacem.pt\/wp-content\/uploads\/CASA-DO-PRIOR.jpg 1000w, https:\/\/turismo.cm-santiagocacem.pt\/wp-content\/uploads\/CASA-DO-PRIOR-300x200.jpg 300w, https:\/\/turismo.cm-santiagocacem.pt\/wp-content\/uploads\/CASA-DO-PRIOR-325x217.jpg 325w\" sizes=\"auto, (max-width: 1000px) 100vw, 1000px\" \/><\/p>\n<p>        <\/div>\n\n        <\/p>\n<p><\/div>\n","protected":false},"excerpt":{"rendered":"","protected":false},"author":2,"featured_media":0,"parent":0,"menu_order":0,"comment_status":"closed","ping_status":"closed","template":"","meta":{"_genesis_hide_title":false,"_genesis_hide_breadcrumbs":false,"_genesis_hide_singular_image":false,"_genesis_hide_footer_widgets":false,"_genesis_custom_body_class":"","_genesis_custom_post_class":"","_genesis_layout":"","footnotes":""},"categories":[53],"tags":[],"class_list":{"0":"post-799","1":"page","2":"type-page","3":"status-publish","5":"category-museos-y-monumentos","6":"entry"},"_links":{"self":[{"href":"https:\/\/turismo.cm-santiagocacem.pt\/es\/wp-json\/wp\/v2\/pages\/799","targetHints":{"allow":["GET"]}}],"collection":[{"href":"https:\/\/turismo.cm-santiagocacem.pt\/es\/wp-json\/wp\/v2\/pages"}],"about":[{"href":"https:\/\/turismo.cm-santiagocacem.pt\/es\/wp-json\/wp\/v2\/types\/page"}],"author":[{"embeddable":true,"href":"https:\/\/turismo.cm-santiagocacem.pt\/es\/wp-json\/wp\/v2\/users\/2"}],"replies":[{"embeddable":true,"href":"https:\/\/turismo.cm-santiagocacem.pt\/es\/wp-json\/wp\/v2\/comments?post=799"}],"version-history":[{"count":2,"href":"https:\/\/turismo.cm-santiagocacem.pt\/es\/wp-json\/wp\/v2\/pages\/799\/revisions"}],"predecessor-version":[{"id":1210,"href":"https:\/\/turismo.cm-santiagocacem.pt\/es\/wp-json\/wp\/v2\/pages\/799\/revisions\/1210"}],"wp:attachment":[{"href":"https:\/\/turismo.cm-santiagocacem.pt\/es\/wp-json\/wp\/v2\/media?parent=799"}],"wp:term":[{"taxonomy":"category","embeddable":true,"href":"https:\/\/turismo.cm-santiagocacem.pt\/es\/wp-json\/wp\/v2\/categories?post=799"},{"taxonomy":"post_tag","embeddable":true,"href":"https:\/\/turismo.cm-santiagocacem.pt\/es\/wp-json\/wp\/v2\/tags?post=799"}],"curies":[{"name":"wp","href":"https:\/\/api.w.org\/{rel}","templated":true}]}}