{"id":805,"date":"2016-08-22T13:37:48","date_gmt":"2016-08-22T11:37:48","guid":{"rendered":"http:\/\/turismo.cm-santiagocacem.pt\/?page_id=805&#038;lang=es"},"modified":"2025-01-21T18:19:30","modified_gmt":"2025-01-21T16:19:30","slug":"itinerarios","status":"publish","type":"page","link":"https:\/\/turismo.cm-santiagocacem.pt\/es\/itinerarios\/","title":{"rendered":"Itinerarios &#038; Senderos"},"content":{"rendered":"<h1><\/h1>\n<h1>INVENTRIP<\/h1>\n<ul>\n<li><a href=\"https:\/\/inventrip.com\/santiagodocacem\/\" target=\"_blank\" rel=\"noopener\">INVENTRIP \u2013 Haga un inventario, planifique y comparta sus viajes<\/a><\/li>\n<\/ul>\n<h1 style=\"text-align: left;\">MAPAS<\/h1>\n<ul style=\"list-style-type: square;\">\n<li><a href=\"http:\/\/turismo.cm-santiagocacem.pt\/wp-content\/uploads\/Mapa-Tur\u00edstico-do-Munic\u00edpio-de-Santiago-do-Cac\u00e9m.pdf\">Mapa tur\u00edstico del Municipio de Santiago do Cac\u00e9m<\/a><\/li>\n<\/ul>\n<h1 style=\"text-align: left;\">ITINERARIO<\/h1>\n<ul>\n<li><a href=\"https:\/\/turismo.cm-santiagocacem.pt\/es\/santiago-do-cacem-itinerario-historico-1-dia\/\">Santiago do Cac\u00e9m \u2013 Itinerario hist\u00f3rico \u2013 1 d\u00eda<\/a><\/li>\n<li><a href=\"https:\/\/turismo.cm-santiagocacem.pt\/es\/itinerario-senior\/\">Santiago do Cac\u00e9m &#8211; Itinerario senior<\/a><\/li>\n<li><a href=\"https:\/\/turismo.cm-santiagocacem.pt\/es\/camino-a-santiago-rutas-por-santiago-do-cacem\/\">Camino a Santiago &#8211; Rutas por Santiago do Cac\u00e9m<\/a><\/li>\n<\/ul>\n<h1 style=\"text-align: left;\">SENDERO<\/h1>\n<ul>\n<li><a href=\"https:\/\/turismo.cm-santiagocacem.pt\/es\/sendero-del-salgueiral-da-galiza\/\">Sendero del Salgueiral da Galiza<\/a><\/li>\n<li><a href=\"http:\/\/www.icnf.pt\/portal\/turnatur\/resource\/docs\/ap\/rnlsas\/casa-peix-esp\">Itinerario de la Casa do peixe<\/a><\/li>\n<\/ul>\n","protected":false},"excerpt":{"rendered":"<p>INVENTRIP INVENTRIP \u2013 Haga un inventario, planifique y comparta sus viajes MAPAS Mapa tur\u00edstico del Municipio de Santiago do Cac\u00e9m ITINERARIO Santiago do Cac\u00e9m \u2013 Itinerario hist\u00f3rico \u2013 1 d\u00eda Santiago do Cac\u00e9m &#8211; Itinerario senior Camino a Santiago &#8211; Rutas por Santiago do Cac\u00e9m SENDERO Sendero del Salgueiral da Galiza Itinerario de la Casa [&hellip;]<\/p>\n","protected":false},"author":2,"featured_media":0,"parent":0,"menu_order":0,"comment_status":"closed","ping_status":"closed","template":"","meta":{"_genesis_hide_title":false,"_genesis_hide_breadcrumbs":false,"_genesis_hide_singular_image":false,"_genesis_hide_footer_widgets":false,"_genesis_custom_body_class":"indice","_genesis_custom_post_class":"","_genesis_layout":"","footnotes":""},"categories":[60],"tags":[],"class_list":{"0":"post-805","1":"page","2":"type-page","3":"status-publish","5":"category-itinerarios","6":"entry"},"_links":{"self":[{"href":"https:\/\/turismo.cm-santiagocacem.pt\/es\/wp-json\/wp\/v2\/pages\/805","targetHints":{"allow":["GET"]}}],"collection":[{"href":"https:\/\/turismo.cm-santiagocacem.pt\/es\/wp-json\/wp\/v2\/pages"}],"about":[{"href":"https:\/\/turismo.cm-santiagocacem.pt\/es\/wp-json\/wp\/v2\/types\/page"}],"author":[{"embeddable":true,"href":"https:\/\/turismo.cm-santiagocacem.pt\/es\/wp-json\/wp\/v2\/users\/2"}],"replies":[{"embeddable":true,"href":"https:\/\/turismo.cm-santiagocacem.pt\/es\/wp-json\/wp\/v2\/comments?post=805"}],"version-history":[{"count":19,"href":"https:\/\/turismo.cm-santiagocacem.pt\/es\/wp-json\/wp\/v2\/pages\/805\/revisions"}],"predecessor-version":[{"id":2679,"href":"https:\/\/turismo.cm-santiagocacem.pt\/es\/wp-json\/wp\/v2\/pages\/805\/revisions\/2679"}],"wp:attachment":[{"href":"https:\/\/turismo.cm-santiagocacem.pt\/es\/wp-json\/wp\/v2\/media?parent=805"}],"wp:term":[{"taxonomy":"category","embeddable":true,"href":"https:\/\/turismo.cm-santiagocacem.pt\/es\/wp-json\/wp\/v2\/categories?post=805"},{"taxonomy":"post_tag","embeddable":true,"href":"https:\/\/turismo.cm-santiagocacem.pt\/es\/wp-json\/wp\/v2\/tags?post=805"}],"curies":[{"name":"wp","href":"https:\/\/api.w.org\/{rel}","templated":true}]}}